{"id":691844,"date":"2025-08-27T14:02:05","date_gmt":"2025-08-27T11:02:05","guid":{"rendered":"https:\/\/roveyayinevi.com.tr\/index.php\/urun\/kacak-maymun\/"},"modified":"2026-04-16T02:02:03","modified_gmt":"2026-04-15T23:02:03","slug":"kacak-maymun","status":"publish","type":"product","link":"https:\/\/roveyayinevi.com.tr\/index.php\/urun\/kacak-maymun\/","title":{"rendered":"Ka\u00e7ak Maymun"},"content":{"rendered":"<p>Bu kitapta ka\u00e7\u0131\u015f ustas\u0131 bir orangutan olan Fu Manchu, h\u0131rs\u0131z kedi Olivia ve yaramaz k\u00f6pek Peggy ile tan\u0131\u015facaks\u0131n\u0131z. Bu hayvanlar\u0131n hepsi inanamayaca\u011f\u0131n\u0131z kadar yaramazlar! Onlar kar\u0131\u015f\u0131kl\u0131\u011fa neden olur ve insanlar\u0131n kalplerinde e\u015fsiz bir yer kazan\u0131rken ger\u00e7ek hayat hikayelerini bu sayfalarda bulacaks\u0131n\u0131z. \ufffcTan\u0131t\u0131m Metni<\/p>\n","protected":false},"excerpt":{"rendered":"<p>Bu kitapta ka\u00e7\u0131\u015f ustas\u0131 bir orangutan olan Fu Manchu, h\u0131rs\u0131z kedi Olivia ve yaramaz k\u00f6pek Peggy ile tan\u0131\u015facaks\u0131n\u0131z. Bu hayvanlar\u0131n hepsi inanamayaca\u011f\u0131n\u0131z kadar yaramazlar! Onlar kar\u0131\u015f\u0131kl\u0131\u011fa<span class=\"excerpt-hellip\"> [\u2026]<\/span><\/p>\n","protected":false},"featured_media":0,"template":"","meta":{"_monsterinsights_skip_tracking":false,"_monsterinsights_sitenote_active":false,"_monsterinsights_sitenote_note":"","_monsterinsights_sitenote_category":0},"product_brand":[],"product_cat":[12492,12274],"product_tag":[],"class_list":{"0":"post-691844","1":"product","2":"type-product","3":"status-publish","5":"product_cat-bilmece-bulmaca","6":"product_cat-cocuk-ve-genclik-kitaplari","7":"pa_tur-kitap","8":"pa_yayinevi-beta-kids","9":"pa_yazar-aline-alexander-newman","11":"first","12":"instock","13":"sale","14":"shipping-taxable","15":"purchasable","16":"product-type-simple"},"_links":{"self":[{"href":"https:\/\/roveyayinevi.com.tr\/index.php\/wp-json\/wp\/v2\/product\/691844","targetHints":{"allow":["GET"]}}],"collection":[{"href":"https:\/\/roveyayinevi.com.tr\/index.php\/wp-json\/wp\/v2\/product"}],"about":[{"href":"https:\/\/roveyayinevi.com.tr\/index.php\/wp-json\/wp\/v2\/types\/product"}],"wp:attachment":[{"href":"https:\/\/roveyayinevi.com.tr\/index.php\/wp-json\/wp\/v2\/media?parent=691844"}],"wp:term":[{"taxonomy":"product_brand","embeddable":true,"href":"https:\/\/roveyayinevi.com.tr\/index.php\/wp-json\/wp\/v2\/product_brand?post=691844"},{"taxonomy":"product_cat","embeddable":true,"href":"https:\/\/roveyayinevi.com.tr\/index.php\/wp-json\/wp\/v2\/product_cat?post=691844"},{"taxonomy":"product_tag","embeddable":true,"href":"https:\/\/roveyayinevi.com.tr\/index.php\/wp-json\/wp\/v2\/product_tag?post=691844"}],"curies":[{"name":"wp","href":"https:\/\/api.w.org\/{rel}","templated":true}]}}