{"id":691834,"date":"2025-08-27T14:00:53","date_gmt":"2025-08-27T11:00:53","guid":{"rendered":"https:\/\/roveyayinevi.com.tr\/index.php\/urun\/imgeler-nasil-dusunur\/"},"modified":"2026-04-16T02:02:02","modified_gmt":"2026-04-15T23:02:02","slug":"imgeler-nasil-dusunur","status":"publish","type":"product","link":"https:\/\/roveyayinevi.com.tr\/index.php\/urun\/imgeler-nasil-dusunur\/","title":{"rendered":"\u0130mgeler Nas\u0131l D\u00fc\u015f\u00fcn\u00fcr?"},"content":{"rendered":"<p>Dijital imgeler ba\u015fta televizyon ve internet olmak \u00fczere sinema filmlerinden video oyunlar\u0131na, foto\u011fraftan animasyonlara ileti\u015fim ortamlar\u0131n\u0131n ayr\u0131lmaz par\u00e7as\u0131 haline geldi. Dijitalle\u015fme, farkl\u0131 bir insan ili\u015fkisi ve topluluk bi\u00e7imi ortaya \u00e7\u0131kararak, bir anlamda yeni bir sosyoloji do\u011furmu\u015f oldu. \u0130mge teknolojilerine o kadar fazla zek\u00e2 y\u00fcklenmi\u015f durumda ki, s\u0131k s\u0131k imgelerin   d\u00fc\u015f\u00fcnd\u00fc\u011f\u00fc   hissine kap\u0131l\u0131yoruz. <\/p>\n","protected":false},"excerpt":{"rendered":"<p>Dijital imgeler ba\u015fta televizyon ve internet olmak \u00fczere sinema filmlerinden video oyunlar\u0131na, foto\u011fraftan animasyonlara ileti\u015fim ortamlar\u0131n\u0131n ayr\u0131lmaz par\u00e7as\u0131 haline geldi. Dijitalle\u015fme, farkl\u0131 bir insan ili\u015fkisi ve<span class=\"excerpt-hellip\"> [\u2026]<\/span><\/p>\n","protected":false},"featured_media":0,"template":"","meta":{"_monsterinsights_skip_tracking":false,"_monsterinsights_sitenote_active":false,"_monsterinsights_sitenote_note":"","_monsterinsights_sitenote_category":0},"product_brand":[],"product_cat":[19373,12408],"product_tag":[],"class_list":{"0":"post-691834","1":"product","2":"type-product","3":"status-publish","5":"product_cat-grafik-sanatlar","6":"product_cat-sanat","7":"pa_cilt-ciltsiz","8":"pa_tur-kitap","9":"pa_yayinevi-metis-yayinlari","10":"pa_yazar-ron-burnett","12":"first","13":"instock","14":"sale","15":"shipping-taxable","16":"purchasable","17":"product-type-simple"},"_links":{"self":[{"href":"https:\/\/roveyayinevi.com.tr\/index.php\/wp-json\/wp\/v2\/product\/691834","targetHints":{"allow":["GET"]}}],"collection":[{"href":"https:\/\/roveyayinevi.com.tr\/index.php\/wp-json\/wp\/v2\/product"}],"about":[{"href":"https:\/\/roveyayinevi.com.tr\/index.php\/wp-json\/wp\/v2\/types\/product"}],"wp:attachment":[{"href":"https:\/\/roveyayinevi.com.tr\/index.php\/wp-json\/wp\/v2\/media?parent=691834"}],"wp:term":[{"taxonomy":"product_brand","embeddable":true,"href":"https:\/\/roveyayinevi.com.tr\/index.php\/wp-json\/wp\/v2\/product_brand?post=691834"},{"taxonomy":"product_cat","embeddable":true,"href":"https:\/\/roveyayinevi.com.tr\/index.php\/wp-json\/wp\/v2\/product_cat?post=691834"},{"taxonomy":"product_tag","embeddable":true,"href":"https:\/\/roveyayinevi.com.tr\/index.php\/wp-json\/wp\/v2\/product_tag?post=691834"}],"curies":[{"name":"wp","href":"https:\/\/api.w.org\/{rel}","templated":true}]}}