{"id":691833,"date":"2025-08-27T14:00:53","date_gmt":"2025-08-27T11:00:53","guid":{"rendered":"https:\/\/roveyayinevi.com.tr\/index.php\/urun\/her-cikisin-bir-inisi-vardir\/"},"modified":"2026-02-03T02:03:04","modified_gmt":"2026-02-02T23:03:04","slug":"her-cikisin-bir-inisi-vardir","status":"publish","type":"product","link":"https:\/\/roveyayinevi.com.tr\/index.php\/urun\/her-cikisin-bir-inisi-vardir\/","title":{"rendered":"Her \u00c7\u0131k\u0131\u015f\u0131n Bir \u0130ni\u015fi Vard\u0131r"},"content":{"rendered":"<p>Flannery O\u2019Connor\u2019dan daha \u00f6nce yay\u0131mlad\u0131\u011f\u0131m\u0131z \u0130yi \u0130nsan Bulmak Zor \u00e7ok sevildi. \u015eimdi de yazar\u0131n \u00f6l\u00fcm\u00fcnden sonra yay\u0131mlanm\u0131\u015f ikinci \u00f6yk\u00fc kitab\u0131na yer veriyoruz Metis Edebiyat\u2019ta: Her \u00c7\u0131k\u0131\u015f\u0131n Bir \u0130ni\u015fi Vard\u0131r\u2019da yine dokuz g\u00fczel \u00f6yk\u00fc var. Karakterlerin hepsi insani zaaflardan fazlas\u0131yla nasibini alm\u0131\u015f saplant\u0131l\u0131 tipler: Kimi erdemli olmay\u0131, kimi iyilik yaparak ba\u015fkalar\u0131n\u0131 kurtarmay\u0131 , kimi de\u011fi\u015fime ve ilerlemeye ayak uydurmay\u0131, baz\u0131lar\u0131 da \u0131rk\u00e7\u0131l\u0131k gibi sosyal sorunlar\u0131 dert edinmi\u015f ya da \u00f6l\u00fcme kafay\u0131 takm\u0131\u015f insanlar. O\u2019Connor bu karakterlerin kendilerini i\u00e7ine d\u00fc\u015f\u00fcrd\u00fckleri durumlar\u0131 tasvir ederken, anlat\u0131 kazan\u0131na bolca ironi, epeyce gerilim, biraz trajedi, bir \u00e7imdik de komedi kat\u0131yor. B\u00f6ylece, evet hayli karanl\u0131k, ama okumas\u0131 keyifli \u00f6yk\u00fcler \u00e7\u0131k\u0131yor ortaya. \ufffcTan\u0131t\u0131m Metni<\/p>\n","protected":false},"excerpt":{"rendered":"<p>Flannery O\u2019Connor\u2019dan daha \u00f6nce yay\u0131mlad\u0131\u011f\u0131m\u0131z \u0130yi \u0130nsan Bulmak Zor \u00e7ok sevildi. \u015eimdi de yazar\u0131n \u00f6l\u00fcm\u00fcnden sonra yay\u0131mlanm\u0131\u015f ikinci \u00f6yk\u00fc kitab\u0131na yer veriyoruz Metis Edebiyat\u2019ta: Her \u00c7\u0131k\u0131\u015f\u0131n<span class=\"excerpt-hellip\"> [\u2026]<\/span><\/p>\n","protected":false},"featured_media":0,"template":"","meta":{"_monsterinsights_skip_tracking":false,"_monsterinsights_sitenote_active":false,"_monsterinsights_sitenote_note":"","_monsterinsights_sitenote_category":0},"product_brand":[],"product_cat":[12291,12711],"product_tag":[],"class_list":{"0":"post-691833","1":"product","2":"type-product","3":"status-publish","5":"product_cat-edebiyat","6":"product_cat-roman-oyku","7":"pa_cilt-ciltsiz","8":"pa_tur-kitap","9":"pa_yayinevi-metis-yayinlari","10":"pa_yazar-flannery-oconnor","12":"first","13":"instock","14":"sale","15":"shipping-taxable","16":"purchasable","17":"product-type-simple"},"_links":{"self":[{"href":"https:\/\/roveyayinevi.com.tr\/index.php\/wp-json\/wp\/v2\/product\/691833","targetHints":{"allow":["GET"]}}],"collection":[{"href":"https:\/\/roveyayinevi.com.tr\/index.php\/wp-json\/wp\/v2\/product"}],"about":[{"href":"https:\/\/roveyayinevi.com.tr\/index.php\/wp-json\/wp\/v2\/types\/product"}],"wp:attachment":[{"href":"https:\/\/roveyayinevi.com.tr\/index.php\/wp-json\/wp\/v2\/media?parent=691833"}],"wp:term":[{"taxonomy":"product_brand","embeddable":true,"href":"https:\/\/roveyayinevi.com.tr\/index.php\/wp-json\/wp\/v2\/product_brand?post=691833"},{"taxonomy":"product_cat","embeddable":true,"href":"https:\/\/roveyayinevi.com.tr\/index.php\/wp-json\/wp\/v2\/product_cat?post=691833"},{"taxonomy":"product_tag","embeddable":true,"href":"https:\/\/roveyayinevi.com.tr\/index.php\/wp-json\/wp\/v2\/product_tag?post=691833"}],"curies":[{"name":"wp","href":"https:\/\/api.w.org\/{rel}","templated":true}]}}