{"id":691831,"date":"2025-08-27T14:00:52","date_gmt":"2025-08-27T11:00:52","guid":{"rendered":"https:\/\/roveyayinevi.com.tr\/index.php\/urun\/gunluk-yasamda-benligin-sunumu\/"},"modified":"2026-04-07T02:06:00","modified_gmt":"2026-04-06T23:06:00","slug":"gunluk-yasamda-benligin-sunumu","status":"publish","type":"product","link":"https:\/\/roveyayinevi.com.tr\/index.php\/urun\/gunluk-yasamda-benligin-sunumu\/","title":{"rendered":"G\u00fcnl\u00fck Ya\u015famda Benli\u011fin Sunumu"},"content":{"rendered":"<p>T\u00fcm zaaflar\u0131, kayg\u0131lar\u0131, hinli\u011fi, oyunbazl\u0131\u011f\u0131, k\u0131saca t\u00fcm insanl\u0131\u011f\u0131yla insan\u0131 ele alan k\u0131\u015fk\u0131rt\u0131c\u0131 bir kitap: G\u00fcnl\u00fck Ya\u015famda Benli\u011fin Sunumu. 1950\u2019lerde yaz\u0131lm\u0131\u015f olmas\u0131na ra\u011fmen tazeli\u011fini koruyan, dahas\u0131 performans kavram\u0131n\u0131n g\u00fcn\u00fcm\u00fcz sosyal bilimlerinde ciddi bir \u00e7\u00f6z\u00fcmleme arac\u0131 haline gelmesiyle birlikte \u00f6zel bir g\u00fcncellik de kazanan bir klasik. Erving Goffman farkl\u0131 k\u00fclt\u00fcrlere de uzanan titiz bir ara\u015ft\u0131rman\u0131n \u00fcr\u00fcnlerini ince bir d\u00fc\u015f\u00fcnce s\u00fczgecinden ge\u00e7irerek, b\u00fcy\u00fck bir tarafs\u0131zl\u0131kla sunuyor bizlere; insanlar\u0131n birbirleriyle etkile\u015fimlerini ve insanl\u0131k hallerini yarg\u0131lamaks\u0131z\u0131n g\u00f6zler \u00f6n\u00fcne sermeyi, irdelemeyi, anlamay\u0131 hedefliyor. \ufffcTan\u0131t\u0131m Metni<\/p>\n","protected":false},"excerpt":{"rendered":"<p>T\u00fcm zaaflar\u0131, kayg\u0131lar\u0131, hinli\u011fi, oyunbazl\u0131\u011f\u0131, k\u0131saca t\u00fcm insanl\u0131\u011f\u0131yla insan\u0131 ele alan k\u0131\u015fk\u0131rt\u0131c\u0131 bir kitap: G\u00fcnl\u00fck Ya\u015famda Benli\u011fin Sunumu. 1950\u2019lerde yaz\u0131lm\u0131\u015f olmas\u0131na ra\u011fmen tazeli\u011fini koruyan, dahas\u0131 performans<span class=\"excerpt-hellip\"> [\u2026]<\/span><\/p>\n","protected":false},"featured_media":0,"template":"","meta":{"_monsterinsights_skip_tracking":false,"_monsterinsights_sitenote_active":false,"_monsterinsights_sitenote_note":"","_monsterinsights_sitenote_category":0},"product_brand":[],"product_cat":[12364,12376],"product_tag":[],"class_list":{"0":"post-691831","1":"product","2":"type-product","3":"status-publish","5":"product_cat-genel-konular","6":"product_cat-kisisel-gelisim","7":"pa_cilt-ciltsiz","8":"pa_tur-kitap","9":"pa_yayinevi-metis-yayinlari","10":"pa_yazar-erving-goffman","12":"first","13":"instock","14":"sale","15":"shipping-taxable","16":"purchasable","17":"product-type-simple"},"_links":{"self":[{"href":"https:\/\/roveyayinevi.com.tr\/index.php\/wp-json\/wp\/v2\/product\/691831","targetHints":{"allow":["GET"]}}],"collection":[{"href":"https:\/\/roveyayinevi.com.tr\/index.php\/wp-json\/wp\/v2\/product"}],"about":[{"href":"https:\/\/roveyayinevi.com.tr\/index.php\/wp-json\/wp\/v2\/types\/product"}],"wp:attachment":[{"href":"https:\/\/roveyayinevi.com.tr\/index.php\/wp-json\/wp\/v2\/media?parent=691831"}],"wp:term":[{"taxonomy":"product_brand","embeddable":true,"href":"https:\/\/roveyayinevi.com.tr\/index.php\/wp-json\/wp\/v2\/product_brand?post=691831"},{"taxonomy":"product_cat","embeddable":true,"href":"https:\/\/roveyayinevi.com.tr\/index.php\/wp-json\/wp\/v2\/product_cat?post=691831"},{"taxonomy":"product_tag","embeddable":true,"href":"https:\/\/roveyayinevi.com.tr\/index.php\/wp-json\/wp\/v2\/product_tag?post=691831"}],"curies":[{"name":"wp","href":"https:\/\/api.w.org\/{rel}","templated":true}]}}