{"id":691830,"date":"2025-08-27T14:00:52","date_gmt":"2025-08-27T11:00:52","guid":{"rendered":"https:\/\/roveyayinevi.com.tr\/index.php\/urun\/goz-ve-tin\/"},"modified":"2026-04-16T02:02:02","modified_gmt":"2026-04-15T23:02:02","slug":"goz-ve-tin","status":"publish","type":"product","link":"https:\/\/roveyayinevi.com.tr\/index.php\/urun\/goz-ve-tin\/","title":{"rendered":"G\u00f6z ve Tin"},"content":{"rendered":"<p>G\u00f6z ve Tin, Merleau-Ponty\u2019nin iki-\u00fc\u00e7 ayl\u0131\u011f\u0131na Provence k\u0131rlar\u0131na, Tholonet\u2019ye gitti\u011fi g\u00fcnlerde yazd\u0131\u011f\u0131 ve hayattayken bitirebildi\u011fi son metnidir. Tholonet, Cezanne\u2019\u0131n da \u00e7ok sevdi\u011fi ve bir\u00e7ok resmine konu olmu\u015f, insana yerle\u015fip ya\u015famak i\u00e7in yarat\u0131lm\u0131\u015f duygusunu veren \u00e7ok g\u00fczel bir yerdir. Yazar buradaki g\u00fcnlerinin keyfini \u00e7\u0131kararak, ama bir yandan da C\u00e9zanne\u2019\u0131n g\u00f6zlerinin izini sonsuza dek ta\u015f\u0131yan Tholonet manzaras\u0131 kar\u015f\u0131s\u0131nda, resmi ve g\u00f6rme yi yeni ba\u015ftan ve en zor metinlerinde biri olan G\u00f6z ve Tin\u2019de filozof, ba\u015flang\u0131\u00e7taki, en ba\u015ftaki kelimeleri aramaya koyulur: \u00f6rne\u011fin v\u00fccudun g\u00f6rme sini, insan v\u00fccudunun mucizesini meydana getiren \u015feyi, insan v\u00fccudunun a\u00e7\u0131klanamaz canl\u0131l\u0131\u011f\u0131n\u0131 adland\u0131rmaya muktedir kelimeleri..ve tabii ayn\u0131 zamanda bu mucizenin k\u0131r\u0131lganl\u0131\u011f\u0131n\u0131 dile getirebilecek kelimeleri.. \ufffcTan\u0131t\u0131m Metni<\/p>\n","protected":false},"excerpt":{"rendered":"<p>G\u00f6z ve Tin, Merleau-Ponty\u2019nin iki-\u00fc\u00e7 ayl\u0131\u011f\u0131na Provence k\u0131rlar\u0131na, Tholonet\u2019ye gitti\u011fi g\u00fcnlerde yazd\u0131\u011f\u0131 ve hayattayken bitirebildi\u011fi son metnidir. Tholonet, Cezanne\u2019\u0131n da \u00e7ok sevdi\u011fi ve bir\u00e7ok resmine konu<span class=\"excerpt-hellip\"> [\u2026]<\/span><\/p>\n","protected":false},"featured_media":0,"template":"","meta":{"_monsterinsights_skip_tracking":false,"_monsterinsights_sitenote_active":false,"_monsterinsights_sitenote_note":"","_monsterinsights_sitenote_category":0},"product_brand":[],"product_cat":[12388,14717],"product_tag":[],"class_list":{"0":"post-691830","1":"product","2":"type-product","3":"status-publish","5":"product_cat-felsefe","6":"product_cat-felsefe-tarihi","7":"pa_cilt-ciltsiz","8":"pa_tur-kitap","9":"pa_yayinevi-metis-yayinlari","10":"pa_yazar-maurice-merleau-ponty","12":"first","13":"instock","14":"sale","15":"shipping-taxable","16":"purchasable","17":"product-type-simple"},"_links":{"self":[{"href":"https:\/\/roveyayinevi.com.tr\/index.php\/wp-json\/wp\/v2\/product\/691830","targetHints":{"allow":["GET"]}}],"collection":[{"href":"https:\/\/roveyayinevi.com.tr\/index.php\/wp-json\/wp\/v2\/product"}],"about":[{"href":"https:\/\/roveyayinevi.com.tr\/index.php\/wp-json\/wp\/v2\/types\/product"}],"wp:attachment":[{"href":"https:\/\/roveyayinevi.com.tr\/index.php\/wp-json\/wp\/v2\/media?parent=691830"}],"wp:term":[{"taxonomy":"product_brand","embeddable":true,"href":"https:\/\/roveyayinevi.com.tr\/index.php\/wp-json\/wp\/v2\/product_brand?post=691830"},{"taxonomy":"product_cat","embeddable":true,"href":"https:\/\/roveyayinevi.com.tr\/index.php\/wp-json\/wp\/v2\/product_cat?post=691830"},{"taxonomy":"product_tag","embeddable":true,"href":"https:\/\/roveyayinevi.com.tr\/index.php\/wp-json\/wp\/v2\/product_tag?post=691830"}],"curies":[{"name":"wp","href":"https:\/\/api.w.org\/{rel}","templated":true}]}}