{"id":691826,"date":"2025-08-27T14:00:51","date_gmt":"2025-08-27T11:00:51","guid":{"rendered":"https:\/\/roveyayinevi.com.tr\/index.php\/urun\/ve-yuzlerimiz-kalbim-fotograflar-kadar-kisa-omurlu\/"},"modified":"2026-04-16T02:02:02","modified_gmt":"2026-04-15T23:02:02","slug":"ve-yuzlerimiz-kalbim-fotograflar-kadar-kisa-omurlu","status":"publish","type":"product","link":"https:\/\/roveyayinevi.com.tr\/index.php\/urun\/ve-yuzlerimiz-kalbim-fotograflar-kadar-kisa-omurlu\/","title":{"rendered":"Ve Y\u00fczlerimiz, Kalbim, Foto\u011fraflar Kadar K\u0131sa \u00d6m\u00fcrl\u00fc"},"content":{"rendered":"<p>Bir gece Bosna\u2019da, Prijedor yak\u0131nlar\u0131ndaki k\u0131rlarda y\u00fcr\u00fcrken, otlar\u0131n i\u00e7inde \u0131\u015f\u0131\u011f\u0131 amber ye\u015fili, kimsesiz bir ate\u015fb\u00f6ce\u011fi buldum. Yerden al\u0131p parma\u011f\u0131m\u0131n \u00fcst\u00fcne koydum, o da bir y\u00fcz\u00fc\u011fe oyulu elektrikli bir opal gibi \u0131\u015f\u0131lday\u0131p durdu. Eve yakla\u015ft\u0131\u011f\u0131mda, \u00f6b\u00fcr \u0131\u015f\u0131klarla yar\u0131\u015famad\u0131 ve \u0131\u015f\u0131\u011f\u0131n\u0131 s\u00f6nd\u00fcrd\u00fc.  Sonra onu yatak odas\u0131nda \u00e7ekmeceli bir dolab\u0131n \u00fcst\u00fcnde duran birka\u00e7 yapra\u011f\u0131n i\u00e7ine b\u0131rakt\u0131m. I\u015f\u0131\u011f\u0131 s\u00f6nd\u00fcr\u00fcnce, tekrar \u0131\u015f\u0131ldamaya ba\u015flad\u0131. Tuvalet masas\u0131n\u0131n aynas\u0131 tam pencerenin kar\u015f\u0131s\u0131ndayd\u0131. Yan yat\u0131nca aynada g\u00f6rd\u00fc\u011f\u00fcm bir y\u0131ld\u0131z ve onun hemen alt\u0131nda dolab\u0131n \u00fcst\u00fcnde duran ate\u015fb\u00f6ce\u011fi oluyordu. Aralar\u0131ndaki tek fark ate\u015fb\u00f6ce\u011finin \u0131\u015f\u0131\u011f\u0131n\u0131n daha ye\u015fil, daha donuk ve daha uzak olmas\u0131yd\u0131.  John Berger Ge\u00e7en zaman ve bu zaman\u0131n ge\u00e7ti\u011fi mek\u00e2n \u00fczerine yaz\u0131lm\u0131\u015f bu \u015fa\u015f\u0131rt\u0131c\u0131 yal\u0131nl\u0131ktaki kitap John Berger\u2019\u0131n bir yazar olarak ya\u015fam\u0131 hakk\u0131nda en \u00e7ok ipucu ta\u015f\u0131yan kitab\u0131d\u0131r: Berger\u2019\u0131 Berger yapan o ilgili dikkat, g\u00f6r\u00fcn\u00fcr d\u00fcnyaya, arkada\u015flara, hayattakilere ve \u00f6lm\u00fc\u015flere, dile ve yarat\u0131c\u0131l\u0131\u011fa y\u00f6nelen dikkat, d\u00fcnyaya duydu\u011fu derin sevgi, bizce en yo\u011fun ifadesini bu kitapta buluyor. <\/p>\n","protected":false},"excerpt":{"rendered":"<p>Bir gece Bosna\u2019da, Prijedor yak\u0131nlar\u0131ndaki k\u0131rlarda y\u00fcr\u00fcrken, otlar\u0131n i\u00e7inde \u0131\u015f\u0131\u011f\u0131 amber ye\u015fili, kimsesiz bir ate\u015fb\u00f6ce\u011fi buldum. Yerden al\u0131p parma\u011f\u0131m\u0131n \u00fcst\u00fcne koydum, o da bir y\u00fcz\u00fc\u011fe oyulu<span class=\"excerpt-hellip\"> [\u2026]<\/span><\/p>\n","protected":false},"featured_media":0,"template":"","meta":{"_monsterinsights_skip_tracking":false,"_monsterinsights_sitenote_active":false,"_monsterinsights_sitenote_note":"","_monsterinsights_sitenote_category":0},"product_brand":[],"product_cat":[12291,12866],"product_tag":[],"class_list":{"0":"post-691826","1":"product","2":"type-product","3":"status-publish","5":"product_cat-edebiyat","6":"product_cat-ingiliz-edebiyati","7":"pa_cilt-ciltsiz","8":"pa_tur-kitap","9":"pa_yayinevi-metis-yayinlari","10":"pa_yazar-john-berger","12":"first","13":"instock","14":"sale","15":"shipping-taxable","16":"purchasable","17":"product-type-simple"},"_links":{"self":[{"href":"https:\/\/roveyayinevi.com.tr\/index.php\/wp-json\/wp\/v2\/product\/691826","targetHints":{"allow":["GET"]}}],"collection":[{"href":"https:\/\/roveyayinevi.com.tr\/index.php\/wp-json\/wp\/v2\/product"}],"about":[{"href":"https:\/\/roveyayinevi.com.tr\/index.php\/wp-json\/wp\/v2\/types\/product"}],"wp:attachment":[{"href":"https:\/\/roveyayinevi.com.tr\/index.php\/wp-json\/wp\/v2\/media?parent=691826"}],"wp:term":[{"taxonomy":"product_brand","embeddable":true,"href":"https:\/\/roveyayinevi.com.tr\/index.php\/wp-json\/wp\/v2\/product_brand?post=691826"},{"taxonomy":"product_cat","embeddable":true,"href":"https:\/\/roveyayinevi.com.tr\/index.php\/wp-json\/wp\/v2\/product_cat?post=691826"},{"taxonomy":"product_tag","embeddable":true,"href":"https:\/\/roveyayinevi.com.tr\/index.php\/wp-json\/wp\/v2\/product_tag?post=691826"}],"curies":[{"name":"wp","href":"https:\/\/api.w.org\/{rel}","templated":true}]}}