{"id":691825,"date":"2025-08-27T14:00:51","date_gmt":"2025-08-27T11:00:51","guid":{"rendered":"https:\/\/roveyayinevi.com.tr\/index.php\/urun\/delikanli-3\/"},"modified":"2026-04-16T02:02:02","modified_gmt":"2026-04-15T23:02:02","slug":"delikanli-3","status":"publish","type":"product","link":"https:\/\/roveyayinevi.com.tr\/index.php\/urun\/delikanli-3\/","title":{"rendered":"Delikanl\u0131"},"content":{"rendered":"<p>Dostoyevski, insan\u0131n i\u00e7 \u00e7at\u0131\u015fmalar\u0131n\u0131n, tinsel hesapla\u015fman\u0131n romanc\u0131s\u0131 olarak bilinir. Delikanl\u0131 daysa k\u00fclt\u00fcr ve ideolojinin tindeki etkileriyle hesapla\u015f\u0131p \u00e7a\u011fda\u015f insan olabilmenin kavgas\u0131n\u0131 veriyor. \u0130nsanlar belli bir k\u00fclt\u00fcr ve ideolojinin i\u00e7ine do\u011farlar, onunla ko\u015fullan\u0131rlar, ama b\u00f6ylece kurulan benlik, ilerleme alan\u0131nda bir ku\u015fat\u0131lm\u0131\u015fl\u0131kt\u0131r. Oysa insan hep ilerlemek istiyor. \u0130lerlemek, y\u00fckselmek, g\u00fc\u00e7lenmek her insan\u0131n do\u011fal ufku. Bu ufukta \u00f6zg\u00fcrle\u015febilmek i\u00e7in ku\u015fat\u0131lm\u0131\u015fl\u0131\u011f\u0131 k\u0131rmak gerek. \u0130nsan erginli\u011fin e\u015fi\u011finde bu i\u00e7 hesapla\u015fmay\u0131 yapmak zorunda. Bu bak\u0131mdan, delikanl\u0131, her ulustan delikanl\u0131lar\u0131n kimlik olu\u015fturmas\u0131n\u0131n k\u0131lavuzu. Bu \u00f6nemli roman\u0131 Metin \u0130lkin\u2019in T\u00fcrk\u00e7esinden sunmakla gurur duyuyoruz. \ufffcTan\u0131t\u0131m Metni<\/p>\n","protected":false},"excerpt":{"rendered":"<p>Dostoyevski, insan\u0131n i\u00e7 \u00e7at\u0131\u015fmalar\u0131n\u0131n, tinsel hesapla\u015fman\u0131n romanc\u0131s\u0131 olarak bilinir. Delikanl\u0131 daysa k\u00fclt\u00fcr ve ideolojinin tindeki etkileriyle hesapla\u015f\u0131p \u00e7a\u011fda\u015f insan olabilmenin kavgas\u0131n\u0131 veriyor. \u0130nsanlar belli bir k\u00fclt\u00fcr<span class=\"excerpt-hellip\"> [\u2026]<\/span><\/p>\n","protected":false},"featured_media":0,"template":"","meta":{"_monsterinsights_skip_tracking":false,"_monsterinsights_sitenote_active":false,"_monsterinsights_sitenote_note":"","_monsterinsights_sitenote_category":0},"product_brand":[],"product_cat":[12291,13570],"product_tag":[],"class_list":{"0":"post-691825","1":"product","2":"type-product","3":"status-publish","5":"product_cat-edebiyat","6":"product_cat-rus-edebiyati","7":"pa_tur-kitap","8":"pa_yayinevi-oda-yayinlari","9":"pa_yazar-fyodor-mihaylovic-dostoyevski","11":"first","12":"instock","13":"sale","14":"shipping-taxable","15":"purchasable","16":"product-type-simple"},"_links":{"self":[{"href":"https:\/\/roveyayinevi.com.tr\/index.php\/wp-json\/wp\/v2\/product\/691825","targetHints":{"allow":["GET"]}}],"collection":[{"href":"https:\/\/roveyayinevi.com.tr\/index.php\/wp-json\/wp\/v2\/product"}],"about":[{"href":"https:\/\/roveyayinevi.com.tr\/index.php\/wp-json\/wp\/v2\/types\/product"}],"wp:attachment":[{"href":"https:\/\/roveyayinevi.com.tr\/index.php\/wp-json\/wp\/v2\/media?parent=691825"}],"wp:term":[{"taxonomy":"product_brand","embeddable":true,"href":"https:\/\/roveyayinevi.com.tr\/index.php\/wp-json\/wp\/v2\/product_brand?post=691825"},{"taxonomy":"product_cat","embeddable":true,"href":"https:\/\/roveyayinevi.com.tr\/index.php\/wp-json\/wp\/v2\/product_cat?post=691825"},{"taxonomy":"product_tag","embeddable":true,"href":"https:\/\/roveyayinevi.com.tr\/index.php\/wp-json\/wp\/v2\/product_tag?post=691825"}],"curies":[{"name":"wp","href":"https:\/\/api.w.org\/{rel}","templated":true}]}}