{"id":691823,"date":"2025-08-27T14:00:51","date_gmt":"2025-08-27T11:00:51","guid":{"rendered":"https:\/\/roveyayinevi.com.tr\/index.php\/urun\/cimri-4\/"},"modified":"2026-04-16T02:02:02","modified_gmt":"2026-04-15T23:02:02","slug":"cimri-4","status":"publish","type":"product","link":"https:\/\/roveyayinevi.com.tr\/index.php\/urun\/cimri-4\/","title":{"rendered":"Cimri"},"content":{"rendered":"<p>Oyun ki\u015filerini on yedinci y\u00fczy\u0131l Fransas\u0131\u2019n\u0131n burjuva ve aristokrat \u00e7evrelerinden se\u00e7en Moliere, &#8220;Cimri&#8221; adl\u0131 yap\u0131t\u0131nda, tefecilik yaparak servet edinen bir tip olan alt\u0131n d\u00fc\u015fk\u00fcn\u00fc Harpagon\u2019un ki\u015fili\u011finde &#8220;\u0130nsan\u0131n ger\u00e7ek do\u011fas\u0131&#8221;na e\u011filiyor. &#8220;Tiyatro sahnesindeki ki\u015filerin halka tutulmu\u015f bir ayna oldu\u011funu&#8221; s\u00f6yleyen Moliere, &#8220;Cimri&#8221;de aynas\u0131n\u0131n s\u0131n\u0131rlar\u0131n\u0131 evrensel olana a\u00e7\u0131p g\u00fclt\u00fcren bir karapinti karikat\u00fcr\u00fc \u00e7iziyor.\ufffc<\/p>\n","protected":false},"excerpt":{"rendered":"<p>Oyun ki\u015filerini on yedinci y\u00fczy\u0131l Fransas\u0131\u2019n\u0131n burjuva ve aristokrat \u00e7evrelerinden se\u00e7en Moliere, &#8220;Cimri&#8221; adl\u0131 yap\u0131t\u0131nda, tefecilik yaparak servet edinen bir tip olan alt\u0131n d\u00fc\u015fk\u00fcn\u00fc Harpagon\u2019un ki\u015fili\u011finde<span class=\"excerpt-hellip\"> [\u2026]<\/span><\/p>\n","protected":false},"featured_media":0,"template":"","meta":{"_monsterinsights_skip_tracking":false,"_monsterinsights_sitenote_active":false,"_monsterinsights_sitenote_note":"","_monsterinsights_sitenote_category":0},"product_brand":[],"product_cat":[12291,12332],"product_tag":[],"class_list":{"0":"post-691823","1":"product","2":"type-product","3":"status-publish","5":"product_cat-edebiyat","6":"product_cat-senaryo","7":"pa_cilt-ciltsiz","8":"pa_tur-kitap","9":"pa_yayinevi-oda-yayinlari","10":"pa_yazar-jean-baptiste-poquelin-moliere","12":"first","13":"instock","14":"sale","15":"shipping-taxable","16":"purchasable","17":"product-type-simple"},"_links":{"self":[{"href":"https:\/\/roveyayinevi.com.tr\/index.php\/wp-json\/wp\/v2\/product\/691823","targetHints":{"allow":["GET"]}}],"collection":[{"href":"https:\/\/roveyayinevi.com.tr\/index.php\/wp-json\/wp\/v2\/product"}],"about":[{"href":"https:\/\/roveyayinevi.com.tr\/index.php\/wp-json\/wp\/v2\/types\/product"}],"wp:attachment":[{"href":"https:\/\/roveyayinevi.com.tr\/index.php\/wp-json\/wp\/v2\/media?parent=691823"}],"wp:term":[{"taxonomy":"product_brand","embeddable":true,"href":"https:\/\/roveyayinevi.com.tr\/index.php\/wp-json\/wp\/v2\/product_brand?post=691823"},{"taxonomy":"product_cat","embeddable":true,"href":"https:\/\/roveyayinevi.com.tr\/index.php\/wp-json\/wp\/v2\/product_cat?post=691823"},{"taxonomy":"product_tag","embeddable":true,"href":"https:\/\/roveyayinevi.com.tr\/index.php\/wp-json\/wp\/v2\/product_tag?post=691823"}],"curies":[{"name":"wp","href":"https:\/\/api.w.org\/{rel}","templated":true}]}}