{"id":691818,"date":"2025-08-27T14:00:49","date_gmt":"2025-08-27T11:00:49","guid":{"rendered":"https:\/\/roveyayinevi.com.tr\/index.php\/urun\/bizim-dunyamiz\/"},"modified":"2026-04-16T02:02:02","modified_gmt":"2026-04-15T23:02:02","slug":"bizim-dunyamiz","status":"publish","type":"product","link":"https:\/\/roveyayinevi.com.tr\/index.php\/urun\/bizim-dunyamiz\/","title":{"rendered":"Bizim D\u00fcnyam\u0131z"},"content":{"rendered":"<p>K\u00fc\u00e7\u00fck K\u00e2\u015fiflerimizle D\u00fcnyam\u0131z\u0131 Ke\u015ffedin! Dev bulmaca par\u00e7alar\u0131 gibi g\u00f6r\u00fcnen haritalar, e\u011flenceli bilgiler   ve bulmacalar.   National Geographic\u2019in d\u00fcnyaca \u00fcnl\u00fc haritac\u0131lar\u0131, e\u011fitim uzmanlar\u0131yla \u00e7al\u0131\u015farak \u00e7ocuklar\u0131n hayal d\u00fcnyas\u0131n\u0131 harekete ge\u00e7irecek muhte\u015fem bir atlas haz\u0131rlad\u0131lar. Renkli foto\u011fraflar ve g\u00f6rsellerle t\u00fcm d\u00fcnyadan insanlar, \u00fclkeler, co\u011frafi bilgiler ve hayvanlar bu kitapta topland\u0131. <\/p>\n","protected":false},"excerpt":{"rendered":"<p>K\u00fc\u00e7\u00fck K\u00e2\u015fiflerimizle D\u00fcnyam\u0131z\u0131 Ke\u015ffedin! Dev bulmaca par\u00e7alar\u0131 gibi g\u00f6r\u00fcnen haritalar, e\u011flenceli bilgiler ve bulmacalar. National Geographic\u2019in d\u00fcnyaca \u00fcnl\u00fc haritac\u0131lar\u0131, e\u011fitim uzmanlar\u0131yla \u00e7al\u0131\u015farak \u00e7ocuklar\u0131n hayal d\u00fcnyas\u0131n\u0131 harekete<span class=\"excerpt-hellip\"> [\u2026]<\/span><\/p>\n","protected":false},"featured_media":0,"template":"","meta":{"_monsterinsights_skip_tracking":false,"_monsterinsights_sitenote_active":false,"_monsterinsights_sitenote_note":"","_monsterinsights_sitenote_category":0},"product_brand":[],"product_cat":[13829,12274],"product_tag":[],"class_list":{"0":"post-691818","1":"product","2":"type-product","3":"status-publish","5":"product_cat-bilimsel-kitaplar","6":"product_cat-cocuk-ve-genclik-kitaplari","7":"pa_cilt-ciltsiz","8":"pa_tur-kitap","9":"pa_yayinevi-beta-kids","10":"pa_yazar-kollektif","12":"first","13":"instock","14":"sale","15":"shipping-taxable","16":"purchasable","17":"product-type-simple"},"_links":{"self":[{"href":"https:\/\/roveyayinevi.com.tr\/index.php\/wp-json\/wp\/v2\/product\/691818","targetHints":{"allow":["GET"]}}],"collection":[{"href":"https:\/\/roveyayinevi.com.tr\/index.php\/wp-json\/wp\/v2\/product"}],"about":[{"href":"https:\/\/roveyayinevi.com.tr\/index.php\/wp-json\/wp\/v2\/types\/product"}],"wp:attachment":[{"href":"https:\/\/roveyayinevi.com.tr\/index.php\/wp-json\/wp\/v2\/media?parent=691818"}],"wp:term":[{"taxonomy":"product_brand","embeddable":true,"href":"https:\/\/roveyayinevi.com.tr\/index.php\/wp-json\/wp\/v2\/product_brand?post=691818"},{"taxonomy":"product_cat","embeddable":true,"href":"https:\/\/roveyayinevi.com.tr\/index.php\/wp-json\/wp\/v2\/product_cat?post=691818"},{"taxonomy":"product_tag","embeddable":true,"href":"https:\/\/roveyayinevi.com.tr\/index.php\/wp-json\/wp\/v2\/product_tag?post=691818"}],"curies":[{"name":"wp","href":"https:\/\/api.w.org\/{rel}","templated":true}]}}