{"id":691815,"date":"2025-08-27T14:00:49","date_gmt":"2025-08-27T11:00:49","guid":{"rendered":"https:\/\/roveyayinevi.com.tr\/index.php\/urun\/turklugu-olcmek\/"},"modified":"2026-04-16T02:02:02","modified_gmt":"2026-04-15T23:02:02","slug":"turklugu-olcmek","status":"publish","type":"product","link":"https:\/\/roveyayinevi.com.tr\/index.php\/urun\/turklugu-olcmek\/","title":{"rendered":"T\u00fcrkl\u00fc\u011f\u00fc \u00d6l\u00e7mek"},"content":{"rendered":"<p>Burada  \u00f6l\u00e7me  ile kastedilen, pozitivist bilimin 20. y\u00fczy\u0131l ba\u015f\u0131ndaki prestijinden yararlanarak insan kafatas\u0131n\u0131n, kemiklerinin, al\u0131n a\u00e7\u0131kl\u0131\u011f\u0131n\u0131n ve benzeri beden par\u00e7alar\u0131n\u0131n \u00f6l\u00e7\u00fclmesi ve T\u00fcrkiye Cumhuriyeti\u2019nin kurulu\u015f y\u0131llar\u0131nda bu bilimkurgusal antropolojinin  bilimselli\u011fine  dayanarak  \u0131rk\u0131n  bir ger\u00e7ek say\u0131lmas\u0131, ger\u00e7ekmi\u015fcesine kullan\u0131lmas\u0131d\u0131r. Hi\u00e7 bir insan\u0131n aya\u011f\u0131na tam gelmeyen, masal kahramanlar\u0131na yara\u015f\u0131r, camdan bir ayakkab\u0131d\u0131r bu tasar\u0131. Ama bu debdebeli fantastik ayakkab\u0131 (\u00f6l\u00e7\u00fc) bir i\u015fe yaram\u0131\u015ft\u0131r: Bat\u0131 ile onun terimleriyle a\u015f\u0131k atabilmek, Bat\u0131 kar\u015f\u0131s\u0131nda  ezeli ve ebedi bir millet  olarak r\u00fc\u015ft\u00fcn\u00fc kan\u0131tlamak, i\u00e7erde ise birilerini a\u015fa\u011f\u0131lamak, etnik ve dilsel \u00e7e\u015fitlili\u011fi homojen bir kal\u0131ba d\u00f6kmek&#8230; Bu \u00f6l\u00e7me tutkusunun giderek kimin daha T\u00fcrk, ya da kimin daha vatansever oldu\u011fu yarg\u0131lar\u0131na vard\u0131\u011f\u0131n\u0131 biliyoruz. Nazan Maksudyan, T\u00fcrkiye Cumhuriyeti\u2019nin kurulu\u015funun  vatanda\u015fl\u0131k  temelinde oldu\u011fu iddias\u0131n\u0131n sadece ka\u011f\u0131t \u00fczerinde kald\u0131\u011f\u0131n\u0131, \u00e7\u00fcnk\u00fc \u0131rk\u00e7\u0131l\u0131\u011f\u0131n T\u00fcrk milliyet\u00e7ili\u011fine sonradan dahil olmu\u015f, onu bozunduran bir sapma ya da istisna olmad\u0131\u011f\u0131n\u0131, tersine, T\u00fcrk milliyet\u00e7ili\u011finde daha en ba\u015ftan g\u00fc\u00e7l\u00fc \u0131rk\u00e7\u0131 tonlar bulundu\u011funu d\u00fc\u015f\u00fcn\u00fcyor. \u0130ncelemesine konu ald\u0131\u011f\u0131 T\u00fcrk Antropoloji Mecmuas\u0131\u2019n\u0131n devlet destekli bir giri\u015fim olarak bunun \u00f6zel bir \u00f6rne\u011fi ve kan\u0131t\u0131 oldu\u011funu g\u00f6steriyor. T\u00fcrkiye\u2019de \u0131rk\u00e7\u0131l\u0131\u011f\u0131 belli bir siyasi \u00e7evreyle ve \u0131rk\u00e7\u0131 edimlerle s\u0131n\u0131rlayan, \u0131rk\u00e7\u0131l\u0131\u011f\u0131n hi\u00e7bir zaman  \u00f6rne\u011fin Avrupa\u2019daki gibi  teorik ve ideolojik bir temele sahip olmad\u0131\u011f\u0131n\u0131 varsayan yayg\u0131n bir anlay\u0131\u015f var. Bu anlay\u0131\u015f milli kimli\u011fin kurulu\u015funda  \u0131rk  kavram\u0131n\u0131n oynad\u0131\u011f\u0131 temel rol\u00fc g\u00f6rmezden geldi\u011fi, ya da k\u00fc\u00e7\u00fcmsedi\u011fi i\u00e7in Cumhuriyet tarihi boyunca ortaya \u00e7\u0131kan \u00e7e\u015fitli sonu\u00e7lar\u0131 bununla ili\u015fkilendirmekte de g\u00fc\u00e7l\u00fck \u00e7ekiyor. Bu incelemeyi, tarihteki belli bir d\u00f6nemin ayd\u0131nlat\u0131lmas\u0131 i\u00e7in oldu\u011fu kadar, oradan g\u00fcn\u00fcm\u00fcze miras kalm\u0131\u015f belirli zorluklara farkl\u0131 bak\u0131labilmesine olanak sa\u011flayacak \u00f6nemli bir katk\u0131 olarak yay\u0131ml\u0131yoruz. <\/p>\n","protected":false},"excerpt":{"rendered":"<p>Burada \u00f6l\u00e7me ile kastedilen, pozitivist bilimin 20. y\u00fczy\u0131l ba\u015f\u0131ndaki prestijinden yararlanarak insan kafatas\u0131n\u0131n, kemiklerinin, al\u0131n a\u00e7\u0131kl\u0131\u011f\u0131n\u0131n ve benzeri beden par\u00e7alar\u0131n\u0131n \u00f6l\u00e7\u00fclmesi ve T\u00fcrkiye Cumhuriyeti\u2019nin kurulu\u015f y\u0131llar\u0131nda<span class=\"excerpt-hellip\"> [\u2026]<\/span><\/p>\n","protected":false},"featured_media":0,"template":"","meta":{"_monsterinsights_skip_tracking":false,"_monsterinsights_sitenote_active":false,"_monsterinsights_sitenote_note":"","_monsterinsights_sitenote_category":0},"product_brand":[],"product_cat":[12364],"product_tag":[],"class_list":{"0":"post-691815","1":"product","2":"type-product","3":"status-publish","5":"product_cat-genel-konular","6":"pa_cilt-ciltsiz","7":"pa_tur-kitap","8":"pa_yayinevi-metis-yayinlari","9":"pa_yazar-nazan-maksudyan","11":"first","12":"instock","13":"sale","14":"shipping-taxable","15":"purchasable","16":"product-type-simple"},"_links":{"self":[{"href":"https:\/\/roveyayinevi.com.tr\/index.php\/wp-json\/wp\/v2\/product\/691815","targetHints":{"allow":["GET"]}}],"collection":[{"href":"https:\/\/roveyayinevi.com.tr\/index.php\/wp-json\/wp\/v2\/product"}],"about":[{"href":"https:\/\/roveyayinevi.com.tr\/index.php\/wp-json\/wp\/v2\/types\/product"}],"wp:attachment":[{"href":"https:\/\/roveyayinevi.com.tr\/index.php\/wp-json\/wp\/v2\/media?parent=691815"}],"wp:term":[{"taxonomy":"product_brand","embeddable":true,"href":"https:\/\/roveyayinevi.com.tr\/index.php\/wp-json\/wp\/v2\/product_brand?post=691815"},{"taxonomy":"product_cat","embeddable":true,"href":"https:\/\/roveyayinevi.com.tr\/index.php\/wp-json\/wp\/v2\/product_cat?post=691815"},{"taxonomy":"product_tag","embeddable":true,"href":"https:\/\/roveyayinevi.com.tr\/index.php\/wp-json\/wp\/v2\/product_tag?post=691815"}],"curies":[{"name":"wp","href":"https:\/\/api.w.org\/{rel}","templated":true}]}}