{"id":691814,"date":"2025-08-27T14:00:49","date_gmt":"2025-08-27T11:00:49","guid":{"rendered":"https:\/\/roveyayinevi.com.tr\/index.php\/urun\/ask\/"},"modified":"2026-04-16T02:02:02","modified_gmt":"2026-04-15T23:02:02","slug":"ask","status":"publish","type":"product","link":"https:\/\/roveyayinevi.com.tr\/index.php\/urun\/ask\/","title":{"rendered":"A\u015fk"},"content":{"rendered":"<p>Salzburg\u2019un tuz madenlerinde, k\u0131\u015f\u0131n \u00e7\u0131plak kalm\u0131\u015f bir a\u011fa\u00e7 dal\u0131n\u0131, terk edilmi\u015f kaz\u0131 alanlar\u0131ndan birine atarlar. \u0130ki ya da \u00fc\u00e7 ay sonra da, dal\u0131, \u00fczerini parlak bir kristal tabakas\u0131yla kaplanm\u0131\u015f halde bulurlar. En k\u00fc\u00e7\u00fck filizinin bile \u00fcst\u00fc, bir galaksiyi doldurmaya yetecek say\u0131da, iri bir pirin\u00e7 tanesinden daha b\u00fcy\u00fck olmayan \u0131\u015f\u0131lt\u0131l\u0131 p\u0131rlantalarla bezeli bir g\u00f6r\u00fcn\u00fcm kazanm\u0131\u015f, dal\u0131n kendisi art\u0131k tan\u0131namayacak hale gelmi\u015ftir&#8230; <\/p>\n","protected":false},"excerpt":{"rendered":"<p>Salzburg\u2019un tuz madenlerinde, k\u0131\u015f\u0131n \u00e7\u0131plak kalm\u0131\u015f bir a\u011fa\u00e7 dal\u0131n\u0131, terk edilmi\u015f kaz\u0131 alanlar\u0131ndan birine atarlar. \u0130ki ya da \u00fc\u00e7 ay sonra da, dal\u0131, \u00fczerini parlak bir<span class=\"excerpt-hellip\"> [\u2026]<\/span><\/p>\n","protected":false},"featured_media":0,"template":"","meta":{"_monsterinsights_skip_tracking":false,"_monsterinsights_sitenote_active":false,"_monsterinsights_sitenote_note":"","_monsterinsights_sitenote_category":0},"product_brand":[],"product_cat":[14643,12291],"product_tag":[],"class_list":{"0":"post-691814","1":"product","2":"type-product","3":"status-publish","5":"product_cat-ask","6":"product_cat-edebiyat","7":"pa_tur-kitap","8":"pa_yayinevi-oda-yayinlari","9":"pa_yazar-marie-henri-beyle-stendhal","11":"first","12":"instock","13":"sale","14":"shipping-taxable","15":"purchasable","16":"product-type-simple"},"_links":{"self":[{"href":"https:\/\/roveyayinevi.com.tr\/index.php\/wp-json\/wp\/v2\/product\/691814","targetHints":{"allow":["GET"]}}],"collection":[{"href":"https:\/\/roveyayinevi.com.tr\/index.php\/wp-json\/wp\/v2\/product"}],"about":[{"href":"https:\/\/roveyayinevi.com.tr\/index.php\/wp-json\/wp\/v2\/types\/product"}],"wp:attachment":[{"href":"https:\/\/roveyayinevi.com.tr\/index.php\/wp-json\/wp\/v2\/media?parent=691814"}],"wp:term":[{"taxonomy":"product_brand","embeddable":true,"href":"https:\/\/roveyayinevi.com.tr\/index.php\/wp-json\/wp\/v2\/product_brand?post=691814"},{"taxonomy":"product_cat","embeddable":true,"href":"https:\/\/roveyayinevi.com.tr\/index.php\/wp-json\/wp\/v2\/product_cat?post=691814"},{"taxonomy":"product_tag","embeddable":true,"href":"https:\/\/roveyayinevi.com.tr\/index.php\/wp-json\/wp\/v2\/product_tag?post=691814"}],"curies":[{"name":"wp","href":"https:\/\/api.w.org\/{rel}","templated":true}]}}