{"id":691813,"date":"2025-08-27T14:00:49","date_gmt":"2025-08-27T11:00:49","guid":{"rendered":"https:\/\/roveyayinevi.com.tr\/index.php\/urun\/agustosbocegi-ile-karinca\/"},"modified":"2026-04-16T02:02:02","modified_gmt":"2026-04-15T23:02:02","slug":"agustosbocegi-ile-karinca","status":"publish","type":"product","link":"https:\/\/roveyayinevi.com.tr\/index.php\/urun\/agustosbocegi-ile-karinca\/","title":{"rendered":"A\u011fustosb\u00f6ce\u011fi ile Kar\u0131nca"},"content":{"rendered":"<p>T\u00fcrk\u00e7e\u2019nin b\u00fcy\u00fck ustas\u0131, \u015fiirimizin y\u00fcz ak\u0131 Naz\u0131m Hikmet, Lafonten\u2019in en g\u00fczel, en se\u00e7me masallar\u0131n\u0131 manzum bir dille T\u00fcrk\u00e7emize kazand\u0131rm\u0131\u015f&#8230; Herbiri birbirinden g\u00fczel olan bu masallar\u0131 elinizdeki kitapta toplam\u0131\u015f&#8230; Bu masallardaki kahramanlar genellikle hayvanlardan se\u00e7ilmi\u015f. Hayvanlar\u0131n ba\u015f\u0131ndan ge\u00e7en olaylar\u0131 \u00f6\u011frenince kendimize dersler \u00e7\u0131kar\u0131yor, iyiyle k\u00f6t\u00fcn\u00fcn, g\u00fczelle \u00e7irkinin, hakl\u0131yla haks\u0131z\u0131n kavgas\u0131n\u0131 daha iyi anl\u0131yoruz&#8230; <\/p>\n","protected":false},"excerpt":{"rendered":"<p>T\u00fcrk\u00e7e\u2019nin b\u00fcy\u00fck ustas\u0131, \u015fiirimizin y\u00fcz ak\u0131 Naz\u0131m Hikmet, Lafonten\u2019in en g\u00fczel, en se\u00e7me masallar\u0131n\u0131 manzum bir dille T\u00fcrk\u00e7emize kazand\u0131rm\u0131\u015f&#8230; Herbiri birbirinden g\u00fczel olan bu masallar\u0131 elinizdeki<span class=\"excerpt-hellip\"> [\u2026]<\/span><\/p>\n","protected":false},"featured_media":0,"template":"","meta":{"_monsterinsights_skip_tracking":false,"_monsterinsights_sitenote_active":false,"_monsterinsights_sitenote_note":"","_monsterinsights_sitenote_category":0},"product_brand":[],"product_cat":[12274,12523],"product_tag":[],"class_list":{"0":"post-691813","1":"product","2":"type-product","3":"status-publish","5":"product_cat-cocuk-ve-genclik-kitaplari","6":"product_cat-masallar","7":"pa_tur-kitap","8":"pa_yayinevi-oda-yayinlari","9":"pa_yazar-jean-de-la-fontaine","11":"first","12":"instock","13":"sale","14":"shipping-taxable","15":"purchasable","16":"product-type-simple"},"_links":{"self":[{"href":"https:\/\/roveyayinevi.com.tr\/index.php\/wp-json\/wp\/v2\/product\/691813","targetHints":{"allow":["GET"]}}],"collection":[{"href":"https:\/\/roveyayinevi.com.tr\/index.php\/wp-json\/wp\/v2\/product"}],"about":[{"href":"https:\/\/roveyayinevi.com.tr\/index.php\/wp-json\/wp\/v2\/types\/product"}],"wp:attachment":[{"href":"https:\/\/roveyayinevi.com.tr\/index.php\/wp-json\/wp\/v2\/media?parent=691813"}],"wp:term":[{"taxonomy":"product_brand","embeddable":true,"href":"https:\/\/roveyayinevi.com.tr\/index.php\/wp-json\/wp\/v2\/product_brand?post=691813"},{"taxonomy":"product_cat","embeddable":true,"href":"https:\/\/roveyayinevi.com.tr\/index.php\/wp-json\/wp\/v2\/product_cat?post=691813"},{"taxonomy":"product_tag","embeddable":true,"href":"https:\/\/roveyayinevi.com.tr\/index.php\/wp-json\/wp\/v2\/product_tag?post=691813"}],"curies":[{"name":"wp","href":"https:\/\/api.w.org\/{rel}","templated":true}]}}