{"id":691812,"date":"2025-08-27T14:00:48","date_gmt":"2025-08-27T11:00:48","guid":{"rendered":"https:\/\/roveyayinevi.com.tr\/index.php\/urun\/torunlar\/"},"modified":"2026-04-16T02:02:02","modified_gmt":"2026-04-15T23:02:02","slug":"torunlar","status":"publish","type":"product","link":"https:\/\/roveyayinevi.com.tr\/index.php\/urun\/torunlar\/","title":{"rendered":"Torunlar"},"content":{"rendered":"<p>Bu kitapta, 1915\u2019te ya da \u00f6ncesinde m\u00fcsl\u00fcmanla\u015ft\u0131r\u0131larak, asimile edilerek Anadolu\u2019da kalm\u0131\u015f Ermeni \u00e7ocuklar\u0131n\u0131n hik\u00e2yelerini, torunlar\u0131n\u0131n a\u011fz\u0131ndan dinleyeceksiniz. \u015eimdilerde orta ya\u015flar\u0131n\u0131 s\u00fcrmekte olan bu torunlar Ermeni dedelerini, ninelerini, kendilerini anlat\u0131rken y\u00fczle\u015fmesi g\u00fc\u00e7 sorular\u0131 da g\u00fcndeme getiriyorlar. <\/p>\n","protected":false},"excerpt":{"rendered":"<p>Bu kitapta, 1915\u2019te ya da \u00f6ncesinde m\u00fcsl\u00fcmanla\u015ft\u0131r\u0131larak, asimile edilerek Anadolu\u2019da kalm\u0131\u015f Ermeni \u00e7ocuklar\u0131n\u0131n hik\u00e2yelerini, torunlar\u0131n\u0131n a\u011fz\u0131ndan dinleyeceksiniz. \u015eimdilerde orta ya\u015flar\u0131n\u0131 s\u00fcrmekte olan bu torunlar Ermeni dedelerini,<span class=\"excerpt-hellip\"> [\u2026]<\/span><\/p>\n","protected":false},"featured_media":0,"template":"","meta":{"_monsterinsights_skip_tracking":false,"_monsterinsights_sitenote_active":false,"_monsterinsights_sitenote_note":"","_monsterinsights_sitenote_category":0},"product_brand":[],"product_cat":[13590,12337],"product_tag":[],"class_list":{"0":"post-691812","1":"product","2":"type-product","3":"status-publish","5":"product_cat-arastirma-inceleme-politika-siyaset","6":"product_cat-politika-siyaset","7":"pa_cilt-ciltsiz","8":"pa_tur-kitap","9":"pa_yayinevi-metis-yayinlari","10":"pa_yazar-ayse-gul-altinay","11":"pa_yazar-fethiye-cetin","13":"first","14":"instock","15":"sale","16":"shipping-taxable","17":"purchasable","18":"product-type-simple"},"_links":{"self":[{"href":"https:\/\/roveyayinevi.com.tr\/index.php\/wp-json\/wp\/v2\/product\/691812","targetHints":{"allow":["GET"]}}],"collection":[{"href":"https:\/\/roveyayinevi.com.tr\/index.php\/wp-json\/wp\/v2\/product"}],"about":[{"href":"https:\/\/roveyayinevi.com.tr\/index.php\/wp-json\/wp\/v2\/types\/product"}],"wp:attachment":[{"href":"https:\/\/roveyayinevi.com.tr\/index.php\/wp-json\/wp\/v2\/media?parent=691812"}],"wp:term":[{"taxonomy":"product_brand","embeddable":true,"href":"https:\/\/roveyayinevi.com.tr\/index.php\/wp-json\/wp\/v2\/product_brand?post=691812"},{"taxonomy":"product_cat","embeddable":true,"href":"https:\/\/roveyayinevi.com.tr\/index.php\/wp-json\/wp\/v2\/product_cat?post=691812"},{"taxonomy":"product_tag","embeddable":true,"href":"https:\/\/roveyayinevi.com.tr\/index.php\/wp-json\/wp\/v2\/product_tag?post=691812"}],"curies":[{"name":"wp","href":"https:\/\/api.w.org\/{rel}","templated":true}]}}