{"id":691811,"date":"2025-08-27T14:00:48","date_gmt":"2025-08-27T11:00:48","guid":{"rendered":"https:\/\/roveyayinevi.com.tr\/index.php\/urun\/kadinlar-ruyalar-ejderhalar-ursula-k-le-guinden-secme-yazilar-m-s-9\/"},"modified":"2026-04-16T02:02:02","modified_gmt":"2026-04-15T23:02:02","slug":"kadinlar-ruyalar-ejderhalar-ursula-k-le-guinden-secme-yazilar-m-s-9","status":"publish","type":"product","link":"https:\/\/roveyayinevi.com.tr\/index.php\/urun\/kadinlar-ruyalar-ejderhalar-ursula-k-le-guinden-secme-yazilar-m-s-9\/","title":{"rendered":"Kad\u0131nlar R\u00fcyalar Ejderhalar: Ursula K. Le Guin&#8217;den Se\u00e7me Yaz\u0131lar (M.S 9)"},"content":{"rendered":"<p>LeGuin bizimle r\u00fcyalar\u0131n diliyle konu\u015fur, kad\u0131nlar\u0131n ve ejderhalar\u0131n \u00f6yk\u00fclerini anlat\u0131r. Hen\u00fcz ger\u00e7ek olmam\u0131\u015f \u00f6yk\u00fclerdir bunlar. Konu\u015ftu\u011fu dil ise hepimize tan\u0131d\u0131k gelir. Baz\u0131lar\u0131m\u0131z deh\u015fet i\u00e7inde duymamaya \u00e7al\u0131\u015f\u0131r, dinlemez, anlamaz onu. Ama baz\u0131lar\u0131m\u0131z dinler, cesareti olanlar\u0131m\u0131z o dili do\u011fdu\u011fundan beri bildi\u011fini fark eder. Hen\u00fcz isimlendirilememi\u015f olan\u0131, hen\u00fcz ya\u015fanmam\u0131\u015f olan\u0131, g\u00f6r\u00fcl\u00fcp de alg\u0131lanamam\u0131\u015f olan\u0131, hep duyulup da g\u00fcr\u00fclt\u00fc zannedileni s\u00f6yler o dil. LeGuin uzay gemisindeki bilge kocakar\u0131d\u0131r. Varolu\u015f kadar kadim bir lisanla konu\u015fan ejderha, g\u00fcc\u00fcn\u00fc yaln\u0131zca zorunluluk kar\u015f\u0131s\u0131nda kullanan b\u00fcy\u00fcc\u00fc&#8230; Ele\u015ftirel d\u00fc\u015f\u00fcncenin g\u00fcn\u00fcm\u00fczde ula\u015ft\u0131\u011f\u0131 yer neresidir? Yirminci y\u00fczy\u0131l, insanl\u0131k tarihinde s\u0131kl\u0131kla g\u00f6r\u00fcld\u00fc\u011f\u00fc gibi ac\u0131, bask\u0131, tahakk\u00fcm ve s\u00f6m\u00fcr\u00fcyle doludur. Ama zamana kar\u015f\u0131 \u00e7\u0131karak, g\u00f6zlemleri ve d\u00fc\u015f\u00fcnceleriyle ya\u015fad\u0131\u011f\u0131m\u0131z d\u00fcnyay\u0131 anlamam\u0131za katk\u0131da bulunan say\u0131s\u0131z d\u00fc\u015f\u00fcn\u00fcr\u00fc de olmu\u015ftur bu y\u00fczy\u0131l\u0131n&#8230; \u0130\u015fte Metis Se\u00e7kileri ile \u00e7a\u011f\u0131m\u0131za yeni sezgiler getiren bu yazarlardan temsil edici \u00f6rnekler sunmay\u0131 ama\u00e7lad\u0131k. Ba\u015fka bir \u00fclkede ya\u015fayan bir yazar\u0131 T\u00fcrk\u00e7e\u2019de tan\u0131t\u0131rken, s\u00f6zkonusu iki toplum aras\u0131ndaki dil, k\u00fclt\u00fcrel birikim, yay\u0131nlanm\u0131\u015f ve yay\u0131nlanmam\u0131\u015f \u00f6nc\u00fcller gibi farkl\u0131l\u0131klar\u0131n getirdi\u011fi g\u00fc\u00e7l\u00fckler var. T\u00fcrkiye\u2019deki okuma ortam\u0131n\u0131n kendine \u00f6zg\u00fc ko\u015fullar\u0131n\u0131 g\u00f6z\u00f6n\u00fcnde tutarak haz\u0131rlad\u0131\u011f\u0131m\u0131z se\u00e7kilerle bu g\u00fc\u00e7l\u00fc\u011f\u00fc amak, ele\u015ftirel d\u00fc\u015f\u00fcnceyi T\u00fcrk\u00e7e\u2019de tart\u0131\u015f\u0131labilir k\u0131lmak istiyoruz. \ufffc<\/p>\n","protected":false},"excerpt":{"rendered":"<p>LeGuin bizimle r\u00fcyalar\u0131n diliyle konu\u015fur, kad\u0131nlar\u0131n ve ejderhalar\u0131n \u00f6yk\u00fclerini anlat\u0131r. Hen\u00fcz ger\u00e7ek olmam\u0131\u015f \u00f6yk\u00fclerdir bunlar. Konu\u015ftu\u011fu dil ise hepimize tan\u0131d\u0131k gelir. Baz\u0131lar\u0131m\u0131z deh\u015fet i\u00e7inde duymamaya \u00e7al\u0131\u015f\u0131r,<span class=\"excerpt-hellip\"> [\u2026]<\/span><\/p>\n","protected":false},"featured_media":0,"template":"","meta":{"_monsterinsights_skip_tracking":false,"_monsterinsights_sitenote_active":false,"_monsterinsights_sitenote_note":"","_monsterinsights_sitenote_category":0},"product_brand":[],"product_cat":[12540,12291],"product_tag":[],"class_list":{"0":"post-691811","1":"product","2":"type-product","3":"status-publish","5":"product_cat-bilim-kurgu","6":"product_cat-edebiyat","7":"pa_cilt-ciltsiz","8":"pa_tur-kitap","9":"pa_yayinevi-metis-yayinlari","10":"pa_yazar-ursula-k-le-guin","12":"first","13":"instock","14":"sale","15":"shipping-taxable","16":"purchasable","17":"product-type-simple"},"_links":{"self":[{"href":"https:\/\/roveyayinevi.com.tr\/index.php\/wp-json\/wp\/v2\/product\/691811","targetHints":{"allow":["GET"]}}],"collection":[{"href":"https:\/\/roveyayinevi.com.tr\/index.php\/wp-json\/wp\/v2\/product"}],"about":[{"href":"https:\/\/roveyayinevi.com.tr\/index.php\/wp-json\/wp\/v2\/types\/product"}],"wp:attachment":[{"href":"https:\/\/roveyayinevi.com.tr\/index.php\/wp-json\/wp\/v2\/media?parent=691811"}],"wp:term":[{"taxonomy":"product_brand","embeddable":true,"href":"https:\/\/roveyayinevi.com.tr\/index.php\/wp-json\/wp\/v2\/product_brand?post=691811"},{"taxonomy":"product_cat","embeddable":true,"href":"https:\/\/roveyayinevi.com.tr\/index.php\/wp-json\/wp\/v2\/product_cat?post=691811"},{"taxonomy":"product_tag","embeddable":true,"href":"https:\/\/roveyayinevi.com.tr\/index.php\/wp-json\/wp\/v2\/product_tag?post=691811"}],"curies":[{"name":"wp","href":"https:\/\/api.w.org\/{rel}","templated":true}]}}