{"id":691809,"date":"2025-08-27T14:00:48","date_gmt":"2025-08-27T11:00:48","guid":{"rendered":"https:\/\/roveyayinevi.com.tr\/index.php\/urun\/insan-ve-herkes\/"},"modified":"2026-04-16T02:02:02","modified_gmt":"2026-04-15T23:02:02","slug":"insan-ve-herkes","status":"publish","type":"product","link":"https:\/\/roveyayinevi.com.tr\/index.php\/urun\/insan-ve-herkes\/","title":{"rendered":"\u0130nsan ve &#8220;Herkes&#8221;"},"content":{"rendered":"<p>&#8220;E\u011fer yap\u0131labilseydi, ki tabii yap\u0131lamaz, bir toplumun i\u00e7inde, \u00f6rne\u011fin koskoca ulusumuzda, acaba ka\u00e7 ki\u015fi iki kere iki nas\u0131l d\u00f6rt eder ya da g\u00fcne\u015f yar\u0131n do\u011facak m\u0131 diye kafa yormu\u015ftur, \u015f\u00f6yle durup d\u00fc\u015f\u00fcnm\u00fc\u015ft\u00fcr yani, bunu bir istatistikle saptayabilsek ilgin\u00e7 olurdu. Buradan da ortaya \u00e7\u0131kan sonu\u00e7 fikirlerimizin pek b\u00fcy\u00fck \u00e7o\u011funlu\u011funun, fikir olmalar\u0131na ve bizi kan\u0131 gibi etkilemelerine kar\u015f\u0131n, hi\u00e7 de ak\u0131l \u00fcr\u00fcn\u00fc olmad\u0131klar\u0131, g\u00f6reneklerden ibaret olduklar\u0131d\u0131r; mekanik ve anla\u015f\u0131lmazd\u0131rlar ve bize bask\u0131 yoluyla benimsetilmi\u015flerdir&#8230;. E\u011fer bir halk\u0131n bu korkun\u00e7 \u00e7a\u011f\u0131 sa\u011f salim atalabilmesi isteniyorsa, al\u0131nacak \u00f6nlemlerden biri, kar\u0131nca karar\u0131nca, ama vazge\u00e7ilmez bir tanesi \u015fu: O halk\u0131n i\u00e7inde yeterli say\u0131da ki\u015finin, t\u00fcm o fikirlerin &#8211; adlar\u0131na \u00f6yle diyelim bari &#8211; \u00fcst\u00fcnde konu\u015fulan, tart\u0131\u015f\u0131lan, u\u011frunda sava\u015f\u0131lan ve insan bo\u011fazlanan t\u00fcm o fikirlerin ipe sapa gelmez ve son derece havada kalan \u015feyler oldu\u011funu anlamas\u0131n\u0131 sa\u011flamaktad\u0131r.&#8221; -Ortega Y Gasset- \ufffcTan\u0131t\u0131m Metni<\/p>\n","protected":false},"excerpt":{"rendered":"<p>&#8220;E\u011fer yap\u0131labilseydi, ki tabii yap\u0131lamaz, bir toplumun i\u00e7inde, \u00f6rne\u011fin koskoca ulusumuzda, acaba ka\u00e7 ki\u015fi iki kere iki nas\u0131l d\u00f6rt eder ya da g\u00fcne\u015f yar\u0131n do\u011facak m\u0131<span class=\"excerpt-hellip\"> [\u2026]<\/span><\/p>\n","protected":false},"featured_media":0,"template":"","meta":{"_monsterinsights_skip_tracking":false,"_monsterinsights_sitenote_active":false,"_monsterinsights_sitenote_note":"","_monsterinsights_sitenote_category":0},"product_brand":[],"product_cat":[12389,12388],"product_tag":[],"class_list":{"0":"post-691809","1":"product","2":"type-product","3":"status-publish","5":"product_cat-diger-felsefe","6":"product_cat-felsefe","7":"pa_cilt-ciltsiz","8":"pa_tur-kitap","9":"pa_yayinevi-metis-yayinlari","10":"pa_yazar-ortega-y-gasset","12":"first","13":"instock","14":"sale","15":"shipping-taxable","16":"purchasable","17":"product-type-simple"},"_links":{"self":[{"href":"https:\/\/roveyayinevi.com.tr\/index.php\/wp-json\/wp\/v2\/product\/691809","targetHints":{"allow":["GET"]}}],"collection":[{"href":"https:\/\/roveyayinevi.com.tr\/index.php\/wp-json\/wp\/v2\/product"}],"about":[{"href":"https:\/\/roveyayinevi.com.tr\/index.php\/wp-json\/wp\/v2\/types\/product"}],"wp:attachment":[{"href":"https:\/\/roveyayinevi.com.tr\/index.php\/wp-json\/wp\/v2\/media?parent=691809"}],"wp:term":[{"taxonomy":"product_brand","embeddable":true,"href":"https:\/\/roveyayinevi.com.tr\/index.php\/wp-json\/wp\/v2\/product_brand?post=691809"},{"taxonomy":"product_cat","embeddable":true,"href":"https:\/\/roveyayinevi.com.tr\/index.php\/wp-json\/wp\/v2\/product_cat?post=691809"},{"taxonomy":"product_tag","embeddable":true,"href":"https:\/\/roveyayinevi.com.tr\/index.php\/wp-json\/wp\/v2\/product_tag?post=691809"}],"curies":[{"name":"wp","href":"https:\/\/api.w.org\/{rel}","templated":true}]}}