{"id":691807,"date":"2025-08-27T14:00:47","date_gmt":"2025-08-27T11:00:47","guid":{"rendered":"https:\/\/roveyayinevi.com.tr\/index.php\/urun\/ikinci-hayvan\/"},"modified":"2026-04-16T02:02:02","modified_gmt":"2026-04-15T23:02:02","slug":"ikinci-hayvan","status":"publish","type":"product","link":"https:\/\/roveyayinevi.com.tr\/index.php\/urun\/ikinci-hayvan\/","title":{"rendered":"\u0130kinci Hayvan"},"content":{"rendered":"<p>Murathan Mungan&#8217;dan 2010 y\u0131l\u0131n\u0131n ilk kitab\u0131: \u0130kinci Hayvan. Mungan&#8217;\u0131n on dokuzuncu \u015fiir kitab\u0131 olan \u0130kinci Hayvan&#8217;da 68 \u015fiir yer al\u0131yor. \u0130lk \u015fiiri 1 Ocak 1999 tarihli on y\u0131ll\u0131k eme\u011fin \u00fcr\u00fcn\u00fc olan bu kitab\u0131n kapak d\u00fczeni Emre \u00c7\u0131k\u0131no\u011flu&#8217;na ait. Kitapta yer alan \u015fiirler daha \u00f6nce hi\u00e7bir dergide yay\u0131mlanmam\u0131\u015f olup, 2&#8217;si daha \u00f6nce tek bask\u0131l\u0131k \u00f6zel derleme Do\u011fdu\u011fum Y\u00fczy\u0131la Veda i\u00e7inde, 4 tanesi Fazladan Bir Kitap i\u00e7inde ve 15 tanesi tek bask\u0131l\u0131k Elli Par\u00e7a kitab\u0131 i\u00e7inde yer alm\u0131\u015ft\u0131r. Di\u011fer 47 \u015fiir ilk kez bu kitapla birlikte okur kar\u015f\u0131s\u0131na \u00e7\u0131kmaktad\u0131r.<\/p>\n","protected":false},"excerpt":{"rendered":"<p>Murathan Mungan&#8217;dan 2010 y\u0131l\u0131n\u0131n ilk kitab\u0131: \u0130kinci Hayvan. Mungan&#8217;\u0131n on dokuzuncu \u015fiir kitab\u0131 olan \u0130kinci Hayvan&#8217;da 68 \u015fiir yer al\u0131yor. \u0130lk \u015fiiri 1 Ocak 1999 tarihli<span class=\"excerpt-hellip\"> [\u2026]<\/span><\/p>\n","protected":false},"featured_media":0,"template":"","meta":{"_monsterinsights_skip_tracking":false,"_monsterinsights_sitenote_active":false,"_monsterinsights_sitenote_note":"","_monsterinsights_sitenote_category":0},"product_brand":[],"product_cat":[12291,12509],"product_tag":[],"class_list":{"0":"post-691807","1":"product","2":"type-product","3":"status-publish","5":"product_cat-edebiyat","6":"product_cat-siir","7":"pa_cilt-ciltsiz","8":"pa_tur-kitap","9":"pa_yayinevi-metis-yayinlari","10":"pa_yazar-murathan-mungan","12":"first","13":"instock","14":"sale","15":"shipping-taxable","16":"purchasable","17":"product-type-simple"},"_links":{"self":[{"href":"https:\/\/roveyayinevi.com.tr\/index.php\/wp-json\/wp\/v2\/product\/691807","targetHints":{"allow":["GET"]}}],"collection":[{"href":"https:\/\/roveyayinevi.com.tr\/index.php\/wp-json\/wp\/v2\/product"}],"about":[{"href":"https:\/\/roveyayinevi.com.tr\/index.php\/wp-json\/wp\/v2\/types\/product"}],"wp:attachment":[{"href":"https:\/\/roveyayinevi.com.tr\/index.php\/wp-json\/wp\/v2\/media?parent=691807"}],"wp:term":[{"taxonomy":"product_brand","embeddable":true,"href":"https:\/\/roveyayinevi.com.tr\/index.php\/wp-json\/wp\/v2\/product_brand?post=691807"},{"taxonomy":"product_cat","embeddable":true,"href":"https:\/\/roveyayinevi.com.tr\/index.php\/wp-json\/wp\/v2\/product_cat?post=691807"},{"taxonomy":"product_tag","embeddable":true,"href":"https:\/\/roveyayinevi.com.tr\/index.php\/wp-json\/wp\/v2\/product_tag?post=691807"}],"curies":[{"name":"wp","href":"https:\/\/api.w.org\/{rel}","templated":true}]}}