{"id":691805,"date":"2025-08-27T14:00:47","date_gmt":"2025-08-27T11:00:47","guid":{"rendered":"https:\/\/roveyayinevi.com.tr\/index.php\/urun\/feminist-bir-devlet-kuramina-dogru\/"},"modified":"2025-11-22T02:18:59","modified_gmt":"2025-11-21T23:18:59","slug":"feminist-bir-devlet-kuramina-dogru","status":"publish","type":"product","link":"https:\/\/roveyayinevi.com.tr\/index.php\/urun\/feminist-bir-devlet-kuramina-dogru\/","title":{"rendered":"Feminist Bir Devlet Kuram\u0131na Do\u011fru"},"content":{"rendered":"<p>Ne liberalizm ne de Marksizm, kad\u0131nlar ile devlet aras\u0131nda \u00f6zel bir ili\u015fki kurmu\u015ftur. Feminizm, toplumsal cinsiyet ayr\u0131m\u0131 konusunda devletin baz\u0131 tav\u0131rlar\u0131n\u0131 sergilemi\u015f, fakat devletin toplumsal cinsiyet hiyerar\u015fisi i\u00e7indeki rol\u00fcn\u00fc incelememi\u015ftir. Toplumsal cinsiyet ba\u011flam\u0131nda devletin g\u00fcvenilirli\u011fi, g\u00fc\u00e7 kaynaklar\u0131, ger\u00e7ek yapt\u0131r\u0131m g\u00fcc\u00fc nedir? Bir dereceye kadar erkeklerin \u00e7\u0131karlar\u0131ndan ba\u011f\u0131ms\u0131z m\u0131d\u0131r, yoksa bu \u00e7\u0131karlar\u0131n ba\u015fl\u0131 ba\u015f\u0131na bir ifadesi mi? Devlet kad\u0131nlar\u0131n ezilmi\u015fli\u011fi \u00fczerine mi kurulmu\u015ftur? \u00d6yleyse, eril iktidar nas\u0131l devlet iktidar\u0131 haline gelir? Devlet, g\u00fc\u00e7s\u00fczl\u00fckleri \u00fczerine iktidar kurdu\u011fu bir grubun \u00e7\u0131karlar\u0131na hizmet edebilir mi? Sosyalizmde oldu\u011fu gibi, devlet ve toplum aras\u0131nda farkl\u0131 bir ili\u015fki olmas\u0131 bir \u015fey de\u011fi\u015ftirebilir mi? E\u011fer de\u011fi\u015ftiremiyorsa, erkeklik devlet bi\u00e7iminin do\u011fas\u0131nda m\u0131 bulunmaktad\u0131r, yoksa ba\u015fka t\u00fcrl\u00fc bir devlet bi\u00e7imi, ba\u015fka bir y\u00f6netim modeli tasavvur edilebilir mi? Bu sorular\u0131n cevaplar\u0131 verilmedi\u011fi s\u00fcrece, feminizm her seferinde, devlete kad\u0131nlar\u0131n \u00e7\u0131karlar\u0131 i\u00e7in kullanmak \u00fczere daha fazla g\u00fc\u00e7 vermek ile toplumdaki denetimsiz g\u00fcc\u00fc erkeklere terk etmek tercihleri aras\u0131nda s\u0131k\u0131\u015f\u0131p kalm\u0131\u015ft\u0131r. Kad\u0131nlar\u0131n genelde cinselli\u011fe raz\u0131 oldu\u011fu varsay\u0131m\u0131n\u0131n de\u011fi\u015fmemesi gibi, kad\u0131nlar\u0131n bu y\u00f6netime de boyun e\u011fece\u011fi varsay\u0131lmaktad\u0131r. Feminizmin sorusu \u015fudur: Kad\u0131nlar\u0131n bak\u0131\u015f a\u00e7\u0131s\u0131yla devlet nedir? -Catharine A. MacKinnon<\/p>\n","protected":false},"excerpt":{"rendered":"<p>Ne liberalizm ne de Marksizm, kad\u0131nlar ile devlet aras\u0131nda \u00f6zel bir ili\u015fki kurmu\u015ftur. Feminizm, toplumsal cinsiyet ayr\u0131m\u0131 konusunda devletin baz\u0131 tav\u0131rlar\u0131n\u0131 sergilemi\u015f, fakat devletin toplumsal cinsiyet<span class=\"excerpt-hellip\"> [\u2026]<\/span><\/p>\n","protected":false},"featured_media":0,"template":"","meta":{"_monsterinsights_skip_tracking":false,"_monsterinsights_sitenote_active":false,"_monsterinsights_sitenote_note":"","_monsterinsights_sitenote_category":0},"product_brand":[],"product_cat":[12312,12304],"product_tag":[],"class_list":{"0":"post-691805","1":"product","2":"type-product","3":"status-publish","5":"product_cat-diger","6":"product_cat-tarih","7":"pa_cilt-ciltsiz","8":"pa_tur-kitap","9":"pa_yayinevi-metis-yayinlari","10":"pa_yazar-catharine-a-mackinnon","12":"first","13":"instock","14":"sale","15":"shipping-taxable","16":"purchasable","17":"product-type-simple"},"_links":{"self":[{"href":"https:\/\/roveyayinevi.com.tr\/index.php\/wp-json\/wp\/v2\/product\/691805","targetHints":{"allow":["GET"]}}],"collection":[{"href":"https:\/\/roveyayinevi.com.tr\/index.php\/wp-json\/wp\/v2\/product"}],"about":[{"href":"https:\/\/roveyayinevi.com.tr\/index.php\/wp-json\/wp\/v2\/types\/product"}],"wp:attachment":[{"href":"https:\/\/roveyayinevi.com.tr\/index.php\/wp-json\/wp\/v2\/media?parent=691805"}],"wp:term":[{"taxonomy":"product_brand","embeddable":true,"href":"https:\/\/roveyayinevi.com.tr\/index.php\/wp-json\/wp\/v2\/product_brand?post=691805"},{"taxonomy":"product_cat","embeddable":true,"href":"https:\/\/roveyayinevi.com.tr\/index.php\/wp-json\/wp\/v2\/product_cat?post=691805"},{"taxonomy":"product_tag","embeddable":true,"href":"https:\/\/roveyayinevi.com.tr\/index.php\/wp-json\/wp\/v2\/product_tag?post=691805"}],"curies":[{"name":"wp","href":"https:\/\/api.w.org\/{rel}","templated":true}]}}