{"id":691804,"date":"2025-08-27T14:00:47","date_gmt":"2025-08-27T11:00:47","guid":{"rendered":"https:\/\/roveyayinevi.com.tr\/index.php\/urun\/yuzuklerin-efendisi-serisi-1-yuzuk-kardesligi\/"},"modified":"2026-04-16T02:02:02","modified_gmt":"2026-04-15T23:02:02","slug":"yuzuklerin-efendisi-serisi-1-yuzuk-kardesligi","status":"publish","type":"product","link":"https:\/\/roveyayinevi.com.tr\/index.php\/urun\/yuzuklerin-efendisi-serisi-1-yuzuk-kardesligi\/","title":{"rendered":"Y\u00fcz\u00fcklerin Efendisi Serisi 1 &#8211; Y\u00fcz\u00fck Karde\u015fli\u011fi"},"content":{"rendered":"<p>&#8216;Y\u00fcz\u00fcklerin Efendisi&#8217; son y\u00fczy\u0131l\u0131n en \u00e7ok okunan y\u00fcz kitab\u0131 aras\u0131nda en ba\u015fta geliyor; bilimkurgu, fantezi, polisiye, best-seller ya da ana ak\u0131m demeden, t\u00fcm edebiyat t\u00fcrleri aras\u0131nda tart\u0131\u015fmas\u0131z bir \u00f6nderli\u011fe sahip. Bir a\u00e7\u0131dan bakarsan\u0131z bir fantezi roman\u0131, ba\u015fka bir a\u00e7\u0131dan bakt\u0131\u011f\u0131n\u0131zda, insanl\u0131k durumu, sorumluluk, iktidar ve sava\u015f \u00fczerine bir roman. Bir yolculuk, bir b\u00fcy\u00fcme \u00f6yk\u00fcs\u00fc; fedak\u00e2rl\u0131k ve dostluk \u00fczerine, h\u0131rs ve ihanet \u00fczerine bir roman. \ufffcTan\u0131t\u0131m Metni<\/p>\n","protected":false},"excerpt":{"rendered":"<p>&#8216;Y\u00fcz\u00fcklerin Efendisi&#8217; son y\u00fczy\u0131l\u0131n en \u00e7ok okunan y\u00fcz kitab\u0131 aras\u0131nda en ba\u015fta geliyor; bilimkurgu, fantezi, polisiye, best-seller ya da ana ak\u0131m demeden, t\u00fcm edebiyat t\u00fcrleri aras\u0131nda<span class=\"excerpt-hellip\"> [\u2026]<\/span><\/p>\n","protected":false},"featured_media":0,"template":"","meta":{"_monsterinsights_skip_tracking":false,"_monsterinsights_sitenote_active":false,"_monsterinsights_sitenote_note":"","_monsterinsights_sitenote_category":0},"product_brand":[],"product_cat":[12291,12866],"product_tag":[],"class_list":{"0":"post-691804","1":"product","2":"type-product","3":"status-publish","5":"product_cat-edebiyat","6":"product_cat-ingiliz-edebiyati","7":"pa_cilt-ciltsiz","8":"pa_tur-kitap","9":"pa_yayinevi-metis-yayinlari","10":"pa_yazar-j-r-r-tolkien","12":"first","13":"instock","14":"sale","15":"shipping-taxable","16":"purchasable","17":"product-type-simple"},"_links":{"self":[{"href":"https:\/\/roveyayinevi.com.tr\/index.php\/wp-json\/wp\/v2\/product\/691804","targetHints":{"allow":["GET"]}}],"collection":[{"href":"https:\/\/roveyayinevi.com.tr\/index.php\/wp-json\/wp\/v2\/product"}],"about":[{"href":"https:\/\/roveyayinevi.com.tr\/index.php\/wp-json\/wp\/v2\/types\/product"}],"wp:attachment":[{"href":"https:\/\/roveyayinevi.com.tr\/index.php\/wp-json\/wp\/v2\/media?parent=691804"}],"wp:term":[{"taxonomy":"product_brand","embeddable":true,"href":"https:\/\/roveyayinevi.com.tr\/index.php\/wp-json\/wp\/v2\/product_brand?post=691804"},{"taxonomy":"product_cat","embeddable":true,"href":"https:\/\/roveyayinevi.com.tr\/index.php\/wp-json\/wp\/v2\/product_cat?post=691804"},{"taxonomy":"product_tag","embeddable":true,"href":"https:\/\/roveyayinevi.com.tr\/index.php\/wp-json\/wp\/v2\/product_tag?post=691804"}],"curies":[{"name":"wp","href":"https:\/\/api.w.org\/{rel}","templated":true}]}}