{"id":691802,"date":"2025-08-27T14:00:46","date_gmt":"2025-08-27T11:00:46","guid":{"rendered":"https:\/\/roveyayinevi.com.tr\/index.php\/urun\/yuzuklerin-efendisi-iii-kralin-donusu\/"},"modified":"2026-04-16T02:02:02","modified_gmt":"2026-04-15T23:02:02","slug":"yuzuklerin-efendisi-iii-kralin-donusu","status":"publish","type":"product","link":"https:\/\/roveyayinevi.com.tr\/index.php\/urun\/yuzuklerin-efendisi-iii-kralin-donusu\/","title":{"rendered":"Y\u00fcz\u00fcklerin Efendisi III &#8211; Kral\u0131n D\u00f6n\u00fc\u015f\u00fc"},"content":{"rendered":"<p>&#8220;Y\u00fcz\u00fcklerin Efendisi&#8221; son y\u00fczy\u0131l\u0131n en \u00e7ok okunan y\u00fcz kitab\u0131 aras\u0131nda en ba\u015fta geliyor. T\u00fcrk\u00e7e bas\u0131m\u0131n\u0131n ilk iki kitab\u0131 &#8220;Y\u00fcz\u00fck Karde\u015fli\u011fi&#8221; ve &#8220;\u0130ki Kule&#8221;, bu ilginin evrenselli\u011fini kan\u0131tlad\u0131. Polisiye ya da bilimkurgu merakl\u0131lar\u0131, \u015fiir, roman ve \u00f6yk\u00fc okurlar\u0131, hep birlikte Frodo, Sam, Merry, Pippin, Aragorn ve Gandalf\u2019\u0131n maceralar\u0131n\u0131 okumaya, &#8220;Orta D\u00fcnya&#8221;da ya\u015famaya ba\u015flad\u0131lar. \u00dc\u00e7\u00fcnc\u00fc kitap &#8220;Kral\u0131n D\u00f6n\u00fc\u015f\u00fc&#8221; ile birlikte &#8220;Y\u00fcz\u00fcklerin Efendisi&#8221; tamamlan\u0131yor: Bu k\u0131s\u0131mda Karanl\u0131klar Efendisi ile Y\u00fcz\u00fck Karde\u015fli\u011fi, iki cephede kar\u015f\u0131 kar\u015f\u0131ya geliyorlar. Frodo ve Sam ellerinde hepsine h\u00fckmedecek Tek Y\u00fcz\u00fck ile Mordor\u2019un i\u00e7ine, karanl\u0131\u011f\u0131n kalbine do\u011fru bir yolculuk yaparken, di\u011ferleri de karanl\u0131\u011fa kar\u015f\u0131 son cephe olan Gondor\u2019da umutsuz bir savunmaya giri\u015fiyorlar&#8230; \ufffcTan\u0131t\u0131m Metni<\/p>\n","protected":false},"excerpt":{"rendered":"<p>&#8220;Y\u00fcz\u00fcklerin Efendisi&#8221; son y\u00fczy\u0131l\u0131n en \u00e7ok okunan y\u00fcz kitab\u0131 aras\u0131nda en ba\u015fta geliyor. T\u00fcrk\u00e7e bas\u0131m\u0131n\u0131n ilk iki kitab\u0131 &#8220;Y\u00fcz\u00fck Karde\u015fli\u011fi&#8221; ve &#8220;\u0130ki Kule&#8221;, bu ilginin evrenselli\u011fini<span class=\"excerpt-hellip\"> [\u2026]<\/span><\/p>\n","protected":false},"featured_media":0,"template":"","meta":{"_monsterinsights_skip_tracking":false,"_monsterinsights_sitenote_active":false,"_monsterinsights_sitenote_note":"","_monsterinsights_sitenote_category":0},"product_brand":[],"product_cat":[12291,14777],"product_tag":[],"class_list":{"0":"post-691802","1":"product","2":"type-product","3":"status-publish","5":"product_cat-edebiyat","6":"product_cat-fantastik","7":"pa_cilt-ciltsiz","8":"pa_tur-kitap","9":"pa_yayinevi-metis-yayinlari","10":"pa_yazar-j-r-r-tolkien","12":"first","13":"instock","14":"sale","15":"shipping-taxable","16":"purchasable","17":"product-type-simple"},"_links":{"self":[{"href":"https:\/\/roveyayinevi.com.tr\/index.php\/wp-json\/wp\/v2\/product\/691802","targetHints":{"allow":["GET"]}}],"collection":[{"href":"https:\/\/roveyayinevi.com.tr\/index.php\/wp-json\/wp\/v2\/product"}],"about":[{"href":"https:\/\/roveyayinevi.com.tr\/index.php\/wp-json\/wp\/v2\/types\/product"}],"wp:attachment":[{"href":"https:\/\/roveyayinevi.com.tr\/index.php\/wp-json\/wp\/v2\/media?parent=691802"}],"wp:term":[{"taxonomy":"product_brand","embeddable":true,"href":"https:\/\/roveyayinevi.com.tr\/index.php\/wp-json\/wp\/v2\/product_brand?post=691802"},{"taxonomy":"product_cat","embeddable":true,"href":"https:\/\/roveyayinevi.com.tr\/index.php\/wp-json\/wp\/v2\/product_cat?post=691802"},{"taxonomy":"product_tag","embeddable":true,"href":"https:\/\/roveyayinevi.com.tr\/index.php\/wp-json\/wp\/v2\/product_tag?post=691802"}],"curies":[{"name":"wp","href":"https:\/\/api.w.org\/{rel}","templated":true}]}}