{"id":691795,"date":"2025-08-27T14:00:45","date_gmt":"2025-08-27T11:00:45","guid":{"rendered":"https:\/\/roveyayinevi.com.tr\/index.php\/urun\/yerdeniz-alti-kitap-tek-cilt\/"},"modified":"2026-04-16T02:02:01","modified_gmt":"2026-04-15T23:02:01","slug":"yerdeniz-alti-kitap-tek-cilt","status":"publish","type":"product","link":"https:\/\/roveyayinevi.com.tr\/index.php\/urun\/yerdeniz-alti-kitap-tek-cilt\/","title":{"rendered":"Yerdeniz (Alt\u0131 Kitap Tek Cilt)"},"content":{"rendered":"<p>Le Guin&#8217;in Yerdeniz kitaplar\u0131 Yerdeniz B\u00fcy\u00fcc\u00fcs\u00fc, Atuan Mezarlar\u0131, En Uzak Sahil, Tehanu, Yerdeniz \u00d6yk\u00fcleri ve \u00d6teki R\u00fczg\u00e2r Metis Edebiyat koleksiyonunun en sevilen kitaplar\u0131ndan oldu, y\u0131llar i\u00e7inde birer k\u00fclt kitap haline geldiler. Metis&#8217;in 30. kurulu\u015f y\u0131ld\u00f6n\u00fcm\u00fcnde bu alt\u0131 kitab\u0131 tek ciltte toplayarak, sert kapakl\u0131 bir \u00f6zel bas\u0131m yapt\u0131k.B\u0130R\u0130NC\u0130 K\u0130TAPYERDEN\u0130Z B\u00dcY\u00dcC\u00dcS\u00dcS\u0130STEK\u0130 SAVA\u015e\u00c7ILARG\u00d6LGEB\u00dcY\u00dcC\u00dcLER OKULUG\u00d6LGEN\u0130N SERBEST KALI\u015eIPENDOR EJDERHASIAV\u015eAH\u0130N\u0130N U\u00c7U\u015eUAVCI\u0130FF\u0130SHA\u00c7IK DEN\u0130Z\u0130K\u0130NC\u0130 K\u0130TAPATUAN MEZARLARIG\u0130R\u0130\u015eYUTULMU\u015eMAHALL\u0130N ETRAFINDAK\u0130 SURTUTSAKLARD\u00dc\u015eLER VE MASALLARTEPEN\u0130N ALTINDAK\u0130 I\u015eIK\u0130NSAN KAPANIB\u00dcY\u00dcK HAZ\u0130NE ODASI\u0130S\u0130MLERERRETH-AKBE&#8217;N\u0130N HALKASIKARANLI\u011eIN \u00d6FKES\u0130BATI DA\u011eLARIYOLCULUK\u00dc\u00c7\u00dcNC\u00dc K\u0130TAPEN UZAK SAH\u0130L\u00dcVEZ A\u011eACIROKE USTALARIHORT KENT\u0130B\u00dcY\u00dc I\u015eI\u011eIDEN\u0130Z HAYALLER\u0130LORBANERYDEL\u0130A\u00c7IK DEN\u0130Z&#8217;\u0130N \u00c7OCUKLARIORM EMBAREJDERHALAR YOLUSEL\u0130DOR\u00c7ORAK D\u0130YARAZAP TA\u015eID\u00d6RD\u00dcNC\u00dc K\u0130TAPTEHANUK\u00d6T\u00dc B\u0130R \u015eEY\u015eAH\u0130N YUVASI&#8217;NA G\u0130D\u0130\u015eOG\u0130ONKALESS\u0130N\u0130Y\u0130YE G\u0130D\u0130\u015eK\u00d6T\u00dcYE G\u0130D\u0130\u015eFARELERATMACALARBULMA S\u00d6ZLER\u0130YUNUSEVON \u0130K\u0130 KI\u015eBEYTEHANUBE\u015e\u0130NC\u0130 K\u0130TAPYERDEN\u0130Z \u00d6YK\u00dcLER\u0130BULUCUKARAG\u00dcL \u0130LE PIRLANTAYER\u0130N KEM\u0130KLER\u0130BATAKLIK YAYLAEJDERB\u00d6CE\u011e\u0130ALTINCI K\u0130TAP\u00d6TEK\u0130 R\u00dcZG\u00c2RYE\u015e\u0130L S\u00dcRAH\u0130N\u0130N TAM\u0130R\u0130SARAYLAREJDERHA MECL\u0130S\u0130YUNUSYEN\u0130DEN B\u0130RLE\u015eMEK <\/p>\n","protected":false},"excerpt":{"rendered":"<p>Le Guin&#8217;in Yerdeniz kitaplar\u0131 Yerdeniz B\u00fcy\u00fcc\u00fcs\u00fc, Atuan Mezarlar\u0131, En Uzak Sahil, Tehanu, Yerdeniz \u00d6yk\u00fcleri ve \u00d6teki R\u00fczg\u00e2r Metis Edebiyat koleksiyonunun en sevilen kitaplar\u0131ndan oldu, y\u0131llar i\u00e7inde<span class=\"excerpt-hellip\"> [\u2026]<\/span><\/p>\n","protected":false},"featured_media":0,"template":"","meta":{"_monsterinsights_skip_tracking":false,"_monsterinsights_sitenote_active":false,"_monsterinsights_sitenote_note":"","_monsterinsights_sitenote_category":0},"product_brand":[],"product_cat":[12291,14777],"product_tag":[],"class_list":{"0":"post-691795","1":"product","2":"type-product","3":"status-publish","5":"product_cat-edebiyat","6":"product_cat-fantastik","7":"pa_cilt-ciltli","8":"pa_tur-kitap","9":"pa_yayinevi-metis-yayinlari","10":"pa_yazar-ursula-k-le-guin","12":"first","13":"instock","14":"sale","15":"shipping-taxable","16":"purchasable","17":"product-type-simple"},"_links":{"self":[{"href":"https:\/\/roveyayinevi.com.tr\/index.php\/wp-json\/wp\/v2\/product\/691795","targetHints":{"allow":["GET"]}}],"collection":[{"href":"https:\/\/roveyayinevi.com.tr\/index.php\/wp-json\/wp\/v2\/product"}],"about":[{"href":"https:\/\/roveyayinevi.com.tr\/index.php\/wp-json\/wp\/v2\/types\/product"}],"wp:attachment":[{"href":"https:\/\/roveyayinevi.com.tr\/index.php\/wp-json\/wp\/v2\/media?parent=691795"}],"wp:term":[{"taxonomy":"product_brand","embeddable":true,"href":"https:\/\/roveyayinevi.com.tr\/index.php\/wp-json\/wp\/v2\/product_brand?post=691795"},{"taxonomy":"product_cat","embeddable":true,"href":"https:\/\/roveyayinevi.com.tr\/index.php\/wp-json\/wp\/v2\/product_cat?post=691795"},{"taxonomy":"product_tag","embeddable":true,"href":"https:\/\/roveyayinevi.com.tr\/index.php\/wp-json\/wp\/v2\/product_tag?post=691795"}],"curies":[{"name":"wp","href":"https:\/\/api.w.org\/{rel}","templated":true}]}}