{"id":691792,"date":"2025-08-27T14:00:44","date_gmt":"2025-08-27T11:00:44","guid":{"rendered":"https:\/\/roveyayinevi.com.tr\/index.php\/urun\/yabancilar-tanrilar-ve-canavarlar\/"},"modified":"2026-04-16T02:02:01","modified_gmt":"2026-04-15T23:02:01","slug":"yabancilar-tanrilar-ve-canavarlar","status":"publish","type":"product","link":"https:\/\/roveyayinevi.com.tr\/index.php\/urun\/yabancilar-tanrilar-ve-canavarlar\/","title":{"rendered":"Yabanc\u0131lar, Tanr\u0131lar ve Canavarlar"},"content":{"rendered":"<p>Kendimiz ve ba\u015fkalar\u0131 hakk\u0131nda nas\u0131l d\u00fc\u015f\u00fcnd\u00fc\u011f\u00fcm\u00fczle ilgili incelemelerin genellikle g\u00f6zden ka\u00e7\u0131rd\u0131\u011f\u0131 bir nokta var: Yabanc\u0131lar, tanr\u0131lar ve canavarlar gibi b\u00fcy\u00fck muammalar insan\u0131n d\u00fcnyaya bak\u0131\u015f\u0131n\u0131 nas\u0131l \u015fekillendiriyor? Richard Kearney yabanc\u0131lar\u0131n, tanr\u0131lar\u0131n ve canavarlar\u0131n mit veya fantaziden ibaret olmad\u0131\u011f\u0131n\u0131, bilakis k\u00fclt\u00fcrel bilin\u00e7d\u0131\u015f\u0131m\u0131z\u0131n \u00f6nemli bir b\u00f6l\u00fcm\u00fcn\u00fc olu\u015fturdu\u011funu ortaya koyuyor. Antik Yunan i\u00e7in &#8220;barbar&#8221;, emperyal Avrupa i\u00e7in &#8220;yaban&#8221; anlam\u0131na gelen yabanc\u0131 fig\u00fcr\u00fcn\u00fcn, bilinmeyenin biz de\u011fil de \u00d6teki oldu\u011fu fikri arac\u0131l\u0131\u011f\u0131yla, kendi kimli\u011fimizi nas\u0131l tan\u0131mlad\u0131\u011f\u0131m\u0131z\u0131 g\u00f6steriyor. Canavar imgesini derinlemesine inceleyen Kearney, antik minotauruslardan orta\u00e7a\u011f demonlar\u0131na, oradan g\u00fcn\u00fcm\u00fcz\u00fcn postmodern d\u00fc\u015fmanlar\u0131na kadar uzanan g\u00fc\u00e7l\u00fc \u00f6rneklerin de yard\u0131m\u0131yla, insan benli\u011finin canavarca bir taraf\u0131 oldu\u011funu ortaya koyuyor. Baz\u0131 tanr\u0131lar\u0131n bug\u00fcn bile h\u00e2l\u00e2 ayakta olmas\u0131n\u0131n, insan psi\u015fesinin, sonlulu\u011fumuzun ve \u00f6l\u00fcm\u00fcn zincirlerinden kurtulmak i\u00e7in nas\u0131l yan\u0131p tutu\u015ftu\u011funu g\u00f6sterdi\u011fini ileri s\u00fcr\u00fcyor. En basit korku ve arzular\u0131n\u0131n d\u0131\u015f d\u00fcnyada nas\u0131l tezah\u00fcr etti\u011fini g\u00f6rmek ve bunlarla ya\u015famay\u0131 \u00f6\u011frenmek isteyenlere&#8230; <\/p>\n","protected":false},"excerpt":{"rendered":"<p>Kendimiz ve ba\u015fkalar\u0131 hakk\u0131nda nas\u0131l d\u00fc\u015f\u00fcnd\u00fc\u011f\u00fcm\u00fczle ilgili incelemelerin genellikle g\u00f6zden ka\u00e7\u0131rd\u0131\u011f\u0131 bir nokta var: Yabanc\u0131lar, tanr\u0131lar ve canavarlar gibi b\u00fcy\u00fck muammalar insan\u0131n d\u00fcnyaya bak\u0131\u015f\u0131n\u0131 nas\u0131l \u015fekillendiriyor?<span class=\"excerpt-hellip\"> [\u2026]<\/span><\/p>\n","protected":false},"featured_media":0,"template":"","meta":{"_monsterinsights_skip_tracking":false,"_monsterinsights_sitenote_active":false,"_monsterinsights_sitenote_note":"","_monsterinsights_sitenote_category":0},"product_brand":[],"product_cat":[12718,12858],"product_tag":[],"class_list":{"0":"post-691792","1":"product","2":"type-product","3":"status-publish","5":"product_cat-din","6":"product_cat-mitolojiler","7":"pa_cilt-ciltsiz","8":"pa_tur-kitap","9":"pa_yayinevi-metis-yayinlari","10":"pa_yazar-richard-kearney","12":"first","13":"instock","14":"sale","15":"shipping-taxable","16":"purchasable","17":"product-type-simple"},"_links":{"self":[{"href":"https:\/\/roveyayinevi.com.tr\/index.php\/wp-json\/wp\/v2\/product\/691792","targetHints":{"allow":["GET"]}}],"collection":[{"href":"https:\/\/roveyayinevi.com.tr\/index.php\/wp-json\/wp\/v2\/product"}],"about":[{"href":"https:\/\/roveyayinevi.com.tr\/index.php\/wp-json\/wp\/v2\/types\/product"}],"wp:attachment":[{"href":"https:\/\/roveyayinevi.com.tr\/index.php\/wp-json\/wp\/v2\/media?parent=691792"}],"wp:term":[{"taxonomy":"product_brand","embeddable":true,"href":"https:\/\/roveyayinevi.com.tr\/index.php\/wp-json\/wp\/v2\/product_brand?post=691792"},{"taxonomy":"product_cat","embeddable":true,"href":"https:\/\/roveyayinevi.com.tr\/index.php\/wp-json\/wp\/v2\/product_cat?post=691792"},{"taxonomy":"product_tag","embeddable":true,"href":"https:\/\/roveyayinevi.com.tr\/index.php\/wp-json\/wp\/v2\/product_tag?post=691792"}],"curies":[{"name":"wp","href":"https:\/\/api.w.org\/{rel}","templated":true}]}}