{"id":691787,"date":"2025-08-27T14:00:43","date_gmt":"2025-08-27T11:00:43","guid":{"rendered":"https:\/\/roveyayinevi.com.tr\/index.php\/urun\/delilige-ovgu\/"},"modified":"2026-04-16T02:02:01","modified_gmt":"2026-04-15T23:02:01","slug":"delilige-ovgu","status":"publish","type":"product","link":"https:\/\/roveyayinevi.com.tr\/index.php\/urun\/delilige-ovgu\/","title":{"rendered":"Delili\u011fe \u00d6vg\u00fc"},"content":{"rendered":"<p>Kuzey Avrupa R\u00f6nesans\u0131\u2019n\u0131n b\u00fcy\u00fck ustas\u0131 Desiderius Erasmus; Hollanda\u2019da do\u011fmu\u015f, eski kilise metinleri ve klasik edebiyat ara\u015ft\u0131rmalar\u0131 yapm\u0131\u015f, Yunanca Yeni Ahit\u2019in ilk derlenmesini haz\u0131rlam\u0131\u015f h\u00fcmanist ilahiyatc\u0131 bilginlerdendir.Dostu Thomas More\u2019a adad\u0131\u011f\u0131 en \u00fcnl\u00fc yap\u0131t\u0131, kutsal kitap yorumcular\u0131na, ve tutuculara y\u00f6neltilen bir yergi niteli\u011findeki Delili\u011fe \u00d6vg\u00fc, salt klasik orta\u00e7a\u011f d\u00fcnyas\u0131n\u0131n d\u00fc\u015f\u00fcncelerini de\u011fil, kendi kavray\u0131\u015f ve yarat\u0131c\u0131l\u0131\u011f\u0131n\u0131 da ortaya koydu\u011fu, yap\u0131tlardan biridir.<\/p>\n","protected":false},"excerpt":{"rendered":"<p>Kuzey Avrupa R\u00f6nesans\u0131\u2019n\u0131n b\u00fcy\u00fck ustas\u0131 Desiderius Erasmus; Hollanda\u2019da do\u011fmu\u015f, eski kilise metinleri ve klasik edebiyat ara\u015ft\u0131rmalar\u0131 yapm\u0131\u015f, Yunanca Yeni Ahit\u2019in ilk derlenmesini haz\u0131rlam\u0131\u015f h\u00fcmanist ilahiyatc\u0131 bilginlerdendir.Dostu<span class=\"excerpt-hellip\"> [\u2026]<\/span><\/p>\n","protected":false},"featured_media":0,"template":"","meta":{"_monsterinsights_skip_tracking":false,"_monsterinsights_sitenote_active":false,"_monsterinsights_sitenote_note":"","_monsterinsights_sitenote_category":0},"product_brand":[],"product_cat":[12388,15309],"product_tag":[],"class_list":{"0":"post-691787","1":"product","2":"type-product","3":"status-publish","5":"product_cat-felsefe","6":"product_cat-felsefi-akimlar","7":"pa_cilt-ciltsiz","8":"pa_tur-kitap","9":"pa_yayinevi-oda-yayinlari","10":"pa_yazar-desiderius-erasmus","12":"first","13":"instock","14":"sale","15":"shipping-taxable","16":"purchasable","17":"product-type-simple"},"_links":{"self":[{"href":"https:\/\/roveyayinevi.com.tr\/index.php\/wp-json\/wp\/v2\/product\/691787","targetHints":{"allow":["GET"]}}],"collection":[{"href":"https:\/\/roveyayinevi.com.tr\/index.php\/wp-json\/wp\/v2\/product"}],"about":[{"href":"https:\/\/roveyayinevi.com.tr\/index.php\/wp-json\/wp\/v2\/types\/product"}],"wp:attachment":[{"href":"https:\/\/roveyayinevi.com.tr\/index.php\/wp-json\/wp\/v2\/media?parent=691787"}],"wp:term":[{"taxonomy":"product_brand","embeddable":true,"href":"https:\/\/roveyayinevi.com.tr\/index.php\/wp-json\/wp\/v2\/product_brand?post=691787"},{"taxonomy":"product_cat","embeddable":true,"href":"https:\/\/roveyayinevi.com.tr\/index.php\/wp-json\/wp\/v2\/product_cat?post=691787"},{"taxonomy":"product_tag","embeddable":true,"href":"https:\/\/roveyayinevi.com.tr\/index.php\/wp-json\/wp\/v2\/product_tag?post=691787"}],"curies":[{"name":"wp","href":"https:\/\/api.w.org\/{rel}","templated":true}]}}