{"id":691786,"date":"2025-08-27T14:00:43","date_gmt":"2025-08-27T11:00:43","guid":{"rendered":"https:\/\/roveyayinevi.com.tr\/index.php\/urun\/yazi-ve-yorum-roland-barthesdan-secme-yazilar-m-s-3\/"},"modified":"2026-02-03T02:03:03","modified_gmt":"2026-02-02T23:03:03","slug":"yazi-ve-yorum-roland-barthesdan-secme-yazilar-m-s-3","status":"publish","type":"product","link":"https:\/\/roveyayinevi.com.tr\/index.php\/urun\/yazi-ve-yorum-roland-barthesdan-secme-yazilar-m-s-3\/","title":{"rendered":"Yaz\u0131 ve Yorum: Roland Barthes&#8217;dan Se\u00e7me Yaz\u0131lar (M.S 3)"},"content":{"rendered":"<p>Bir yazar olarak Roland Barthes\u2019\u0131n temel y\u00f6neli\u015finin  par\u00e7alar  yazmak oldu\u011fu d\u00fc\u015f\u00fcn\u00fcl\u00fcr.  Yaz\u0131 ve Yorum da g\u00f6stergebilimden yaz\u0131n kuram\u0131na, toplumbilime ve k\u00fclt\u00fcr ele\u015ftirisine uzanan Barthes yap\u0131t\u0131n\u0131n b\u00fct\u00fcnl\u00fc\u011f\u00fcn\u00fc okura iletebilecek par\u00e7alar\u0131 bir araya getirmeyi ama\u00e7lad\u0131k. Barthes  zor  bir okuma olabilir, ama zor metinlerde de s\u00fcr\u00fckleyici bir roman keyfi duyabilen okur i\u00e7in b\u00fcy\u00fck bir metin tad\u0131 vadediyor; nerdeyse hi\u00e7bir zaman kendi \u00fcst\u00fcne  kapanmayan  Barthes yaz\u0131s\u0131n\u0131n kendine se\u00e7ti\u011fi okur da budur zaten. Ele\u015ftirel d\u00fc\u015f\u00fcncenin g\u00fcn\u00fcm\u00fczde ula\u015ft\u0131\u011f\u0131 yer neresidir? Yirminci y\u00fczy\u0131l, insanl\u0131k tarihinde s\u0131kl\u0131kla g\u00f6r\u00fcld\u00fc\u011f\u00fc gibi ac\u0131, bask\u0131, tahakk\u00fcm ve s\u00f6m\u00fcr\u00fcyle doludur. Ama zamana kar\u015f\u0131 \u00e7\u0131karak, g\u00f6zlemleri ve d\u00fc\u015f\u00fcnceleriyle ya\u015fad\u0131\u011f\u0131m\u0131z d\u00fcnyay\u0131 anlamam\u0131za katk\u0131da bulunan say\u0131s\u0131z d\u00fc\u015f\u00fcn\u00fcr\u00fc de olmu\u015ftur bu y\u00fczy\u0131l\u0131n&#8230; \u0130\u015fte Metis Se\u00e7kileri ile \u00e7a\u011f\u0131m\u0131za yeni sezgiler getiren bu yazarlardan temsil edici \u00f6rnekler sunmay\u0131 ama\u00e7lad\u0131k. Ba\u015fka bir \u00fclkede ya\u015fayan bir yazar\u0131 T\u00fcrk\u00e7e\u2019de tan\u0131t\u0131rken, s\u00f6zkonusu iki toplum aras\u0131ndaki dil, k\u00fclt\u00fcrel birikim, yay\u0131nlanm\u0131\u015f ve yay\u0131nlanmam\u0131\u015f \u00f6nc\u00fcller gibi farkl\u0131l\u0131klar\u0131n\u0131n getirdi\u011fi g\u00fc\u00e7l\u00fckler var. T\u00fcrkiye\u2019deki okuma ortam\u0131n\u0131n kendine \u00f6zg\u00fc ko\u015fullar\u0131n\u0131 g\u00f6z\u00f6n\u00fcnde tutarak haz\u0131rlad\u0131\u011f\u0131m\u0131z se\u00e7kilerle bu g\u00fc\u00e7l\u00fc\u011f\u00fc a\u015fmak, ele\u015ftirel d\u00fc\u015f\u00fcnceyi T\u00fcrk\u00e7e\u2019de tart\u0131\u015f\u0131labilir k\u0131lmak istiyoruz. <\/p>\n","protected":false},"excerpt":{"rendered":"<p>Bir yazar olarak Roland Barthes\u2019\u0131n temel y\u00f6neli\u015finin par\u00e7alar yazmak oldu\u011fu d\u00fc\u015f\u00fcn\u00fcl\u00fcr. Yaz\u0131 ve Yorum da g\u00f6stergebilimden yaz\u0131n kuram\u0131na, toplumbilime ve k\u00fclt\u00fcr ele\u015ftirisine uzanan Barthes yap\u0131t\u0131n\u0131n b\u00fct\u00fcnl\u00fc\u011f\u00fcn\u00fc<span class=\"excerpt-hellip\"> [\u2026]<\/span><\/p>\n","protected":false},"featured_media":0,"template":"","meta":{"_monsterinsights_skip_tracking":false,"_monsterinsights_sitenote_active":false,"_monsterinsights_sitenote_note":"","_monsterinsights_sitenote_category":0},"product_brand":[],"product_cat":[13633,12324],"product_tag":[],"class_list":{"0":"post-691786","1":"product","2":"type-product","3":"status-publish","5":"product_cat-kultur-ve-bilim","6":"product_cat-sosyoloji","7":"pa_cilt-ciltsiz","8":"pa_tur-kitap","9":"pa_yayinevi-metis-yayinlari","10":"pa_yazar-roland-barthes","12":"first","13":"instock","14":"sale","15":"shipping-taxable","16":"purchasable","17":"product-type-simple"},"_links":{"self":[{"href":"https:\/\/roveyayinevi.com.tr\/index.php\/wp-json\/wp\/v2\/product\/691786","targetHints":{"allow":["GET"]}}],"collection":[{"href":"https:\/\/roveyayinevi.com.tr\/index.php\/wp-json\/wp\/v2\/product"}],"about":[{"href":"https:\/\/roveyayinevi.com.tr\/index.php\/wp-json\/wp\/v2\/types\/product"}],"wp:attachment":[{"href":"https:\/\/roveyayinevi.com.tr\/index.php\/wp-json\/wp\/v2\/media?parent=691786"}],"wp:term":[{"taxonomy":"product_brand","embeddable":true,"href":"https:\/\/roveyayinevi.com.tr\/index.php\/wp-json\/wp\/v2\/product_brand?post=691786"},{"taxonomy":"product_cat","embeddable":true,"href":"https:\/\/roveyayinevi.com.tr\/index.php\/wp-json\/wp\/v2\/product_cat?post=691786"},{"taxonomy":"product_tag","embeddable":true,"href":"https:\/\/roveyayinevi.com.tr\/index.php\/wp-json\/wp\/v2\/product_tag?post=691786"}],"curies":[{"name":"wp","href":"https:\/\/api.w.org\/{rel}","templated":true}]}}