{"id":691783,"date":"2025-08-27T14:00:43","date_gmt":"2025-08-27T11:00:43","guid":{"rendered":"https:\/\/roveyayinevi.com.tr\/index.php\/urun\/candide\/"},"modified":"2026-04-16T02:02:01","modified_gmt":"2026-04-15T23:02:01","slug":"candide","status":"publish","type":"product","link":"https:\/\/roveyayinevi.com.tr\/index.php\/urun\/candide\/","title":{"rendered":"Candide"},"content":{"rendered":"<p>\u0130nsanl\u0131k tarihinde yeni bir d\u00f6nemin ba\u015flat\u0131c\u0131s\u0131 olan Voltaire (1694-1778), ya\u015fam\u0131 boyunca bask\u0131 ve haks\u0131zl\u0131\u011fa kar\u015f\u0131 sava\u015fm\u0131\u015f, y\u0131llarca zindanlarda yatm\u0131\u015ft\u0131r. <\/p>\n","protected":false},"excerpt":{"rendered":"<p>\u0130nsanl\u0131k tarihinde yeni bir d\u00f6nemin ba\u015flat\u0131c\u0131s\u0131 olan Voltaire (1694-1778), ya\u015fam\u0131 boyunca bask\u0131 ve haks\u0131zl\u0131\u011fa kar\u015f\u0131 sava\u015fm\u0131\u015f, y\u0131llarca zindanlarda yatm\u0131\u015ft\u0131r.<\/p>\n","protected":false},"featured_media":0,"template":"","meta":{"_monsterinsights_skip_tracking":false,"_monsterinsights_sitenote_active":false,"_monsterinsights_sitenote_note":"","_monsterinsights_sitenote_category":0},"product_brand":[],"product_cat":[12388,15309],"product_tag":[],"class_list":{"0":"post-691783","1":"product","2":"type-product","3":"status-publish","5":"product_cat-felsefe","6":"product_cat-felsefi-akimlar","7":"pa_tur-kitap","8":"pa_yayinevi-oda-yayinlari","9":"pa_yazar-voltaire","11":"first","12":"instock","13":"sale","14":"shipping-taxable","15":"purchasable","16":"product-type-simple"},"_links":{"self":[{"href":"https:\/\/roveyayinevi.com.tr\/index.php\/wp-json\/wp\/v2\/product\/691783","targetHints":{"allow":["GET"]}}],"collection":[{"href":"https:\/\/roveyayinevi.com.tr\/index.php\/wp-json\/wp\/v2\/product"}],"about":[{"href":"https:\/\/roveyayinevi.com.tr\/index.php\/wp-json\/wp\/v2\/types\/product"}],"wp:attachment":[{"href":"https:\/\/roveyayinevi.com.tr\/index.php\/wp-json\/wp\/v2\/media?parent=691783"}],"wp:term":[{"taxonomy":"product_brand","embeddable":true,"href":"https:\/\/roveyayinevi.com.tr\/index.php\/wp-json\/wp\/v2\/product_brand?post=691783"},{"taxonomy":"product_cat","embeddable":true,"href":"https:\/\/roveyayinevi.com.tr\/index.php\/wp-json\/wp\/v2\/product_cat?post=691783"},{"taxonomy":"product_tag","embeddable":true,"href":"https:\/\/roveyayinevi.com.tr\/index.php\/wp-json\/wp\/v2\/product_tag?post=691783"}],"curies":[{"name":"wp","href":"https:\/\/api.w.org\/{rel}","templated":true}]}}