{"id":691777,"date":"2025-08-27T14:00:41","date_gmt":"2025-08-27T11:00:41","guid":{"rendered":"https:\/\/roveyayinevi.com.tr\/index.php\/urun\/notre-damein-kamburu-3\/"},"modified":"2025-11-22T02:18:48","modified_gmt":"2025-11-21T23:18:48","slug":"notre-damein-kamburu-3","status":"publish","type":"product","link":"https:\/\/roveyayinevi.com.tr\/index.php\/urun\/notre-damein-kamburu-3\/","title":{"rendered":"Notre-Dame\u2019\u0131n Kamburu"},"content":{"rendered":"<p>Romantik D\u00f6nem Frans\u0131z yazarlar\u0131n\u0131n en \u00f6nemlisi olan Victor Hugo (1802-1885), ilk ba\u015far\u0131lar\u0131n\u0131 oyunlar\u0131yla kazanm\u0131\u015f bir yazard\u0131r. Roman alan\u0131nda \u00fcn\u00fcn\u00fc \u00e7o\u011faltan ise, XI. Louis d\u00f6nemindeki ya\u015fam\u0131 anlatan tarihsel roman\u0131 Notre-Dame\u2019\u0131n Kamburu\u2019dur. <\/p>\n","protected":false},"excerpt":{"rendered":"<p>Romantik D\u00f6nem Frans\u0131z yazarlar\u0131n\u0131n en \u00f6nemlisi olan Victor Hugo (1802-1885), ilk ba\u015far\u0131lar\u0131n\u0131 oyunlar\u0131yla kazanm\u0131\u015f bir yazard\u0131r. Roman alan\u0131nda \u00fcn\u00fcn\u00fc \u00e7o\u011faltan ise, XI. Louis d\u00f6nemindeki ya\u015fam\u0131 anlatan<span class=\"excerpt-hellip\"> [\u2026]<\/span><\/p>\n","protected":false},"featured_media":0,"template":"","meta":{"_monsterinsights_skip_tracking":false,"_monsterinsights_sitenote_active":false,"_monsterinsights_sitenote_note":"","_monsterinsights_sitenote_category":0},"product_brand":[],"product_cat":[12291,13376],"product_tag":[],"class_list":{"0":"post-691777","1":"product","2":"type-product","3":"status-publish","5":"product_cat-edebiyat","6":"product_cat-fransiz-edebiyati","7":"pa_tur-kitap","8":"pa_yayinevi-oda-yayinlari","9":"pa_yazar-victor-hugo","11":"first","12":"instock","13":"sale","14":"shipping-taxable","15":"purchasable","16":"product-type-simple"},"_links":{"self":[{"href":"https:\/\/roveyayinevi.com.tr\/index.php\/wp-json\/wp\/v2\/product\/691777","targetHints":{"allow":["GET"]}}],"collection":[{"href":"https:\/\/roveyayinevi.com.tr\/index.php\/wp-json\/wp\/v2\/product"}],"about":[{"href":"https:\/\/roveyayinevi.com.tr\/index.php\/wp-json\/wp\/v2\/types\/product"}],"wp:attachment":[{"href":"https:\/\/roveyayinevi.com.tr\/index.php\/wp-json\/wp\/v2\/media?parent=691777"}],"wp:term":[{"taxonomy":"product_brand","embeddable":true,"href":"https:\/\/roveyayinevi.com.tr\/index.php\/wp-json\/wp\/v2\/product_brand?post=691777"},{"taxonomy":"product_cat","embeddable":true,"href":"https:\/\/roveyayinevi.com.tr\/index.php\/wp-json\/wp\/v2\/product_cat?post=691777"},{"taxonomy":"product_tag","embeddable":true,"href":"https:\/\/roveyayinevi.com.tr\/index.php\/wp-json\/wp\/v2\/product_tag?post=691777"}],"curies":[{"name":"wp","href":"https:\/\/api.w.org\/{rel}","templated":true}]}}