{"id":691776,"date":"2025-08-27T14:00:41","date_gmt":"2025-08-27T11:00:41","guid":{"rendered":"https:\/\/roveyayinevi.com.tr\/index.php\/urun\/insan-olmak\/"},"modified":"2026-04-16T02:02:01","modified_gmt":"2026-04-15T23:02:01","slug":"insan-olmak","status":"publish","type":"product","link":"https:\/\/roveyayinevi.com.tr\/index.php\/urun\/insan-olmak\/","title":{"rendered":"\u0130nsan Olmak"},"content":{"rendered":"<p>\u0130lk kez yay\u0131mland\u0131\u011f\u0131 1983\u2019ten g\u00fcn\u00fcm\u00fcze defalarca bask\u0131 yapm\u0131\u015f ve okurla kurdu\u011fu yap\u0131c\u0131 ili\u015fkiyi kan\u0131tlam\u0131\u015f olan bu kitab\u0131nda Engin Ge\u00e7tan insan olman\u0131n ikilemini \u015f\u00f6yle anlat\u0131r: \u00c7a\u011fda\u015f toplumlar kendine \u00f6zg\u00fc bir olguyu da birlikte getirmi\u015ftir. \u0130nsan eskisinden \u00e7ok daha fazla say\u0131da insanla, \u00e7ok daha k\u0131sa s\u00fcreli, daha y\u00fczeysel ili\u015fkiler kurma e\u011filimindedir. Bu, so\u011fuk bir g\u00fcnde kar\u015f\u0131la\u015fan bir grup kirpinin \u00f6yk\u00fcs\u00fcne benzer. Kirpiler \u0131s\u0131nabilmek i\u00e7in birbirlerine sokulurlar, ama dikenleri birbirine batar. Birbirlerinden ayr\u0131ld\u0131klar\u0131ndaysa so\u011fuktan rahats\u0131z olurlar. \u0130leri geri hareket ederek sonunda dikenlerini bat\u0131rmadan birbirlerini \u0131s\u0131tabilecekleri en uygun uzakl\u0131\u011f\u0131 bulurlar. Son yirmi y\u0131l\u0131n d\u00fcnyas\u0131ndaki sosyal ve maddi de\u011fi\u015fimler d\u00fc\u015f\u00fcn\u00fcl\u00fcrse, kirpilerin birbirine daha da \u00e7ok ihtiya\u00e7 duydu\u011funu, her kirpinin bu ikilem kar\u015f\u0131s\u0131nda kendi cevab\u0131n\u0131 bulmas\u0131 gerekti\u011fini, tam da bu y\u00fczden \u0130nsan Olmak\u2019\u0131n bug\u00fcn daha da g\u00fcncel oldu\u011funu s\u00f6yleyebiliriz.<\/p>\n","protected":false},"excerpt":{"rendered":"<p>\u0130lk kez yay\u0131mland\u0131\u011f\u0131 1983\u2019ten g\u00fcn\u00fcm\u00fcze defalarca bask\u0131 yapm\u0131\u015f ve okurla kurdu\u011fu yap\u0131c\u0131 ili\u015fkiyi kan\u0131tlam\u0131\u015f olan bu kitab\u0131nda Engin Ge\u00e7tan insan olman\u0131n ikilemini \u015f\u00f6yle anlat\u0131r: \u00c7a\u011fda\u015f toplumlar<span class=\"excerpt-hellip\"> [\u2026]<\/span><\/p>\n","protected":false},"featured_media":0,"template":"","meta":{"_monsterinsights_skip_tracking":false,"_monsterinsights_sitenote_active":false,"_monsterinsights_sitenote_note":"","_monsterinsights_sitenote_category":0},"product_brand":[],"product_cat":[12358,12357],"product_tag":[],"class_list":{"0":"post-691776","1":"product","2":"type-product","3":"status-publish","5":"product_cat-genel-psikoloji","6":"product_cat-psikoloji","7":"pa_cilt-ciltsiz","8":"pa_tur-kitap","9":"pa_yayinevi-metis-yayinlari","10":"pa_yazar-engin-gectan","12":"first","13":"instock","14":"sale","15":"shipping-taxable","16":"purchasable","17":"product-type-simple"},"_links":{"self":[{"href":"https:\/\/roveyayinevi.com.tr\/index.php\/wp-json\/wp\/v2\/product\/691776","targetHints":{"allow":["GET"]}}],"collection":[{"href":"https:\/\/roveyayinevi.com.tr\/index.php\/wp-json\/wp\/v2\/product"}],"about":[{"href":"https:\/\/roveyayinevi.com.tr\/index.php\/wp-json\/wp\/v2\/types\/product"}],"wp:attachment":[{"href":"https:\/\/roveyayinevi.com.tr\/index.php\/wp-json\/wp\/v2\/media?parent=691776"}],"wp:term":[{"taxonomy":"product_brand","embeddable":true,"href":"https:\/\/roveyayinevi.com.tr\/index.php\/wp-json\/wp\/v2\/product_brand?post=691776"},{"taxonomy":"product_cat","embeddable":true,"href":"https:\/\/roveyayinevi.com.tr\/index.php\/wp-json\/wp\/v2\/product_cat?post=691776"},{"taxonomy":"product_tag","embeddable":true,"href":"https:\/\/roveyayinevi.com.tr\/index.php\/wp-json\/wp\/v2\/product_tag?post=691776"}],"curies":[{"name":"wp","href":"https:\/\/api.w.org\/{rel}","templated":true}]}}