{"id":691775,"date":"2025-08-27T14:00:41","date_gmt":"2025-08-27T11:00:41","guid":{"rendered":"https:\/\/roveyayinevi.com.tr\/index.php\/urun\/ideolojinin-yuce-nesnesi\/"},"modified":"2026-04-16T02:02:01","modified_gmt":"2026-04-15T23:02:01","slug":"ideolojinin-yuce-nesnesi","status":"publish","type":"product","link":"https:\/\/roveyayinevi.com.tr\/index.php\/urun\/ideolojinin-yuce-nesnesi\/","title":{"rendered":"\u0130deolojinin Y\u00fcce Nesnesi"},"content":{"rendered":"<p>Kant\u2019\u0131 Sade\u2019la, Hegel\u2019i Lacanl\u2019la, Marx\u2019\u0131 Freud\u2019la, Lacan\u2019\u0131 Hitchcock\u2019la: Zizek, \u0130deolojinin Y\u00fcce Nesnesi ile ba\u015flayan eserlerinin b\u00fct\u00fcn\u00fcnde, metinleraras\u0131 okuman\u0131n devrimci, alt\u00fcst edici g\u00fcc\u00fcn\u00fc sergiliyor. Hegel\u2019in diyalekti\u011fi icat eden ama idealist bir filozof olman\u0131n \u00f6tesine gidemeyen, modas\u0131 ge\u00e7mi\u015f bir d\u00fc\u015f\u00fcn\u00fcr olmad\u0131\u011f\u0131n\u0131 onu b\u00f6yle Lacan ile birlikte okudu\u011fumuzda anl\u0131yoruz. Marx\u2019\u0131n eserinin politik iktisattan ibaret olmad\u0131\u011f\u0131n\u0131, psikanalize \u0131\u015f\u0131k tutan, hatta onu var k\u0131lan semptom kavram\u0131n\u0131 Marx\u2019\u0131n icat etmi\u015f oldu\u011funu da gene Lacan\u2019dan \u00f6\u011freniyoruz. Anla\u015f\u0131lmazl\u0131\u011f\u0131yla , dil oyunlar\u0131na g\u00f6m\u00fclm\u00fc\u015fl\u00fc\u011f\u00fcyle \u00fcnl\u00fc Lacan\u2019\u0131 pop\u00fcler\u2019 Hollywood filmleriyle birarada okudu\u011fumuzda, esrar perdesi kalk\u0131yor birden. Ahlak\u00e7\u0131 Kant, sapk\u0131nl\u0131\u011f\u0131n d\u00fc\u015f\u00fcn\u00fcr\u00fc Sade ile birlikte yeni bir anlam kazan\u0131yor. Freud Marx\u2019a \u0131\u015f\u0131k tutuyor, Amerikan karton filmleri de Sade\u2019a. Ve hepsi birden i\u00e7inde ya\u015fad\u0131\u011f\u0131m\u0131z \u00e7a\u011f\u0131 biraz da olsa anlamland\u0131rmam\u0131za yarayabilecek, neyi, nas\u0131l, ni\u00e7in de\u011fi\u015ftirebilece\u011fimize dair ipu\u00e7lar\u0131 veriyorlar elimize. \ufffcTan\u0131t\u0131m Metni<\/p>\n","protected":false},"excerpt":{"rendered":"<p>Kant\u2019\u0131 Sade\u2019la, Hegel\u2019i Lacanl\u2019la, Marx\u2019\u0131 Freud\u2019la, Lacan\u2019\u0131 Hitchcock\u2019la: Zizek, \u0130deolojinin Y\u00fcce Nesnesi ile ba\u015flayan eserlerinin b\u00fct\u00fcn\u00fcnde, metinleraras\u0131 okuman\u0131n devrimci, alt\u00fcst edici g\u00fcc\u00fcn\u00fc sergiliyor. Hegel\u2019in diyalekti\u011fi icat<span class=\"excerpt-hellip\"> [\u2026]<\/span><\/p>\n","protected":false},"featured_media":0,"template":"","meta":{"_monsterinsights_skip_tracking":false,"_monsterinsights_sitenote_active":false,"_monsterinsights_sitenote_note":"","_monsterinsights_sitenote_category":0},"product_brand":[],"product_cat":[12351,12324],"product_tag":[],"class_list":{"0":"post-691775","1":"product","2":"type-product","3":"status-publish","5":"product_cat-siyaset-sosyolojisi","6":"product_cat-sosyoloji","7":"pa_cilt-ciltsiz","8":"pa_tur-kitap","9":"pa_yayinevi-metis-yayinlari","10":"pa_yazar-slavoj-zizek","12":"first","13":"instock","14":"sale","15":"shipping-taxable","16":"purchasable","17":"product-type-simple"},"_links":{"self":[{"href":"https:\/\/roveyayinevi.com.tr\/index.php\/wp-json\/wp\/v2\/product\/691775","targetHints":{"allow":["GET"]}}],"collection":[{"href":"https:\/\/roveyayinevi.com.tr\/index.php\/wp-json\/wp\/v2\/product"}],"about":[{"href":"https:\/\/roveyayinevi.com.tr\/index.php\/wp-json\/wp\/v2\/types\/product"}],"wp:attachment":[{"href":"https:\/\/roveyayinevi.com.tr\/index.php\/wp-json\/wp\/v2\/media?parent=691775"}],"wp:term":[{"taxonomy":"product_brand","embeddable":true,"href":"https:\/\/roveyayinevi.com.tr\/index.php\/wp-json\/wp\/v2\/product_brand?post=691775"},{"taxonomy":"product_cat","embeddable":true,"href":"https:\/\/roveyayinevi.com.tr\/index.php\/wp-json\/wp\/v2\/product_cat?post=691775"},{"taxonomy":"product_tag","embeddable":true,"href":"https:\/\/roveyayinevi.com.tr\/index.php\/wp-json\/wp\/v2\/product_tag?post=691775"}],"curies":[{"name":"wp","href":"https:\/\/api.w.org\/{rel}","templated":true}]}}