{"id":691774,"date":"2025-08-27T14:00:41","date_gmt":"2025-08-27T11:00:41","guid":{"rendered":"https:\/\/roveyayinevi.com.tr\/index.php\/urun\/metis-bilim-dizisi-07-icimizdeki-maymun\/"},"modified":"2025-12-30T09:39:38","modified_gmt":"2025-12-30T06:39:38","slug":"metis-bilim-dizisi-07-icimizdeki-maymun","status":"publish","type":"product","link":"https:\/\/roveyayinevi.com.tr\/index.php\/urun\/metis-bilim-dizisi-07-icimizdeki-maymun\/","title":{"rendered":"Metis Bilim Dizisi 07 &#8211; \u0130\u00e7imizdeki Maymun"},"content":{"rendered":"<p>Sava\u015ftan, \u015fiddetten muaf bir d\u00fcnyada ya\u015famak istiyoruz, diyenlere, bunun insan do\u011fas\u0131 na ayk\u0131r\u0131 oldu\u011fu s\u00f6ylenir hep. Ama ya biri \u00e7\u0131k\u0131p da dillerden d\u00fc\u015fmeyen bu do\u011fam\u0131z\u0131 sorgularsa? \u00dcnl\u00fc primatolog Frans de Waal\u2019in yapt\u0131\u011f\u0131 tam da bu. Uzun y\u0131llard\u0131r primatlar \u00fczerine ara\u015ft\u0131rmalar y\u00fcr\u00fcten de Waal, bilhassa en yak\u0131n akrabalar\u0131m\u0131z olan \u015fempanzelere ve onlardan daha az tan\u0131nan bonobolara ili\u015fkin g\u00f6zlemlerinden sonra, bu ikisinin birbirinden geceyle g\u00fcnd\u00fcz kadar farkl\u0131 oldu\u011fu sonucuna varm\u0131\u015f: Birisi \u00f6fkesini zaptetmekle ilgili sorunlar ya\u015fayan h\u0131rsl\u0131, ha\u015fin g\u00f6r\u00fcn\u00fcml\u00fc bir karakter. Di\u011feri \u00f6zg\u00fcr ruhlu bir hayat tarz\u0131n\u0131n e\u015fitlik\u00e7i yanda\u015f\u0131. De Waal\u2019e g\u00f6re, bunca zamand\u0131r g\u00f6rece vah\u015fi akrabalar\u0131m\u0131z\u0131n \u00f6n plana \u00e7\u0131kar\u0131lmas\u0131 tesad\u00fcf de\u011fil. Bu durumu, bonobolar\u0131n insan do\u011fas\u0131na dair yerle\u015fik fikirlere uymamas\u0131 yla a\u00e7\u0131klayan de Waal \u015f\u00f6yle devam ediyor: \u0130nan\u0131n bana, ara\u015ft\u0131rmalarda birbirlerini katlettikleri ortaya \u00e7\u0131ksa \u015fimdiye herkes bonobolar\u0131 ezberlemi\u015fti. As\u0131l sorun bar\u0131\u015f\u00e7\u0131ll\u0131klar\u0131. \u00d6nce bonoboyu tan\u0131sayd\u0131k, \u015fempanzeyi daha sonra, hatta hi\u00e7 tan\u0131masayd\u0131k ne olurdu hayal etmeye \u00e7al\u0131\u015f\u0131yorum bazen. \u0130nsan evrimi hakk\u0131ndaki tart\u0131\u015fma belki bu kadar \u015fiddet, sava\u015f, erkek egemenli\u011fi \u00fczerinden de\u011fil; cinsellik, empati, \u00f6zen ve ortakl\u0131k \u00fczerinden y\u00fcr\u00fcrd\u00fc. Ne farkl\u0131 bir entelekt\u00fcel bir co\u011frafyaya sahip olurduk kim bilir! Farkl\u0131 bir bak\u0131\u015f a\u00e7\u0131s\u0131 benimsemek i\u00e7in \u00e7ok mu ge\u00e7? Olmad\u0131\u011f\u0131n\u0131 umuyoruz. Hayvanlara ili\u015fkin kli\u015feleri somut g\u00f6zlemler ve ilgin\u00e7 anekdotlar arac\u0131l\u0131\u011f\u0131yla alt\u00fcst ederek bizi insan do\u011fas\u0131 konusunda bir kere daha d\u00fc\u015f\u00fcnmeye davet eden \u0130\u00e7imizdeki Maymun, bu yolda \u00f6nemli bir ad\u0131m at\u0131yor.\ufffcTan\u0131t\u0131m Metni<\/p>\n","protected":false},"excerpt":{"rendered":"<p>Sava\u015ftan, \u015fiddetten muaf bir d\u00fcnyada ya\u015famak istiyoruz, diyenlere, bunun insan do\u011fas\u0131 na ayk\u0131r\u0131 oldu\u011fu s\u00f6ylenir hep. Ama ya biri \u00e7\u0131k\u0131p da dillerden d\u00fc\u015fmeyen bu do\u011fam\u0131z\u0131 sorgularsa?<span class=\"excerpt-hellip\"> [\u2026]<\/span><\/p>\n","protected":false},"featured_media":0,"template":"","meta":{"_monsterinsights_skip_tracking":false,"_monsterinsights_sitenote_active":false,"_monsterinsights_sitenote_note":"","_monsterinsights_sitenote_category":0},"product_brand":[],"product_cat":[12777,12291],"product_tag":[],"class_list":{"0":"post-691774","1":"product","2":"type-product","3":"status-publish","5":"product_cat-deneme","6":"product_cat-edebiyat","7":"pa_cilt-ciltsiz","8":"pa_tur-kitap","9":"pa_yayinevi-metis-yayinlari","10":"pa_yazar-frans-de-wals","12":"first","13":"instock","14":"sale","15":"shipping-taxable","16":"purchasable","17":"product-type-simple"},"_links":{"self":[{"href":"https:\/\/roveyayinevi.com.tr\/index.php\/wp-json\/wp\/v2\/product\/691774","targetHints":{"allow":["GET"]}}],"collection":[{"href":"https:\/\/roveyayinevi.com.tr\/index.php\/wp-json\/wp\/v2\/product"}],"about":[{"href":"https:\/\/roveyayinevi.com.tr\/index.php\/wp-json\/wp\/v2\/types\/product"}],"wp:attachment":[{"href":"https:\/\/roveyayinevi.com.tr\/index.php\/wp-json\/wp\/v2\/media?parent=691774"}],"wp:term":[{"taxonomy":"product_brand","embeddable":true,"href":"https:\/\/roveyayinevi.com.tr\/index.php\/wp-json\/wp\/v2\/product_brand?post=691774"},{"taxonomy":"product_cat","embeddable":true,"href":"https:\/\/roveyayinevi.com.tr\/index.php\/wp-json\/wp\/v2\/product_cat?post=691774"},{"taxonomy":"product_tag","embeddable":true,"href":"https:\/\/roveyayinevi.com.tr\/index.php\/wp-json\/wp\/v2\/product_tag?post=691774"}],"curies":[{"name":"wp","href":"https:\/\/api.w.org\/{rel}","templated":true}]}}