{"id":691773,"date":"2025-08-27T14:00:41","date_gmt":"2025-08-27T11:00:41","guid":{"rendered":"https:\/\/roveyayinevi.com.tr\/index.php\/urun\/icdeniz-balikcisi\/"},"modified":"2026-04-16T02:02:01","modified_gmt":"2026-04-15T23:02:01","slug":"icdeniz-balikcisi","status":"publish","type":"product","link":"https:\/\/roveyayinevi.com.tr\/index.php\/urun\/icdeniz-balikcisi\/","title":{"rendered":"\u0130\u00e7deniz Bal\u0131k\u00e7\u0131s\u0131"},"content":{"rendered":"<p>Masalda, ya\u015fad\u0131\u011f\u0131 ada ile anakara aras\u0131ndaki sakin denizde her g\u00fcn tek ba\u015f\u0131na bal\u0131\u011fa \u00e7\u0131kan Ura\u015fima ad\u0131ndaki fakir bir bal\u0131k\u00e7\u0131 anlat\u0131l\u0131r. Ura\u015fima uzun siyah sa\u00e7lar\u0131 olan gen\u00e7 ve yak\u0131\u015f\u0131kl\u0131 bir adamm\u0131\u015f. Bir g\u00fcn denizler kral\u0131n\u0131n k\u0131z\u0131 yukar\u0131 bak\u0131p da geni\u015f g\u00f6ky\u00fcz\u00fc dairesinden y\u00fczerek ge\u00e7en bir karalt\u0131y\u0131 seyrederken, kay\u0131\u011f\u0131n\u0131n kenar\u0131ndan e\u011filen Ura\u015fima\u2019y\u0131 g\u00f6rm\u00fc\u015f. Dalgalar\u0131n i\u00e7inden \u00e7\u0131karak, kendisiyle birlikte denizin alt\u0131ndaki saray\u0131na gelmesi i\u00e7in Ura\u015fima\u2019ya yalvarm\u0131\u015f. Ura\u015fima \u00f6nce, &#8220;\u00c7ocuklar\u0131m evde beni bekler,&#8221; diyerek kabul etmemi\u015f. Ama denizler kral\u0131n\u0131n k\u0131z\u0131 nas\u0131l reddedilir? &#8220;Sadece bir geceli\u011fine,&#8221; demi\u015f Ura\u015fima. Le Guin\u2019in sekiz \u00f6yk\u00fcden olu\u015fan ve D\u00fcnyan\u0131n Do\u011fum G\u00fcn\u00fc kitab\u0131ndan on y\u0131l kadar \u00f6nce yazd\u0131\u011f\u0131 \u0130\u00e7deniz Bal\u0131k\u00e7\u0131s\u0131\u2019nda, &#8220;Bilimkurgu Okumamak \u00dczerine&#8221; ba\u015fl\u0131kl\u0131 bir giri\u015f yaz\u0131s\u0131 da yer al\u0131yor. Her iki kitab\u0131nda da ortak olan baz\u0131 olay, ara\u00e7 ve kavramlar\u0131 nas\u0131l icat etti\u011fini anlat\u0131yor yazar. &#8220;\u00c7\u00f6rtme teorisini&#8221; ya da &#8220;n\u0131h u\u00e7u\u015fu&#8221;nu merak edenlere tavsiye edilir.\ufffc<\/p>\n","protected":false},"excerpt":{"rendered":"<p>Masalda, ya\u015fad\u0131\u011f\u0131 ada ile anakara aras\u0131ndaki sakin denizde her g\u00fcn tek ba\u015f\u0131na bal\u0131\u011fa \u00e7\u0131kan Ura\u015fima ad\u0131ndaki fakir bir bal\u0131k\u00e7\u0131 anlat\u0131l\u0131r. Ura\u015fima uzun siyah sa\u00e7lar\u0131 olan gen\u00e7<span class=\"excerpt-hellip\"> [\u2026]<\/span><\/p>\n","protected":false},"featured_media":0,"template":"","meta":{"_monsterinsights_skip_tracking":false,"_monsterinsights_sitenote_active":false,"_monsterinsights_sitenote_note":"","_monsterinsights_sitenote_category":0},"product_brand":[],"product_cat":[12291,12711],"product_tag":[],"class_list":{"0":"post-691773","1":"product","2":"type-product","3":"status-publish","5":"product_cat-edebiyat","6":"product_cat-roman-oyku","7":"pa_cilt-ciltsiz","8":"pa_tur-kitap","9":"pa_yayinevi-metis-yayinlari","10":"pa_yazar-ursula-k-le-guin","12":"first","13":"instock","14":"sale","15":"shipping-taxable","16":"purchasable","17":"product-type-simple"},"_links":{"self":[{"href":"https:\/\/roveyayinevi.com.tr\/index.php\/wp-json\/wp\/v2\/product\/691773","targetHints":{"allow":["GET"]}}],"collection":[{"href":"https:\/\/roveyayinevi.com.tr\/index.php\/wp-json\/wp\/v2\/product"}],"about":[{"href":"https:\/\/roveyayinevi.com.tr\/index.php\/wp-json\/wp\/v2\/types\/product"}],"wp:attachment":[{"href":"https:\/\/roveyayinevi.com.tr\/index.php\/wp-json\/wp\/v2\/media?parent=691773"}],"wp:term":[{"taxonomy":"product_brand","embeddable":true,"href":"https:\/\/roveyayinevi.com.tr\/index.php\/wp-json\/wp\/v2\/product_brand?post=691773"},{"taxonomy":"product_cat","embeddable":true,"href":"https:\/\/roveyayinevi.com.tr\/index.php\/wp-json\/wp\/v2\/product_cat?post=691773"},{"taxonomy":"product_tag","embeddable":true,"href":"https:\/\/roveyayinevi.com.tr\/index.php\/wp-json\/wp\/v2\/product_tag?post=691773"}],"curies":[{"name":"wp","href":"https:\/\/api.w.org\/{rel}","templated":true}]}}