{"id":691772,"date":"2025-08-27T14:00:41","date_gmt":"2025-08-27T11:00:41","guid":{"rendered":"https:\/\/roveyayinevi.com.tr\/index.php\/urun\/histerik-bilinc\/"},"modified":"2025-11-22T02:18:47","modified_gmt":"2025-11-21T23:18:47","slug":"histerik-bilinc","status":"publish","type":"product","link":"https:\/\/roveyayinevi.com.tr\/index.php\/urun\/histerik-bilinc\/","title":{"rendered":"Histerik Bilin\u00e7"},"content":{"rendered":"<p>Daha \u00e7ok psikiyatr olarak tan\u0131d\u0131\u011f\u0131m\u0131z Saffet Murat Tura bir do\u011fa olay\u0131 olarak insan bilincinin nas\u0131l m\u00fcmk\u00fcn oldu\u011fu sorusunun pe\u015fine d\u00fc\u015f\u00fcyor bu kitab\u0131nda. Bilin\u00e7 ara\u015ft\u0131rmalar\u0131 alan\u0131na T\u00fcrk\u00e7eden yap\u0131lan son derece \u00f6zg\u00fcn bir katk\u0131 olan Histerik Bilin\u00e7in temel sorusu \u015fu: Hepimiz atomlardan olu\u015fmu\u015f maddi cisimler oldu\u011fumuz halde neden bir i\u00e7 d\u00fcnyam\u0131z, i\u00e7 ya\u015fant\u0131lar\u0131m\u0131z, bir fenomenal bilincimiz var? Psikiyatriden fizyolojiye, n\u00f6rolojiden kuantum fizi\u011fine uzanan geni\u015f bir alanda d\u00fc\u015f\u00fcnme cesaretini g\u00f6steren bu deneysel felsefe kitab\u0131ndaki heyecan\u0131n okurlara da bula\u015faca\u011f\u0131n\u0131 d\u00fc\u015f\u00fcn\u00fcyoruz. \ufffcTan\u0131t\u0131m Metni<\/p>\n","protected":false},"excerpt":{"rendered":"<p>Daha \u00e7ok psikiyatr olarak tan\u0131d\u0131\u011f\u0131m\u0131z Saffet Murat Tura bir do\u011fa olay\u0131 olarak insan bilincinin nas\u0131l m\u00fcmk\u00fcn oldu\u011fu sorusunun pe\u015fine d\u00fc\u015f\u00fcyor bu kitab\u0131nda. Bilin\u00e7 ara\u015ft\u0131rmalar\u0131 alan\u0131na T\u00fcrk\u00e7eden<span class=\"excerpt-hellip\"> [\u2026]<\/span><\/p>\n","protected":false},"featured_media":0,"template":"","meta":{"_monsterinsights_skip_tracking":false,"_monsterinsights_sitenote_active":false,"_monsterinsights_sitenote_note":"","_monsterinsights_sitenote_category":0},"product_brand":[],"product_cat":[12358,12357],"product_tag":[],"class_list":{"0":"post-691772","1":"product","2":"type-product","3":"status-publish","5":"product_cat-genel-psikoloji","6":"product_cat-psikoloji","7":"pa_cilt-ciltsiz","8":"pa_tur-kitap","9":"pa_yayinevi-metis-yayinlari","10":"pa_yazar-saffet-murat-tura","12":"first","13":"instock","14":"sale","15":"shipping-taxable","16":"purchasable","17":"product-type-simple"},"_links":{"self":[{"href":"https:\/\/roveyayinevi.com.tr\/index.php\/wp-json\/wp\/v2\/product\/691772","targetHints":{"allow":["GET"]}}],"collection":[{"href":"https:\/\/roveyayinevi.com.tr\/index.php\/wp-json\/wp\/v2\/product"}],"about":[{"href":"https:\/\/roveyayinevi.com.tr\/index.php\/wp-json\/wp\/v2\/types\/product"}],"wp:attachment":[{"href":"https:\/\/roveyayinevi.com.tr\/index.php\/wp-json\/wp\/v2\/media?parent=691772"}],"wp:term":[{"taxonomy":"product_brand","embeddable":true,"href":"https:\/\/roveyayinevi.com.tr\/index.php\/wp-json\/wp\/v2\/product_brand?post=691772"},{"taxonomy":"product_cat","embeddable":true,"href":"https:\/\/roveyayinevi.com.tr\/index.php\/wp-json\/wp\/v2\/product_cat?post=691772"},{"taxonomy":"product_tag","embeddable":true,"href":"https:\/\/roveyayinevi.com.tr\/index.php\/wp-json\/wp\/v2\/product_tag?post=691772"}],"curies":[{"name":"wp","href":"https:\/\/api.w.org\/{rel}","templated":true}]}}