{"id":691771,"date":"2025-08-27T14:00:40","date_gmt":"2025-08-27T11:00:40","guid":{"rendered":"https:\/\/roveyayinevi.com.tr\/index.php\/urun\/hayat-atolyesi\/"},"modified":"2026-04-16T02:02:01","modified_gmt":"2026-04-15T23:02:01","slug":"hayat-atolyesi","status":"publish","type":"product","link":"https:\/\/roveyayinevi.com.tr\/index.php\/urun\/hayat-atolyesi\/","title":{"rendered":"Hayat At\u00f6lyesi"},"content":{"rendered":"<p>Hayat At\u00f6lyesi, ad\u0131n\u0131, Murathan Mungan\u2019\u0131n 2002 y\u0131l\u0131nda Milliyet gazetesinin k\u00fclt\u00fcr-sanat ekinde tam sayfa olarak yay\u0131mlanan k\u00f6\u015fesinden al\u0131yor. Farkl\u0131 konularda g\u00f6zlemler, notlar, de\u011finiler ve irili ufakl\u0131 yaz\u0131lardan se\u00e7ilenler   Hayat At\u00f6lyesi   ba\u015fl\u0131kl\u0131 b\u00f6l\u00fcmde bir araya geliyor. <\/p>\n","protected":false},"excerpt":{"rendered":"<p>Hayat At\u00f6lyesi, ad\u0131n\u0131, Murathan Mungan\u2019\u0131n 2002 y\u0131l\u0131nda Milliyet gazetesinin k\u00fclt\u00fcr-sanat ekinde tam sayfa olarak yay\u0131mlanan k\u00f6\u015fesinden al\u0131yor. Farkl\u0131 konularda g\u00f6zlemler, notlar, de\u011finiler ve irili ufakl\u0131 yaz\u0131lardan<span class=\"excerpt-hellip\"> [\u2026]<\/span><\/p>\n","protected":false},"featured_media":0,"template":"","meta":{"_monsterinsights_skip_tracking":false,"_monsterinsights_sitenote_active":false,"_monsterinsights_sitenote_note":"","_monsterinsights_sitenote_category":0},"product_brand":[],"product_cat":[12777,12291],"product_tag":[],"class_list":{"0":"post-691771","1":"product","2":"type-product","3":"status-publish","5":"product_cat-deneme","6":"product_cat-edebiyat","7":"pa_cilt-ciltsiz","8":"pa_tur-kitap","9":"pa_yayinevi-metis-yayinlari","10":"pa_yazar-murathan-mungan","12":"first","13":"instock","14":"sale","15":"shipping-taxable","16":"purchasable","17":"product-type-simple"},"_links":{"self":[{"href":"https:\/\/roveyayinevi.com.tr\/index.php\/wp-json\/wp\/v2\/product\/691771","targetHints":{"allow":["GET"]}}],"collection":[{"href":"https:\/\/roveyayinevi.com.tr\/index.php\/wp-json\/wp\/v2\/product"}],"about":[{"href":"https:\/\/roveyayinevi.com.tr\/index.php\/wp-json\/wp\/v2\/types\/product"}],"wp:attachment":[{"href":"https:\/\/roveyayinevi.com.tr\/index.php\/wp-json\/wp\/v2\/media?parent=691771"}],"wp:term":[{"taxonomy":"product_brand","embeddable":true,"href":"https:\/\/roveyayinevi.com.tr\/index.php\/wp-json\/wp\/v2\/product_brand?post=691771"},{"taxonomy":"product_cat","embeddable":true,"href":"https:\/\/roveyayinevi.com.tr\/index.php\/wp-json\/wp\/v2\/product_cat?post=691771"},{"taxonomy":"product_tag","embeddable":true,"href":"https:\/\/roveyayinevi.com.tr\/index.php\/wp-json\/wp\/v2\/product_tag?post=691771"}],"curies":[{"name":"wp","href":"https:\/\/api.w.org\/{rel}","templated":true}]}}