{"id":691768,"date":"2025-08-27T14:00:40","date_gmt":"2025-08-27T11:00:40","guid":{"rendered":"https:\/\/roveyayinevi.com.tr\/index.php\/urun\/madam-bovary-2\/"},"modified":"2026-04-16T02:02:01","modified_gmt":"2026-04-15T23:02:01","slug":"madam-bovary-2","status":"publish","type":"product","link":"https:\/\/roveyayinevi.com.tr\/index.php\/urun\/madam-bovary-2\/","title":{"rendered":"Madam Bovary"},"content":{"rendered":"<p>1821\u2019de Fransa\u2019da do\u011fup, 1880\u2019de bir inme sonucu \u00f6len Gustave Flaubert, bir hastane ba\u015fcerrah\u0131n\u0131n o\u011fludur. \u0130\u00e7e kapal\u0131 bir ya\u015fam s\u00fcrd\u00fcren yazar, M\u0131s\u0131r, Filistin, Suriye ve \u0130talya\u2019y\u0131 dola\u015fm\u0131\u015f, i\u00e7e kapan\u0131kl\u0131\u011f\u0131ndan yaln\u0131zca Tunus ve M\u0131s\u0131r\u2019da yapt\u0131\u011f\u0131 yolculuklarda s\u0131yr\u0131lm\u0131\u015ft\u0131r. <\/p>\n","protected":false},"excerpt":{"rendered":"<p>1821\u2019de Fransa\u2019da do\u011fup, 1880\u2019de bir inme sonucu \u00f6len Gustave Flaubert, bir hastane ba\u015fcerrah\u0131n\u0131n o\u011fludur. \u0130\u00e7e kapal\u0131 bir ya\u015fam s\u00fcrd\u00fcren yazar, M\u0131s\u0131r, Filistin, Suriye ve \u0130talya\u2019y\u0131 dola\u015fm\u0131\u015f,<span class=\"excerpt-hellip\"> [\u2026]<\/span><\/p>\n","protected":false},"featured_media":0,"template":"","meta":{"_monsterinsights_skip_tracking":false,"_monsterinsights_sitenote_active":false,"_monsterinsights_sitenote_note":"","_monsterinsights_sitenote_category":0},"product_brand":[],"product_cat":[12291,13376],"product_tag":[],"class_list":{"0":"post-691768","1":"product","2":"type-product","3":"status-publish","5":"product_cat-edebiyat","6":"product_cat-fransiz-edebiyati","7":"pa_tur-kitap","8":"pa_yayinevi-oda-yayinlari","9":"pa_yazar-gustave-flaubert","11":"first","12":"instock","13":"sale","14":"shipping-taxable","15":"purchasable","16":"product-type-simple"},"_links":{"self":[{"href":"https:\/\/roveyayinevi.com.tr\/index.php\/wp-json\/wp\/v2\/product\/691768","targetHints":{"allow":["GET"]}}],"collection":[{"href":"https:\/\/roveyayinevi.com.tr\/index.php\/wp-json\/wp\/v2\/product"}],"about":[{"href":"https:\/\/roveyayinevi.com.tr\/index.php\/wp-json\/wp\/v2\/types\/product"}],"wp:attachment":[{"href":"https:\/\/roveyayinevi.com.tr\/index.php\/wp-json\/wp\/v2\/media?parent=691768"}],"wp:term":[{"taxonomy":"product_brand","embeddable":true,"href":"https:\/\/roveyayinevi.com.tr\/index.php\/wp-json\/wp\/v2\/product_brand?post=691768"},{"taxonomy":"product_cat","embeddable":true,"href":"https:\/\/roveyayinevi.com.tr\/index.php\/wp-json\/wp\/v2\/product_cat?post=691768"},{"taxonomy":"product_tag","embeddable":true,"href":"https:\/\/roveyayinevi.com.tr\/index.php\/wp-json\/wp\/v2\/product_tag?post=691768"}],"curies":[{"name":"wp","href":"https:\/\/api.w.org\/{rel}","templated":true}]}}