{"id":691767,"date":"2025-08-27T14:00:40","date_gmt":"2025-08-27T11:00:40","guid":{"rendered":"https:\/\/roveyayinevi.com.tr\/index.php\/urun\/kreutzer-sonati\/"},"modified":"2026-04-16T02:02:01","modified_gmt":"2026-04-15T23:02:01","slug":"kreutzer-sonati","status":"publish","type":"product","link":"https:\/\/roveyayinevi.com.tr\/index.php\/urun\/kreutzer-sonati\/","title":{"rendered":"Kreutzer Sonat\u0131"},"content":{"rendered":"<p>A\u015fk romanlar\u0131n\u0131n unutulmazlar\u0131ndan olan Kreutzer Sonat\u0131 (Kr\u00f6y\u00e7er Sonat\u0131) k\u0131skan\u00e7l\u0131k duygusunu, topluma yay\u0131lm\u0131\u015f mant\u0131ktan yoksun baz\u0131 gelenek-g\u00f6renekleri, \u00f6nyarg\u0131lar ve kimi inan\u00e7lar\u0131n bir aileyi nas\u0131l y\u0131k\u0131ma s\u00fcr\u00fckledi\u011fini anlat\u0131r. \u0130\u015fledi\u011fi konular\u0131n g\u00fcncelli\u011fi, karakterlerinin inand\u0131r\u0131c\u0131l\u0131\u011f\u0131yla, roman\u0131 adeta resimler gibi olan Tolstoy\u2019un bu eserinde de tad\u0131na doyulmaz hazlar bulacaks\u0131n\u0131z. \ufffcTan\u0131t\u0131m Metni<\/p>\n","protected":false},"excerpt":{"rendered":"<p>A\u015fk romanlar\u0131n\u0131n unutulmazlar\u0131ndan olan Kreutzer Sonat\u0131 (Kr\u00f6y\u00e7er Sonat\u0131) k\u0131skan\u00e7l\u0131k duygusunu, topluma yay\u0131lm\u0131\u015f mant\u0131ktan yoksun baz\u0131 gelenek-g\u00f6renekleri, \u00f6nyarg\u0131lar ve kimi inan\u00e7lar\u0131n bir aileyi nas\u0131l y\u0131k\u0131ma s\u00fcr\u00fckledi\u011fini anlat\u0131r.<span class=\"excerpt-hellip\"> [\u2026]<\/span><\/p>\n","protected":false},"featured_media":0,"template":"","meta":{"_monsterinsights_skip_tracking":false,"_monsterinsights_sitenote_active":false,"_monsterinsights_sitenote_note":"","_monsterinsights_sitenote_category":0},"product_brand":[],"product_cat":[12291,13570],"product_tag":[],"class_list":{"0":"post-691767","1":"product","2":"type-product","3":"status-publish","5":"product_cat-edebiyat","6":"product_cat-rus-edebiyati","7":"pa_tur-kitap","8":"pa_yayinevi-oda-yayinlari","9":"pa_yazar-lev-nikolayevic-tolstoy","11":"first","12":"instock","13":"sale","14":"shipping-taxable","15":"purchasable","16":"product-type-simple"},"_links":{"self":[{"href":"https:\/\/roveyayinevi.com.tr\/index.php\/wp-json\/wp\/v2\/product\/691767","targetHints":{"allow":["GET"]}}],"collection":[{"href":"https:\/\/roveyayinevi.com.tr\/index.php\/wp-json\/wp\/v2\/product"}],"about":[{"href":"https:\/\/roveyayinevi.com.tr\/index.php\/wp-json\/wp\/v2\/types\/product"}],"wp:attachment":[{"href":"https:\/\/roveyayinevi.com.tr\/index.php\/wp-json\/wp\/v2\/media?parent=691767"}],"wp:term":[{"taxonomy":"product_brand","embeddable":true,"href":"https:\/\/roveyayinevi.com.tr\/index.php\/wp-json\/wp\/v2\/product_brand?post=691767"},{"taxonomy":"product_cat","embeddable":true,"href":"https:\/\/roveyayinevi.com.tr\/index.php\/wp-json\/wp\/v2\/product_cat?post=691767"},{"taxonomy":"product_tag","embeddable":true,"href":"https:\/\/roveyayinevi.com.tr\/index.php\/wp-json\/wp\/v2\/product_tag?post=691767"}],"curies":[{"name":"wp","href":"https:\/\/api.w.org\/{rel}","templated":true}]}}