{"id":691766,"date":"2025-08-27T14:00:39","date_gmt":"2025-08-27T11:00:39","guid":{"rendered":"https:\/\/roveyayinevi.com.tr\/index.php\/urun\/fedakar-annem-degerler-egitimi\/"},"modified":"2026-04-16T02:02:01","modified_gmt":"2026-04-15T23:02:01","slug":"fedakar-annem-degerler-egitimi","status":"publish","type":"product","link":"https:\/\/roveyayinevi.com.tr\/index.php\/urun\/fedakar-annem-degerler-egitimi\/","title":{"rendered":"Fedakar Annem &#8211; De\u011ferler E\u011fitimi"},"content":{"rendered":"<p>Aynur`un babas\u0131 Almanya`ya gitmi\u015fti. Ona g\u00fczel oyuncaklar, elbiseler alaca\u011f\u0131na s\u00f6z vererek&#8230; Aradan uzun zaman ge\u00e7ti\u011fi halde ne para g\u00f6ndermi\u015fti, ne de bir haber\u2026   Aynur, annesiyle birlikte \u00e7ok fakir d\u00fc\u015fm\u00fc\u015ft\u00fc. G\u00fczel evlerini b\u0131rak\u0131p eski bir eve ta\u015f\u0131nm\u0131\u015flard\u0131. Annesi mahallelinin \u00e7ama\u015f\u0131rlar\u0131n\u0131 y\u0131kayarak para kazan\u0131yordu.   Aynur`un annesi hasta d\u00fc\u015f\u00fcnce \u00e7al\u0131\u015famad\u0131, \u00e7al\u0131\u015famay\u0131nca para kazanamad\u0131. Yiyecek ne bir lokma ekmekleri ne de kap\u0131lar\u0131n\u0131 \u00e7alan bir dostlar\u0131 oldu. Aynur da daha fazla dayanamay\u0131p hasta d\u00fc\u015ft\u00fc&#8230;   Annesi, yavrusunun hastal\u0131ktan k\u0131vranmas\u0131na dayanamayarak son g\u00fcc\u00fcyle aya\u011fa kalkt\u0131 ve \u00e7al\u0131\u015fmak i\u00e7in mahallelinin kap\u0131s\u0131na gitti\u2026 <\/p>\n","protected":false},"excerpt":{"rendered":"<p>Aynur`un babas\u0131 Almanya`ya gitmi\u015fti. Ona g\u00fczel oyuncaklar, elbiseler alaca\u011f\u0131na s\u00f6z vererek&#8230; Aradan uzun zaman ge\u00e7ti\u011fi halde ne para g\u00f6ndermi\u015fti, ne de bir haber\u2026 Aynur, annesiyle birlikte<span class=\"excerpt-hellip\"> [\u2026]<\/span><\/p>\n","protected":false},"featured_media":0,"template":"","meta":{"_monsterinsights_skip_tracking":false,"_monsterinsights_sitenote_active":false,"_monsterinsights_sitenote_note":"","_monsterinsights_sitenote_category":0},"product_brand":[],"product_cat":[12274,12284],"product_tag":[],"class_list":{"0":"post-691766","1":"product","2":"type-product","3":"status-publish","5":"product_cat-cocuk-ve-genclik-kitaplari","6":"product_cat-hikayeler","7":"pa_cilt-ciltsiz","8":"pa_tur-kitap","9":"pa_yayinevi-nesil-cocuk-yayinlari","10":"pa_yazar-yavuz-bahadiroglu","12":"first","13":"instock","14":"sale","15":"shipping-taxable","16":"purchasable","17":"product-type-simple"},"_links":{"self":[{"href":"https:\/\/roveyayinevi.com.tr\/index.php\/wp-json\/wp\/v2\/product\/691766","targetHints":{"allow":["GET"]}}],"collection":[{"href":"https:\/\/roveyayinevi.com.tr\/index.php\/wp-json\/wp\/v2\/product"}],"about":[{"href":"https:\/\/roveyayinevi.com.tr\/index.php\/wp-json\/wp\/v2\/types\/product"}],"wp:attachment":[{"href":"https:\/\/roveyayinevi.com.tr\/index.php\/wp-json\/wp\/v2\/media?parent=691766"}],"wp:term":[{"taxonomy":"product_brand","embeddable":true,"href":"https:\/\/roveyayinevi.com.tr\/index.php\/wp-json\/wp\/v2\/product_brand?post=691766"},{"taxonomy":"product_cat","embeddable":true,"href":"https:\/\/roveyayinevi.com.tr\/index.php\/wp-json\/wp\/v2\/product_cat?post=691766"},{"taxonomy":"product_tag","embeddable":true,"href":"https:\/\/roveyayinevi.com.tr\/index.php\/wp-json\/wp\/v2\/product_tag?post=691766"}],"curies":[{"name":"wp","href":"https:\/\/api.w.org\/{rel}","templated":true}]}}