{"id":691764,"date":"2025-08-27T14:00:39","date_gmt":"2025-08-27T11:00:39","guid":{"rendered":"https:\/\/roveyayinevi.com.tr\/index.php\/urun\/elifba-boyama\/"},"modified":"2026-04-16T02:02:01","modified_gmt":"2026-04-15T23:02:01","slug":"elifba-boyama","status":"publish","type":"product","link":"https:\/\/roveyayinevi.com.tr\/index.php\/urun\/elifba-boyama\/","title":{"rendered":"Elifba Boyama"},"content":{"rendered":"<p>\u201cSizin en hay\u0131rl\u0131lar\u0131n\u0131z Kur\u2019an-\u0131 Kerim\u2019i \u00f6\u011frenen ve \u00f6\u011fretenlerinizdir\u201d hadis-i \u015ferifinden hareketle yay\u0131n yolculu\u011funa ba\u015flayan bu kitap, \u00f6\u011frenmeyi ve e\u011flenmeyi seven \u00e7ocuklar i\u00e7in haz\u0131rland\u0131.Nesil \u00c7ocuk Yay\u0131nlar\u0131 tatil g\u00fcnlerini Kur\u2019an \u00f6\u011frenmeye ay\u0131ran minikler i\u00e7in bu g\u00fczel \u00e7al\u0131\u015fmaya imza att\u0131. Hem boyama yapmak hem de Kur\u2019an harflerini \u00f6\u011frenmek isteyen \u00e7ocuklar EL\u0130FBA BOYAMA kitab\u0131yla hemen tan\u0131\u015fmal\u0131!Bu kitab\u0131n \u00e7ocuklara sa\u011flad\u0131\u011f\u0131 yararlar:\u2022 Boyama yaparak el becerilerini geli\u015ftirme\u2022 Renklerin uyumu noktas\u0131nda fikir bularak sanatsal y\u00f6n\u00fc geli\u015ftirme\u2022 Boyamalar yaparak e\u011flenceli bir \u015fekilde Kur\u2019an harflerini \u00f6\u011frenme\u2022 Kur\u2019an harflerinin seslerini \u00f6\u011fretmek amac\u0131 ile kitapta hayvanlar, \u015fekiller, e\u015fyalar kullan\u0131ld\u0131. Bunlar\u0131 \u00e7ocuklara tan\u0131tma bak\u0131m\u0131ndan g\u00f6rsel zek\u00e2y\u0131 geli\u015ftirme\u2022 Nesnelerin ilk harfleri ve Kur\u2019an harflerinin sesleri a\u00e7\u0131s\u0131ndan ba\u011flant\u0131 kurma \u00f6zelli\u011fiyle farkl\u0131 fikirleri bir araya getirebilme becerisini geli\u015ftirme\u2022 Kitapta bulunan a\u011fa\u00e7, \u00e7i\u00e7ek ve hayvan resimleri y\u00f6n\u00fcyle do\u011fa zek\u00e2s\u0131n\u0131 geli\u015ftirme\u2022 Boyama ba\u015flad\u0131\u011f\u0131 zaman, en az\u0131ndan o sayfay\u0131 tamamlamak y\u00f6n\u00fcyle ba\u015flanan i\u015fi bitirme al\u0131\u015fkanl\u0131\u011f\u0131n\u0131 geli\u015ftirme\u2022 Kitab\u0131n ba\u015ftan sona s\u0131rayla boyanmas\u0131 y\u00f6n\u00fcyle d\u00fczenli \u00e7al\u0131\u015fmak al\u0131\u015fkanl\u0131\u011f\u0131n\u0131 geli\u015ftirme\u2026<\/p>\n","protected":false},"excerpt":{"rendered":"<p>\u201cSizin en hay\u0131rl\u0131lar\u0131n\u0131z Kur\u2019an-\u0131 Kerim\u2019i \u00f6\u011frenen ve \u00f6\u011fretenlerinizdir\u201d hadis-i \u015ferifinden hareketle yay\u0131n yolculu\u011funa ba\u015flayan bu kitap, \u00f6\u011frenmeyi ve e\u011flenmeyi seven \u00e7ocuklar i\u00e7in haz\u0131rland\u0131.Nesil \u00c7ocuk Yay\u0131nlar\u0131 tatil<span class=\"excerpt-hellip\"> [\u2026]<\/span><\/p>\n","protected":false},"featured_media":0,"template":"","meta":{"_monsterinsights_skip_tracking":false,"_monsterinsights_sitenote_active":false,"_monsterinsights_sitenote_note":"","_monsterinsights_sitenote_category":0},"product_brand":[],"product_cat":[12274,18802],"product_tag":[],"class_list":{"0":"post-691764","1":"product","2":"type-product","3":"status-publish","5":"product_cat-cocuk-ve-genclik-kitaplari","6":"product_cat-din-egitimi","7":"pa_tur-kitap","8":"pa_yayinevi-nesil-cocuk-yayinlari","9":"pa_yazar-kolektif","11":"first","12":"instock","13":"sale","14":"shipping-taxable","15":"purchasable","16":"product-type-simple"},"_links":{"self":[{"href":"https:\/\/roveyayinevi.com.tr\/index.php\/wp-json\/wp\/v2\/product\/691764","targetHints":{"allow":["GET"]}}],"collection":[{"href":"https:\/\/roveyayinevi.com.tr\/index.php\/wp-json\/wp\/v2\/product"}],"about":[{"href":"https:\/\/roveyayinevi.com.tr\/index.php\/wp-json\/wp\/v2\/types\/product"}],"wp:attachment":[{"href":"https:\/\/roveyayinevi.com.tr\/index.php\/wp-json\/wp\/v2\/media?parent=691764"}],"wp:term":[{"taxonomy":"product_brand","embeddable":true,"href":"https:\/\/roveyayinevi.com.tr\/index.php\/wp-json\/wp\/v2\/product_brand?post=691764"},{"taxonomy":"product_cat","embeddable":true,"href":"https:\/\/roveyayinevi.com.tr\/index.php\/wp-json\/wp\/v2\/product_cat?post=691764"},{"taxonomy":"product_tag","embeddable":true,"href":"https:\/\/roveyayinevi.com.tr\/index.php\/wp-json\/wp\/v2\/product_tag?post=691764"}],"curies":[{"name":"wp","href":"https:\/\/api.w.org\/{rel}","templated":true}]}}