{"id":691757,"date":"2025-08-27T14:00:38","date_gmt":"2025-08-27T11:00:38","guid":{"rendered":"https:\/\/roveyayinevi.com.tr\/index.php\/urun\/canakkale-aslanlari\/"},"modified":"2026-04-13T02:02:16","modified_gmt":"2026-04-12T23:02:16","slug":"canakkale-aslanlari","status":"publish","type":"product","link":"https:\/\/roveyayinevi.com.tr\/index.php\/urun\/canakkale-aslanlari\/","title":{"rendered":"\u00c7anakkale Aslanlar\u0131"},"content":{"rendered":"<p>Vatan a\u015fk\u0131yla dolu, g\u00f6steri\u015ften uzak, sadece Allah\u2019a dayan\u0131p g\u00fcvenmi\u015f Anadolu \u00e7ocuklar\u0131\u2026 \u00c7o\u011fu yar\u0131 \u00e7\u0131plak, \u00e7o\u011fu yar\u0131 a\u00e7t\u0131. Bitkisel ya\u011fda ha\u015flanm\u0131\u015f bu\u011fday k\u0131r\u0131\u011f\u0131 yiyor, ta\u015fta toprakta yat\u0131yorlard\u0131.G\u00fcne\u015fe, f\u0131rt\u0131naya, so\u011fu\u011fa ve ya\u011fmura kar\u015f\u0131 korumas\u0131zlard\u0131. Bazen \u00e7amur ve bazen de toz i\u00e7indeki siperlerinde g\u00fcnlerini ge\u00e7iriyorlard\u0131. Fakat b\u00fct\u00fcn bu olumsuzluklara ra\u011fmen, d\u00fcnyan\u0131n her t\u00fcrl\u00fc ara\u00e7 ve imk\u00e2nlar\u0131na sahip d\u00fc\u015fmanlar\u0131yla aslanlar gibi sava\u015f\u0131yorlard\u0131.Bu ne sessiz, ne g\u00f6steri\u015fsiz bir vatan sevgisiydi. Arkalar\u0131nda fakir bir vatan topra\u011f\u0131 duran bu insanlar, sava\u015f boyunca birer kahramand\u0131. \u00d6l\u00fcme g\u00fclerek gidiyorlard\u0131. Allah\u2019\u0131n ad\u0131n\u0131 y\u00fcrekten anarak d\u00fc\u015fman\u0131n \u00fczerine at\u0131l\u0131yorlard\u0131.<\/p>\n","protected":false},"excerpt":{"rendered":"<p>Vatan a\u015fk\u0131yla dolu, g\u00f6steri\u015ften uzak, sadece Allah\u2019a dayan\u0131p g\u00fcvenmi\u015f Anadolu \u00e7ocuklar\u0131\u2026 \u00c7o\u011fu yar\u0131 \u00e7\u0131plak, \u00e7o\u011fu yar\u0131 a\u00e7t\u0131. Bitkisel ya\u011fda ha\u015flanm\u0131\u015f bu\u011fday k\u0131r\u0131\u011f\u0131 yiyor, ta\u015fta toprakta yat\u0131yorlard\u0131.G\u00fcne\u015fe,<span class=\"excerpt-hellip\"> [\u2026]<\/span><\/p>\n","protected":false},"featured_media":0,"template":"","meta":{"_monsterinsights_skip_tracking":false,"_monsterinsights_sitenote_active":false,"_monsterinsights_sitenote_note":"","_monsterinsights_sitenote_category":0},"product_brand":[],"product_cat":[12274,12284],"product_tag":[],"class_list":{"0":"post-691757","1":"product","2":"type-product","3":"status-publish","5":"product_cat-cocuk-ve-genclik-kitaplari","6":"product_cat-hikayeler","7":"pa_cilt-ciltsiz","8":"pa_tur-kitap","9":"pa_yayinevi-nesil-cocuk-yayinlari","10":"pa_yazar-vehbi-vakkasoglu","12":"first","13":"instock","14":"sale","15":"shipping-taxable","16":"purchasable","17":"product-type-simple"},"_links":{"self":[{"href":"https:\/\/roveyayinevi.com.tr\/index.php\/wp-json\/wp\/v2\/product\/691757","targetHints":{"allow":["GET"]}}],"collection":[{"href":"https:\/\/roveyayinevi.com.tr\/index.php\/wp-json\/wp\/v2\/product"}],"about":[{"href":"https:\/\/roveyayinevi.com.tr\/index.php\/wp-json\/wp\/v2\/types\/product"}],"wp:attachment":[{"href":"https:\/\/roveyayinevi.com.tr\/index.php\/wp-json\/wp\/v2\/media?parent=691757"}],"wp:term":[{"taxonomy":"product_brand","embeddable":true,"href":"https:\/\/roveyayinevi.com.tr\/index.php\/wp-json\/wp\/v2\/product_brand?post=691757"},{"taxonomy":"product_cat","embeddable":true,"href":"https:\/\/roveyayinevi.com.tr\/index.php\/wp-json\/wp\/v2\/product_cat?post=691757"},{"taxonomy":"product_tag","embeddable":true,"href":"https:\/\/roveyayinevi.com.tr\/index.php\/wp-json\/wp\/v2\/product_tag?post=691757"}],"curies":[{"name":"wp","href":"https:\/\/api.w.org\/{rel}","templated":true}]}}