{"id":691755,"date":"2025-08-27T14:00:37","date_gmt":"2025-08-27T11:00:37","guid":{"rendered":"https:\/\/roveyayinevi.com.tr\/index.php\/urun\/canavar-robot\/"},"modified":"2026-04-13T02:02:16","modified_gmt":"2026-04-12T23:02:16","slug":"canavar-robot","status":"publish","type":"product","link":"https:\/\/roveyayinevi.com.tr\/index.php\/urun\/canavar-robot\/","title":{"rendered":"Canavar Robot"},"content":{"rendered":"<p>Davut \u00e7ok zeki bir \u00e7ocuktu. K\u00f6y d\u0131\u015f\u0131ndaki bir ma\u011farada kendine laboratuar olu\u015fturmu\u015ftu. Orada bir robot yapt\u0131. O, robotu yapmak i\u00e7in u\u011fra\u015f\u0131rken k\u00f6yl\u00fcn\u00fcn ruhu bile duymad\u0131. \ufffcTan\u0131t\u0131m Metni<\/p>\n","protected":false},"excerpt":{"rendered":"<p>Davut \u00e7ok zeki bir \u00e7ocuktu. K\u00f6y d\u0131\u015f\u0131ndaki bir ma\u011farada kendine laboratuar olu\u015fturmu\u015ftu. Orada bir robot yapt\u0131. O, robotu yapmak i\u00e7in u\u011fra\u015f\u0131rken k\u00f6yl\u00fcn\u00fcn ruhu bile duymad\u0131. \ufffcTan\u0131t\u0131m<span class=\"excerpt-hellip\"> [\u2026]<\/span><\/p>\n","protected":false},"featured_media":0,"template":"","meta":{"_monsterinsights_skip_tracking":false,"_monsterinsights_sitenote_active":false,"_monsterinsights_sitenote_note":"","_monsterinsights_sitenote_category":0},"product_brand":[],"product_cat":[12274,12284],"product_tag":[],"class_list":{"0":"post-691755","1":"product","2":"type-product","3":"status-publish","5":"product_cat-cocuk-ve-genclik-kitaplari","6":"product_cat-hikayeler","7":"pa_tur-kitap","8":"pa_yayinevi-nesil-cocuk-yayinlari","9":"pa_yazar-yavuz-bahadiroglu","11":"first","12":"instock","13":"sale","14":"shipping-taxable","15":"purchasable","16":"product-type-simple"},"_links":{"self":[{"href":"https:\/\/roveyayinevi.com.tr\/index.php\/wp-json\/wp\/v2\/product\/691755","targetHints":{"allow":["GET"]}}],"collection":[{"href":"https:\/\/roveyayinevi.com.tr\/index.php\/wp-json\/wp\/v2\/product"}],"about":[{"href":"https:\/\/roveyayinevi.com.tr\/index.php\/wp-json\/wp\/v2\/types\/product"}],"wp:attachment":[{"href":"https:\/\/roveyayinevi.com.tr\/index.php\/wp-json\/wp\/v2\/media?parent=691755"}],"wp:term":[{"taxonomy":"product_brand","embeddable":true,"href":"https:\/\/roveyayinevi.com.tr\/index.php\/wp-json\/wp\/v2\/product_brand?post=691755"},{"taxonomy":"product_cat","embeddable":true,"href":"https:\/\/roveyayinevi.com.tr\/index.php\/wp-json\/wp\/v2\/product_cat?post=691755"},{"taxonomy":"product_tag","embeddable":true,"href":"https:\/\/roveyayinevi.com.tr\/index.php\/wp-json\/wp\/v2\/product_tag?post=691755"}],"curies":[{"name":"wp","href":"https:\/\/api.w.org\/{rel}","templated":true}]}}