{"id":691753,"date":"2025-08-27T14:00:37","date_gmt":"2025-08-27T11:00:37","guid":{"rendered":"https:\/\/roveyayinevi.com.tr\/index.php\/urun\/gucler\/"},"modified":"2026-03-11T02:03:29","modified_gmt":"2026-03-10T23:03:29","slug":"gucler","status":"publish","type":"product","link":"https:\/\/roveyayinevi.com.tr\/index.php\/urun\/gucler\/","title":{"rendered":"G\u00fc\u00e7ler"},"content":{"rendered":"<p>Marifetler ve Sesler\u2019in ard\u0131ndan Ursula K. Le Guin\u2019in Bat\u0131 Sahili Y\u0131ll\u0131klar\u0131 dizisinin \u00fc\u00e7\u00fcnc\u00fc kitab\u0131 G\u00fc\u00e7ler. K\u00f6leli\u011fin oldu\u011fu yerde adalet olabilir mi? G\u00fcven ve sadakatin ihanetle, itaatin zul\u00fcmle sonu\u00e7land\u0131\u011f\u0131 bir yerde sevgi ya\u015fayabilir mi? Kitaplardan korkulan bir yerde bilgi bar\u0131nabilir, yeni fikirler ye\u015ferebilir mi? Yasaklar ve engellerle dolu bir yerde insan kendisi olabilir mi? Hen\u00fcz olmam\u0131\u015f olaylar\u0131 hat\u0131rlama ve muazzam haf\u0131zas\u0131 sayesinde bir kere okudu\u011funu asla unutmama g\u00fcc\u00fc ne sahip olan Gavir\u2019in \u00f6yk\u00fcs\u00fc G\u00fc\u00e7ler; kendisine ula\u015fmak, kendisi olabilmek i\u00e7in diyarlar a\u015fan bir \u00e7ocu\u011fun \u00f6yk\u00fcs\u00fc. \ufffcTan\u0131t\u0131m Metni<\/p>\n","protected":false},"excerpt":{"rendered":"<p>Marifetler ve Sesler\u2019in ard\u0131ndan Ursula K. Le Guin\u2019in Bat\u0131 Sahili Y\u0131ll\u0131klar\u0131 dizisinin \u00fc\u00e7\u00fcnc\u00fc kitab\u0131 G\u00fc\u00e7ler. K\u00f6leli\u011fin oldu\u011fu yerde adalet olabilir mi? G\u00fcven ve sadakatin ihanetle, itaatin<span class=\"excerpt-hellip\"> [\u2026]<\/span><\/p>\n","protected":false},"featured_media":0,"template":"","meta":{"_monsterinsights_skip_tracking":false,"_monsterinsights_sitenote_active":false,"_monsterinsights_sitenote_note":"","_monsterinsights_sitenote_category":0},"product_brand":[],"product_cat":[12291,14777],"product_tag":[],"class_list":{"0":"post-691753","1":"product","2":"type-product","3":"status-publish","5":"product_cat-edebiyat","6":"product_cat-fantastik","7":"pa_cilt-ciltsiz","8":"pa_tur-kitap","9":"pa_yayinevi-metis-yayinlari","10":"pa_yazar-ursula-k-le-guin","12":"first","13":"instock","14":"sale","15":"shipping-taxable","16":"purchasable","17":"product-type-simple"},"_links":{"self":[{"href":"https:\/\/roveyayinevi.com.tr\/index.php\/wp-json\/wp\/v2\/product\/691753","targetHints":{"allow":["GET"]}}],"collection":[{"href":"https:\/\/roveyayinevi.com.tr\/index.php\/wp-json\/wp\/v2\/product"}],"about":[{"href":"https:\/\/roveyayinevi.com.tr\/index.php\/wp-json\/wp\/v2\/types\/product"}],"wp:attachment":[{"href":"https:\/\/roveyayinevi.com.tr\/index.php\/wp-json\/wp\/v2\/media?parent=691753"}],"wp:term":[{"taxonomy":"product_brand","embeddable":true,"href":"https:\/\/roveyayinevi.com.tr\/index.php\/wp-json\/wp\/v2\/product_brand?post=691753"},{"taxonomy":"product_cat","embeddable":true,"href":"https:\/\/roveyayinevi.com.tr\/index.php\/wp-json\/wp\/v2\/product_cat?post=691753"},{"taxonomy":"product_tag","embeddable":true,"href":"https:\/\/roveyayinevi.com.tr\/index.php\/wp-json\/wp\/v2\/product_tag?post=691753"}],"curies":[{"name":"wp","href":"https:\/\/api.w.org\/{rel}","templated":true}]}}