{"id":691749,"date":"2025-08-27T14:00:36","date_gmt":"2025-08-27T11:00:36","guid":{"rendered":"https:\/\/roveyayinevi.com.tr\/index.php\/urun\/metis-otekini-dinlemek-dizisi-haset-ve-sukran\/"},"modified":"2026-04-16T02:02:00","modified_gmt":"2026-04-15T23:02:00","slug":"metis-otekini-dinlemek-dizisi-haset-ve-sukran","status":"publish","type":"product","link":"https:\/\/roveyayinevi.com.tr\/index.php\/urun\/metis-otekini-dinlemek-dizisi-haset-ve-sukran\/","title":{"rendered":"Metis \u00d6tekini Dinlemek Dizisi &#8211; Haset ve \u015e\u00fckran"},"content":{"rendered":"<p>Nesne ili\u015fkileri okulunun kurucusu Melanie Klein, Freud\u2019dan sonra psikanaliz tarihinde en etkili olmu\u015f kuramc\u0131lar\u0131n ba\u015f\u0131nda yer al\u0131r. Kendini sad\u0131k bir Freud yorumcusu olarak sunmakla beraber klasik kuramdan \u00f6nemli \u00f6l\u00e7\u00fcde uzakla\u015fm\u0131\u015ft\u0131r. Freud\u2019un k\u0131z\u0131 Anna Freud ile t\u00fcm ya\u015famlar\u0131 boyunca s\u00fcrd\u00fcrd\u00fckleri kuramsal tart\u0131\u015fma \u0130ngiliz psikanaliz okulunda ciddi b\u00f6l\u00fcnmelere yol a\u00e7m\u0131\u015f, ama \u00f6te yandan zengin ve verimli bir \u00fcretkenli\u011fe de zemin haz\u0131rlam\u0131\u015ft\u0131r. \u00c7al\u0131\u015fmalar\u0131yla, g\u00fcn\u00fcm\u00fcz\u00fcn \u00f6nde gelen psikanaliz kuramc\u0131s\u0131 Kernberg\u2019e kadar uzanan yolda pek \u00e7ok psikanalisti etkilemi\u015f olan Klein\u2019\u0131n en \u00f6nemli metinlerinden Haset ve \u015e\u00fckran , insandaki iyi ve k\u00f6t\u00fcn\u00fcn m\u00fccadelesini soyut bir metapsikolojiden hareketle de\u011fil, karma\u015f\u0131k i\u00e7sel deneyimlere yak\u0131n bir noktadan ele almak bak\u0131m\u0131ndan psikanaliz tarihinde \u00f6nemli bir yer tutar. \u00d6tekini Dinlemek uzmanla\u015fm\u0131\u015f bir dizi. Ama dizide yer alacak b\u00fct\u00fcn kitaplar do\u011frudan insana dair. Hayatlar\u0131m\u0131za, kendi ki\u015fisel deneyim alan\u0131m\u0131za, ana babalar\u0131m\u0131za, onlarla ili\u015fkilerimize, zor b\u00fcy\u00fcme y\u0131llar\u0131m\u0131za dair bir bilgi&#8230; Kendimiz ve di\u011fer insanlarla ilgili sezgilerimizi geli\u015ftirmemize yard\u0131mc\u0131 olacak, yeni kavray\u0131\u015f imkanlar\u0131 verecek ve ku\u015fkusuz \u00f6\u011frenirken herkesin kendi deneyimleriyle s\u0131nayaca\u011f\u0131 t\u00fcrden bir bilgi&#8230; Psikiyatri ve psikanaliz alan\u0131nda y\u00fczy\u0131l boyunca yaz\u0131lm\u0131\u015f temel yap\u0131tlar\u0131 bir k\u00fct\u00fcphane olu\u015fturacak kapsamda bir araya getirirken bunu ama\u00e7lad\u0131k. \ufffcTan\u0131t\u0131m Metni<\/p>\n","protected":false},"excerpt":{"rendered":"<p>Nesne ili\u015fkileri okulunun kurucusu Melanie Klein, Freud\u2019dan sonra psikanaliz tarihinde en etkili olmu\u015f kuramc\u0131lar\u0131n ba\u015f\u0131nda yer al\u0131r. Kendini sad\u0131k bir Freud yorumcusu olarak sunmakla beraber klasik<span class=\"excerpt-hellip\"> [\u2026]<\/span><\/p>\n","protected":false},"featured_media":0,"template":"","meta":{"_monsterinsights_skip_tracking":false,"_monsterinsights_sitenote_active":false,"_monsterinsights_sitenote_note":"","_monsterinsights_sitenote_category":0},"product_brand":[],"product_cat":[12358,12357],"product_tag":[],"class_list":{"0":"post-691749","1":"product","2":"type-product","3":"status-publish","5":"product_cat-genel-psikoloji","6":"product_cat-psikoloji","7":"pa_cilt-ciltsiz","8":"pa_tur-kitap","9":"pa_yayinevi-metis-yayinlari","10":"pa_yazar-melanie-klein","12":"first","13":"instock","14":"sale","15":"shipping-taxable","16":"purchasable","17":"product-type-simple"},"_links":{"self":[{"href":"https:\/\/roveyayinevi.com.tr\/index.php\/wp-json\/wp\/v2\/product\/691749","targetHints":{"allow":["GET"]}}],"collection":[{"href":"https:\/\/roveyayinevi.com.tr\/index.php\/wp-json\/wp\/v2\/product"}],"about":[{"href":"https:\/\/roveyayinevi.com.tr\/index.php\/wp-json\/wp\/v2\/types\/product"}],"wp:attachment":[{"href":"https:\/\/roveyayinevi.com.tr\/index.php\/wp-json\/wp\/v2\/media?parent=691749"}],"wp:term":[{"taxonomy":"product_brand","embeddable":true,"href":"https:\/\/roveyayinevi.com.tr\/index.php\/wp-json\/wp\/v2\/product_brand?post=691749"},{"taxonomy":"product_cat","embeddable":true,"href":"https:\/\/roveyayinevi.com.tr\/index.php\/wp-json\/wp\/v2\/product_cat?post=691749"},{"taxonomy":"product_tag","embeddable":true,"href":"https:\/\/roveyayinevi.com.tr\/index.php\/wp-json\/wp\/v2\/product_tag?post=691749"}],"curies":[{"name":"wp","href":"https:\/\/api.w.org\/{rel}","templated":true}]}}