{"id":691746,"date":"2025-08-27T14:00:36","date_gmt":"2025-08-27T11:00:36","guid":{"rendered":"https:\/\/roveyayinevi.com.tr\/index.php\/urun\/hayali-cemaatler\/"},"modified":"2026-04-16T02:02:00","modified_gmt":"2026-04-15T23:02:00","slug":"hayali-cemaatler","status":"publish","type":"product","link":"https:\/\/roveyayinevi.com.tr\/index.php\/urun\/hayali-cemaatler\/","title":{"rendered":"Hayali Cemaatler"},"content":{"rendered":"<p>Bug\u00fcn i\u00e7inde ya\u015fad\u0131\u011f\u0131m\u0131z d\u00fcnya bir uluslar sistemidir. \u00c7ok de\u011fil, yaln\u0131zca 150 y\u0131l \u00f6nce, bug\u00fcn varolan ulusal devletlerin yar\u0131s\u0131 bile hen\u00fcz ortada yoktu. Son iki y\u00fczy\u0131ld\u0131r milyonlarca insan, kendi uluslar\u0131na olan ba\u011fl\u0131l\u0131klar\u0131 nedeniyle ba\u015fkalar\u0131na kin ve d\u00fc\u015fmanl\u0131k besledi, farkl\u0131 ulustan insanlar\u0131 katletti. Bu bir yana, insanlar\u0131 bile bile \u00f6l\u00fcme gidecek kadar fedak\u00e2r k\u0131lan bu ba\u011fl\u0131l\u0131\u011f\u0131, bir ulusa ait olma duygusunu nas\u0131l anlayabiliriz? Benedict Anderson, milliyet\u00e7i siyasal hareketler \u00fczerine yap\u0131lm\u0131\u015f \u00e7o\u011fu \u00e7al\u0131\u015fman\u0131n sormad\u0131\u011f\u0131 bir soruya yan\u0131t ar\u0131yor: Uluslar\u0131n do\u011fu\u015funu ve geli\u015fimini, dinsel cemaatlerle, hanedanl\u0131klar\u0131n \u00e7\u00f6k\u00fc\u015f\u00fcyle, kapitalizm ve yay\u0131nc\u0131l\u0131\u011f\u0131n geli\u015fmesi, resmi devlet dillerinin olu\u015fumu ve zaman kavray\u0131\u015f\u0131m\u0131z\u0131n de\u011fi\u015fmesiyle ili\u015fkilendiriyor. Ulusu, kan ba\u011f\u0131 ve din gibi eski tip cemaatlerin yerini alan hayal edilmi\u015f bir topluluk olarak ele alan yazar, milliyet\u00e7ili\u011fin, ilk kez Amerika\u2019da ortaya \u00e7\u0131kt\u0131ktan sonra, \u00f6nce Avrupa\u2019daki halk hareketleri, sonra emperyalist g\u00fc\u00e7ler ve nihayet \u00dc\u00e7\u00fcnc\u00fc D\u00fcnya\u2019n\u0131n anti-emperyalist m\u00fccadeleleri taraf\u0131ndan kopyalan\u0131p \u00e7o\u011falt\u0131labilir bir model olu\u015fturdu\u011funu savunuyor. \u0130nsanl\u0131\u011f\u0131 ve co\u011frafyay\u0131 ulusal s\u0131n\u0131rlara b\u00f6lerek, herbiri kendinin en eski ve en k\u00f6kl\u00fc oldu\u011funu iddia eden ve s\u00fcrekli d\u0131\u015f d\u00fc\u015fmanlara kar\u015f\u0131 bir biz kimli\u011fiyle kendilerini me\u015frula\u015ft\u0131ran ulus-devletlerden kurtulmak m\u00fcmk\u00fcn m\u00fc? Anderson, ulus ve milliyet\u00e7ilik \u00fczerine, resmi-tarihten gelen \u00f6nyarg\u0131lar\u0131m\u0131z\u0131 ve inan\u00e7lar\u0131m\u0131z\u0131 sarsacak ve yeniden d\u00fc\u015f\u00fcnmemizi sa\u011flayacak tezleriyle, ilgiyle okunacak bir tarih sunuyor bize&#8230; Hayali Cemaatler, ilk kez yay\u0131mland\u0131\u011f\u0131 1983\u2019ten g\u00fcn\u00fcm\u00fcze, b\u00fct\u00fcn d\u00fcnyada oldu\u011fu gibi T\u00fcrkiye\u2019de de sosyal bilimler literat\u00fcr\u00fcn\u00fc derinden etkiledi, bir\u00e7ok \u00e7al\u0131\u015fma alan\u0131na esin kayna\u011f\u0131 oldu ve a\u00e7\u0131l\u0131m yaratt\u0131. \ufffcTan\u0131t\u0131m Metni<\/p>\n","protected":false},"excerpt":{"rendered":"<p>Bug\u00fcn i\u00e7inde ya\u015fad\u0131\u011f\u0131m\u0131z d\u00fcnya bir uluslar sistemidir. \u00c7ok de\u011fil, yaln\u0131zca 150 y\u0131l \u00f6nce, bug\u00fcn varolan ulusal devletlerin yar\u0131s\u0131 bile hen\u00fcz ortada yoktu. Son iki y\u00fczy\u0131ld\u0131r milyonlarca<span class=\"excerpt-hellip\"> [\u2026]<\/span><\/p>\n","protected":false},"featured_media":0,"template":"","meta":{"_monsterinsights_skip_tracking":false,"_monsterinsights_sitenote_active":false,"_monsterinsights_sitenote_note":"","_monsterinsights_sitenote_category":0},"product_brand":[],"product_cat":[13656,12337],"product_tag":[],"class_list":{"0":"post-691746","1":"product","2":"type-product","3":"status-publish","5":"product_cat-azinliklar-etnik-sorunlar","6":"product_cat-politika-siyaset","7":"pa_cilt-ciltsiz","8":"pa_tur-kitap","9":"pa_yayinevi-metis-yayinlari","10":"pa_yazar-benedict-anderson","12":"first","13":"instock","14":"sale","15":"shipping-taxable","16":"purchasable","17":"product-type-simple"},"_links":{"self":[{"href":"https:\/\/roveyayinevi.com.tr\/index.php\/wp-json\/wp\/v2\/product\/691746","targetHints":{"allow":["GET"]}}],"collection":[{"href":"https:\/\/roveyayinevi.com.tr\/index.php\/wp-json\/wp\/v2\/product"}],"about":[{"href":"https:\/\/roveyayinevi.com.tr\/index.php\/wp-json\/wp\/v2\/types\/product"}],"wp:attachment":[{"href":"https:\/\/roveyayinevi.com.tr\/index.php\/wp-json\/wp\/v2\/media?parent=691746"}],"wp:term":[{"taxonomy":"product_brand","embeddable":true,"href":"https:\/\/roveyayinevi.com.tr\/index.php\/wp-json\/wp\/v2\/product_brand?post=691746"},{"taxonomy":"product_cat","embeddable":true,"href":"https:\/\/roveyayinevi.com.tr\/index.php\/wp-json\/wp\/v2\/product_cat?post=691746"},{"taxonomy":"product_tag","embeddable":true,"href":"https:\/\/roveyayinevi.com.tr\/index.php\/wp-json\/wp\/v2\/product_tag?post=691746"}],"curies":[{"name":"wp","href":"https:\/\/api.w.org\/{rel}","templated":true}]}}