{"id":691744,"date":"2025-08-27T14:00:35","date_gmt":"2025-08-27T11:00:35","guid":{"rendered":"https:\/\/roveyayinevi.com.tr\/index.php\/urun\/gercek-bir-yanilsama-bilinc\/"},"modified":"2026-04-16T02:02:00","modified_gmt":"2026-04-15T23:02:00","slug":"gercek-bir-yanilsama-bilinc","status":"publish","type":"product","link":"https:\/\/roveyayinevi.com.tr\/index.php\/urun\/gercek-bir-yanilsama-bilinc\/","title":{"rendered":"Ger\u00e7ek Bir Yan\u0131lsama : Bilin\u00e7"},"content":{"rendered":"<p>Bilin\u00e7 sorununa odaklanan sinirbilim g\u00fcn\u00fcm\u00fcz\u00fcn bilimsel ara\u015ft\u0131rmalar\u0131na geni\u015f bir ufuk getirdi. Tevfik Al\u0131c\u0131&#8217;n\u0131n kitab\u0131 bu alanda T\u00fcrk\u00e7e yaz\u0131lm\u0131\u015f \u00f6zg\u00fcn bir katk\u0131.&#8221;Nas\u0131l olur da t\u00fcm\u00fcyle mekanik ilkelerle \u00e7al\u0131\u015ft\u0131\u011f\u0131n\u0131 bildi\u011fimiz fiziksel bir sistem, bilin\u00e7 gibi \u00f6znel ve belki de metafizik bir ger\u00e7ekli\u011fe yol a\u00e7abilir?&#8221; Tevfik Al\u0131c\u0131, bu alandaki bir\u00e7ok kitab\u0131n hep bu &#8220;as\u0131l soruna&#8221; y\u00f6nelik bir \u00e7\u00f6z\u00fcm bulma tela\u015f\u0131yla yaz\u0131ld\u0131\u011f\u0131na dikkat \u00e7ekiyor ve kendisine daha m\u00fctevaz\u0131 bir g\u00f6rev veriyor: Bu kavramlar\u0131n ve metaforlar\u0131n -daha ziyade varsay\u0131mlara dayanan- do\u011fas\u0131n\u0131, dikkat, alg\u0131, bellek vb. gibi olgular hakk\u0131nda yak\u0131n d\u00f6nemlerde yap\u0131lm\u0131\u015f deneysel \u00e7al\u0131\u015fmalar \u0131\u015f\u0131\u011f\u0131nda sorgulamak ve ad\u0131m ad\u0131m yeniden yap\u0131land\u0131rmak.<\/p>\n","protected":false},"excerpt":{"rendered":"<p>Bilin\u00e7 sorununa odaklanan sinirbilim g\u00fcn\u00fcm\u00fcz\u00fcn bilimsel ara\u015ft\u0131rmalar\u0131na geni\u015f bir ufuk getirdi. Tevfik Al\u0131c\u0131&#8217;n\u0131n kitab\u0131 bu alanda T\u00fcrk\u00e7e yaz\u0131lm\u0131\u015f \u00f6zg\u00fcn bir katk\u0131.&#8221;Nas\u0131l olur da t\u00fcm\u00fcyle mekanik ilkelerle<span class=\"excerpt-hellip\"> [\u2026]<\/span><\/p>\n","protected":false},"featured_media":0,"template":"","meta":{"_monsterinsights_skip_tracking":false,"_monsterinsights_sitenote_active":false,"_monsterinsights_sitenote_note":"","_monsterinsights_sitenote_category":0},"product_brand":[],"product_cat":[12358,12357],"product_tag":[],"class_list":{"0":"post-691744","1":"product","2":"type-product","3":"status-publish","5":"product_cat-genel-psikoloji","6":"product_cat-psikoloji","7":"pa_cilt-ciltsiz","8":"pa_tur-kitap","9":"pa_yayinevi-metis-yayinlari","10":"pa_yazar-tevfik-alici","12":"first","13":"instock","14":"sale","15":"shipping-taxable","16":"purchasable","17":"product-type-simple"},"_links":{"self":[{"href":"https:\/\/roveyayinevi.com.tr\/index.php\/wp-json\/wp\/v2\/product\/691744","targetHints":{"allow":["GET"]}}],"collection":[{"href":"https:\/\/roveyayinevi.com.tr\/index.php\/wp-json\/wp\/v2\/product"}],"about":[{"href":"https:\/\/roveyayinevi.com.tr\/index.php\/wp-json\/wp\/v2\/types\/product"}],"wp:attachment":[{"href":"https:\/\/roveyayinevi.com.tr\/index.php\/wp-json\/wp\/v2\/media?parent=691744"}],"wp:term":[{"taxonomy":"product_brand","embeddable":true,"href":"https:\/\/roveyayinevi.com.tr\/index.php\/wp-json\/wp\/v2\/product_brand?post=691744"},{"taxonomy":"product_cat","embeddable":true,"href":"https:\/\/roveyayinevi.com.tr\/index.php\/wp-json\/wp\/v2\/product_cat?post=691744"},{"taxonomy":"product_tag","embeddable":true,"href":"https:\/\/roveyayinevi.com.tr\/index.php\/wp-json\/wp\/v2\/product_tag?post=691744"}],"curies":[{"name":"wp","href":"https:\/\/api.w.org\/{rel}","templated":true}]}}