{"id":691741,"date":"2025-08-27T14:00:35","date_gmt":"2025-08-27T11:00:35","guid":{"rendered":"https:\/\/roveyayinevi.com.tr\/index.php\/urun\/gercegi-arayis\/"},"modified":"2026-04-16T02:02:00","modified_gmt":"2026-04-15T23:02:00","slug":"gercegi-arayis","status":"publish","type":"product","link":"https:\/\/roveyayinevi.com.tr\/index.php\/urun\/gercegi-arayis\/","title":{"rendered":"Ger\u00e7e\u011fi Aray\u0131\u015f"},"content":{"rendered":"<p>A\u015f\u0131k bir kad\u0131n\u0131n \u00f6zverisinin s\u0131n\u0131r\u0131 var m\u0131d\u0131r? Bilgi\u2019nin a\u015fk kar\u015f\u0131s\u0131ndaki g\u00fcc\u00fc nedir? Bir adam hem bilimadam\u0131 hem iyi bir a\u015f\u0131k olabilir mi? A\u015fklar\u0131 ba\u015flang\u0131\u00e7taki yo\u011funlu\u011funda tutmak olanakl\u0131 m\u0131d\u0131r? gibi sorular hep sorulmu\u015ftur ve d\u00fcnya durduk\u00e7a da ku\u015fkusuz sorulacakt\u0131r&#8230; \ufffcTan\u0131t\u0131m Metni<\/p>\n","protected":false},"excerpt":{"rendered":"<p>A\u015f\u0131k bir kad\u0131n\u0131n \u00f6zverisinin s\u0131n\u0131r\u0131 var m\u0131d\u0131r? Bilgi\u2019nin a\u015fk kar\u015f\u0131s\u0131ndaki g\u00fcc\u00fc nedir? Bir adam hem bilimadam\u0131 hem iyi bir a\u015f\u0131k olabilir mi? A\u015fklar\u0131 ba\u015flang\u0131\u00e7taki yo\u011funlu\u011funda tutmak<span class=\"excerpt-hellip\"> [\u2026]<\/span><\/p>\n","protected":false},"featured_media":0,"template":"","meta":{"_monsterinsights_skip_tracking":false,"_monsterinsights_sitenote_active":false,"_monsterinsights_sitenote_note":"","_monsterinsights_sitenote_category":0},"product_brand":[],"product_cat":[12291,13376],"product_tag":[],"class_list":{"0":"post-691741","1":"product","2":"type-product","3":"status-publish","5":"product_cat-edebiyat","6":"product_cat-fransiz-edebiyati","7":"pa_tur-kitap","8":"pa_yayinevi-oda-yayinlari","9":"pa_yazar-honore-de-balzac","11":"first","12":"instock","13":"sale","14":"shipping-taxable","15":"purchasable","16":"product-type-simple"},"_links":{"self":[{"href":"https:\/\/roveyayinevi.com.tr\/index.php\/wp-json\/wp\/v2\/product\/691741","targetHints":{"allow":["GET"]}}],"collection":[{"href":"https:\/\/roveyayinevi.com.tr\/index.php\/wp-json\/wp\/v2\/product"}],"about":[{"href":"https:\/\/roveyayinevi.com.tr\/index.php\/wp-json\/wp\/v2\/types\/product"}],"wp:attachment":[{"href":"https:\/\/roveyayinevi.com.tr\/index.php\/wp-json\/wp\/v2\/media?parent=691741"}],"wp:term":[{"taxonomy":"product_brand","embeddable":true,"href":"https:\/\/roveyayinevi.com.tr\/index.php\/wp-json\/wp\/v2\/product_brand?post=691741"},{"taxonomy":"product_cat","embeddable":true,"href":"https:\/\/roveyayinevi.com.tr\/index.php\/wp-json\/wp\/v2\/product_cat?post=691741"},{"taxonomy":"product_tag","embeddable":true,"href":"https:\/\/roveyayinevi.com.tr\/index.php\/wp-json\/wp\/v2\/product_tag?post=691741"}],"curies":[{"name":"wp","href":"https:\/\/api.w.org\/{rel}","templated":true}]}}