{"id":691740,"date":"2025-08-27T14:00:34","date_gmt":"2025-08-27T11:00:34","guid":{"rendered":"https:\/\/roveyayinevi.com.tr\/index.php\/urun\/genc-wertherin-acilari-4\/"},"modified":"2026-04-16T02:01:59","modified_gmt":"2026-04-15T23:01:59","slug":"genc-wertherin-acilari-4","status":"publish","type":"product","link":"https:\/\/roveyayinevi.com.tr\/index.php\/urun\/genc-wertherin-acilari-4\/","title":{"rendered":"Gen\u00e7 Werther\u2019in Ac\u0131lar\u0131"},"content":{"rendered":"<p>Felsefe, bilim, sanat ve \u015fiir gibi konularda say\u0131s\u0131 y\u00fczelliyi a\u015fan yap\u0131ta imza atm\u0131\u015f olan Goethe, yaln\u0131zca Almanya\u2019n\u0131n de\u011fil, t\u00fcm Avrupa\u2019n\u0131n en \u00f6nemli dehalar\u0131 aras\u0131nda say\u0131l\u0131r. Goethe\u2019nin en g\u00fczel roman\u0131 olan Gen\u00e7 Werther\u2019in Ac\u0131lar\u0131 , kendisinin ya\u015fad\u0131\u011f\u0131 bir a\u015fk\u0131n esiniyle kaleme al\u0131nm\u0131\u015f, yay\u0131nland\u0131\u011f\u0131 1774 y\u0131l\u0131ndan beri de, ku\u015faktan ku\u015fa\u011fa aktar\u0131larak \u00f6l\u00fcms\u00fcz bir a\u015fk roman\u0131 haline gelmi\u015ftir. Yay\u0131nevimizin eksiksiz bir \u00e7eviriyle sundu\u011fu bu yap\u0131tta kendi duygular\u0131n\u0131zdan da bir \u015feyler bulacaks\u0131n\u0131z&#8230; \ufffcTan\u0131t\u0131m Metni<\/p>\n","protected":false},"excerpt":{"rendered":"<p>Felsefe, bilim, sanat ve \u015fiir gibi konularda say\u0131s\u0131 y\u00fczelliyi a\u015fan yap\u0131ta imza atm\u0131\u015f olan Goethe, yaln\u0131zca Almanya\u2019n\u0131n de\u011fil, t\u00fcm Avrupa\u2019n\u0131n en \u00f6nemli dehalar\u0131 aras\u0131nda say\u0131l\u0131r. Goethe\u2019nin<span class=\"excerpt-hellip\"> [\u2026]<\/span><\/p>\n","protected":false},"featured_media":0,"template":"","meta":{"_monsterinsights_skip_tracking":false,"_monsterinsights_sitenote_active":false,"_monsterinsights_sitenote_note":"","_monsterinsights_sitenote_category":0},"product_brand":[],"product_cat":[12782,12291],"product_tag":[],"class_list":{"0":"post-691740","1":"product","2":"type-product","3":"status-publish","5":"product_cat-alman-edebiyati","6":"product_cat-edebiyat","7":"pa_tur-kitap","8":"pa_yayinevi-oda-yayinlari","9":"pa_yazar-johann-wolfgang-von-goethe","11":"first","12":"instock","13":"sale","14":"shipping-taxable","15":"purchasable","16":"product-type-simple"},"_links":{"self":[{"href":"https:\/\/roveyayinevi.com.tr\/index.php\/wp-json\/wp\/v2\/product\/691740","targetHints":{"allow":["GET"]}}],"collection":[{"href":"https:\/\/roveyayinevi.com.tr\/index.php\/wp-json\/wp\/v2\/product"}],"about":[{"href":"https:\/\/roveyayinevi.com.tr\/index.php\/wp-json\/wp\/v2\/types\/product"}],"wp:attachment":[{"href":"https:\/\/roveyayinevi.com.tr\/index.php\/wp-json\/wp\/v2\/media?parent=691740"}],"wp:term":[{"taxonomy":"product_brand","embeddable":true,"href":"https:\/\/roveyayinevi.com.tr\/index.php\/wp-json\/wp\/v2\/product_brand?post=691740"},{"taxonomy":"product_cat","embeddable":true,"href":"https:\/\/roveyayinevi.com.tr\/index.php\/wp-json\/wp\/v2\/product_cat?post=691740"},{"taxonomy":"product_tag","embeddable":true,"href":"https:\/\/roveyayinevi.com.tr\/index.php\/wp-json\/wp\/v2\/product_tag?post=691740"}],"curies":[{"name":"wp","href":"https:\/\/api.w.org\/{rel}","templated":true}]}}