{"id":691737,"date":"2025-08-27T14:00:34","date_gmt":"2025-08-27T11:00:34","guid":{"rendered":"https:\/\/roveyayinevi.com.tr\/index.php\/urun\/vesikali-sehir\/"},"modified":"2026-03-10T02:04:24","modified_gmt":"2026-03-09T23:04:24","slug":"vesikali-sehir","status":"publish","type":"product","link":"https:\/\/roveyayinevi.com.tr\/index.php\/urun\/vesikali-sehir\/","title":{"rendered":"Vesikal\u0131 \u015eehir"},"content":{"rendered":"<p>Sinemada \u015fehir nas\u0131l temsil ediliyor? \u0130stanbul, &#8220;ta\u015f\u0131 topra\u011f\u0131 alt\u0131n&#8221; iken, nas\u0131l oluyor da &#8220;orospu \u0130stanbul&#8221; haline geliyor? Sinemadaki \u015fehir imgeleri, \u015fehrin kolektif bilin\u00e7alt\u0131 hakk\u0131nda bize ne s\u00f6yleyebilir? Feride \u00c7i\u00e7eko\u011flu, k\u00fclt bir \u0130stanbul filmi olan Vesikal\u0131 Yarim&#8217;in verdi\u011fi esinle yazd\u0131\u011f\u0131 kitab\u0131nda, \u015fehrin suretleri ile, &#8220;kad\u0131n&#8221;\u0131n ikiye b\u00f6l\u00fcnm\u00fc\u015f kimli\u011fi aras\u0131ndaki \u00e7ak\u0131\u015fman\u0131n filmden filme nas\u0131l s\u0131kl\u0131kla tekrarland\u0131\u011f\u0131na dikkat \u00e7ekiyor. Kad\u0131n\u0131n ev i\u00e7inde anne, e\u015f ve \u015fefkat hat\u0131rlatan kimli\u011fi ile sokaklarda dola\u015fan kad\u0131n\u0131n fahi\u015feli\u011fi, ba\u015ftan \u00e7\u0131kar\u0131c\u0131l\u0131\u011f\u0131, hazz\u0131 hat\u0131rlatan kimli\u011fi aras\u0131ndaki b\u00f6l\u00fcnme, \u0130stanbul&#8217;un sinemadaki imgesini ele veriyor. \u00dcstelik bu \u0130stanbul&#8217;a \u00f6zg\u00fc de\u011fil. D\u00fcnya sinemas\u0131n\u0131n bir\u00e7ok klasi\u011finde, erke\u011fin g\u00f6z\u00fcnde ikiye b\u00f6l\u00fcn\u00fcp feti\u015f haline gelmi\u015f kad\u0131n cinselli\u011finin \u015fehre yans\u0131t\u0131ld\u0131\u011f\u0131n\u0131 g\u00f6rebiliyoruz. \ufffcTan\u0131t\u0131m Metni<\/p>\n","protected":false},"excerpt":{"rendered":"<p>Sinemada \u015fehir nas\u0131l temsil ediliyor? \u0130stanbul, &#8220;ta\u015f\u0131 topra\u011f\u0131 alt\u0131n&#8221; iken, nas\u0131l oluyor da &#8220;orospu \u0130stanbul&#8221; haline geliyor? Sinemadaki \u015fehir imgeleri, \u015fehrin kolektif bilin\u00e7alt\u0131 hakk\u0131nda bize ne<span class=\"excerpt-hellip\"> [\u2026]<\/span><\/p>\n","protected":false},"featured_media":0,"template":"","meta":{"_monsterinsights_skip_tracking":false,"_monsterinsights_sitenote_active":false,"_monsterinsights_sitenote_note":"","_monsterinsights_sitenote_category":0},"product_brand":[],"product_cat":[12835,12324],"product_tag":[],"class_list":{"0":"post-691737","1":"product","2":"type-product","3":"status-publish","5":"product_cat-genel-sosyoloji","6":"product_cat-sosyoloji","7":"pa_cilt-ciltsiz","8":"pa_tur-kitap","9":"pa_yayinevi-metis-yayinlari","10":"pa_yazar-feride-cicekoglu","12":"first","13":"instock","14":"sale","15":"shipping-taxable","16":"purchasable","17":"product-type-simple"},"_links":{"self":[{"href":"https:\/\/roveyayinevi.com.tr\/index.php\/wp-json\/wp\/v2\/product\/691737","targetHints":{"allow":["GET"]}}],"collection":[{"href":"https:\/\/roveyayinevi.com.tr\/index.php\/wp-json\/wp\/v2\/product"}],"about":[{"href":"https:\/\/roveyayinevi.com.tr\/index.php\/wp-json\/wp\/v2\/types\/product"}],"wp:attachment":[{"href":"https:\/\/roveyayinevi.com.tr\/index.php\/wp-json\/wp\/v2\/media?parent=691737"}],"wp:term":[{"taxonomy":"product_brand","embeddable":true,"href":"https:\/\/roveyayinevi.com.tr\/index.php\/wp-json\/wp\/v2\/product_brand?post=691737"},{"taxonomy":"product_cat","embeddable":true,"href":"https:\/\/roveyayinevi.com.tr\/index.php\/wp-json\/wp\/v2\/product_cat?post=691737"},{"taxonomy":"product_tag","embeddable":true,"href":"https:\/\/roveyayinevi.com.tr\/index.php\/wp-json\/wp\/v2\/product_tag?post=691737"}],"curies":[{"name":"wp","href":"https:\/\/api.w.org\/{rel}","templated":true}]}}