{"id":691736,"date":"2025-08-27T14:00:34","date_gmt":"2025-08-27T11:00:34","guid":{"rendered":"https:\/\/roveyayinevi.com.tr\/index.php\/urun\/cocuk-kalbi-3\/"},"modified":"2026-04-16T02:01:59","modified_gmt":"2026-04-15T23:01:59","slug":"cocuk-kalbi-3","status":"publish","type":"product","link":"https:\/\/roveyayinevi.com.tr\/index.php\/urun\/cocuk-kalbi-3\/","title":{"rendered":"\u00c7ocuk Kalbi"},"content":{"rendered":"<p>\u0130talyan bir e\u011fitimci ve yazar olan Edmondo De Amicis (1846-1908), b\u00fct\u00fcn d\u00fcnya dillerine \u00e7evrilen bu yap\u0131t\u0131nda, ilkokul \u00e7a\u011f\u0131ndaki \u00e7ocuklar\u0131n sorunlar\u0131n\u0131 i\u015fler; iyilik, do\u011fruluk, vatan, aile sevgisi, okul, \u00f6\u011fretmenler ve arkada\u015fl\u0131k gibi temalar\u0131 bir pedagog \u00f6zeniyle konu edinir. \ufffcTan\u0131t\u0131m Metni<\/p>\n","protected":false},"excerpt":{"rendered":"<p>\u0130talyan bir e\u011fitimci ve yazar olan Edmondo De Amicis (1846-1908), b\u00fct\u00fcn d\u00fcnya dillerine \u00e7evrilen bu yap\u0131t\u0131nda, ilkokul \u00e7a\u011f\u0131ndaki \u00e7ocuklar\u0131n sorunlar\u0131n\u0131 i\u015fler; iyilik, do\u011fruluk, vatan, aile sevgisi,<span class=\"excerpt-hellip\"> [\u2026]<\/span><\/p>\n","protected":false},"featured_media":0,"template":"","meta":{"_monsterinsights_skip_tracking":false,"_monsterinsights_sitenote_active":false,"_monsterinsights_sitenote_note":"","_monsterinsights_sitenote_category":0},"product_brand":[],"product_cat":[12274,12284],"product_tag":[],"class_list":{"0":"post-691736","1":"product","2":"type-product","3":"status-publish","5":"product_cat-cocuk-ve-genclik-kitaplari","6":"product_cat-hikayeler","7":"pa_tur-kitap","8":"pa_yayinevi-oda-yayinlari","9":"pa_yazar-edmondo-de-amicis","11":"first","12":"instock","13":"sale","14":"shipping-taxable","15":"purchasable","16":"product-type-simple"},"_links":{"self":[{"href":"https:\/\/roveyayinevi.com.tr\/index.php\/wp-json\/wp\/v2\/product\/691736","targetHints":{"allow":["GET"]}}],"collection":[{"href":"https:\/\/roveyayinevi.com.tr\/index.php\/wp-json\/wp\/v2\/product"}],"about":[{"href":"https:\/\/roveyayinevi.com.tr\/index.php\/wp-json\/wp\/v2\/types\/product"}],"wp:attachment":[{"href":"https:\/\/roveyayinevi.com.tr\/index.php\/wp-json\/wp\/v2\/media?parent=691736"}],"wp:term":[{"taxonomy":"product_brand","embeddable":true,"href":"https:\/\/roveyayinevi.com.tr\/index.php\/wp-json\/wp\/v2\/product_brand?post=691736"},{"taxonomy":"product_cat","embeddable":true,"href":"https:\/\/roveyayinevi.com.tr\/index.php\/wp-json\/wp\/v2\/product_cat?post=691736"},{"taxonomy":"product_tag","embeddable":true,"href":"https:\/\/roveyayinevi.com.tr\/index.php\/wp-json\/wp\/v2\/product_tag?post=691736"}],"curies":[{"name":"wp","href":"https:\/\/api.w.org\/{rel}","templated":true}]}}