{"id":691734,"date":"2025-08-27T14:00:33","date_gmt":"2025-08-27T11:00:33","guid":{"rendered":"https:\/\/roveyayinevi.com.tr\/index.php\/urun\/cinayet-sirketi\/"},"modified":"2026-04-16T02:01:59","modified_gmt":"2026-04-15T23:01:59","slug":"cinayet-sirketi","status":"publish","type":"product","link":"https:\/\/roveyayinevi.com.tr\/index.php\/urun\/cinayet-sirketi\/","title":{"rendered":"Cinayet \u015eirketi"},"content":{"rendered":"<p>Cinayet \u015eirketi, eylem ve ser\u00fcvenin a\u011f\u0131r bast\u0131\u011f\u0131 felsefi bir romand\u0131r: Ger\u00e7ek\u00fcst\u00fcnde erimeyen, ama tam anlam\u0131yla ger\u00e7ek olarak kalmayan, inan\u0131lmaz ile y\u00fcce aras\u0131nda par\u00e7alanan ger\u00e7ek\u2019in irdelendi\u011fi bir roman&#8230; <\/p>\n","protected":false},"excerpt":{"rendered":"<p>Cinayet \u015eirketi, eylem ve ser\u00fcvenin a\u011f\u0131r bast\u0131\u011f\u0131 felsefi bir romand\u0131r: Ger\u00e7ek\u00fcst\u00fcnde erimeyen, ama tam anlam\u0131yla ger\u00e7ek olarak kalmayan, inan\u0131lmaz ile y\u00fcce aras\u0131nda par\u00e7alanan ger\u00e7ek\u2019in irdelendi\u011fi bir<span class=\"excerpt-hellip\"> [\u2026]<\/span><\/p>\n","protected":false},"featured_media":0,"template":"","meta":{"_monsterinsights_skip_tracking":false,"_monsterinsights_sitenote_active":false,"_monsterinsights_sitenote_note":"","_monsterinsights_sitenote_category":0},"product_brand":[],"product_cat":[12891,12291],"product_tag":[],"class_list":{"0":"post-691734","1":"product","2":"type-product","3":"status-publish","5":"product_cat-amerikan-edebiyati","6":"product_cat-edebiyat","7":"pa_tur-kitap","8":"pa_yayinevi-oda-yayinlari","9":"pa_yazar-jack-london","11":"first","12":"instock","13":"sale","14":"shipping-taxable","15":"purchasable","16":"product-type-simple"},"_links":{"self":[{"href":"https:\/\/roveyayinevi.com.tr\/index.php\/wp-json\/wp\/v2\/product\/691734","targetHints":{"allow":["GET"]}}],"collection":[{"href":"https:\/\/roveyayinevi.com.tr\/index.php\/wp-json\/wp\/v2\/product"}],"about":[{"href":"https:\/\/roveyayinevi.com.tr\/index.php\/wp-json\/wp\/v2\/types\/product"}],"wp:attachment":[{"href":"https:\/\/roveyayinevi.com.tr\/index.php\/wp-json\/wp\/v2\/media?parent=691734"}],"wp:term":[{"taxonomy":"product_brand","embeddable":true,"href":"https:\/\/roveyayinevi.com.tr\/index.php\/wp-json\/wp\/v2\/product_brand?post=691734"},{"taxonomy":"product_cat","embeddable":true,"href":"https:\/\/roveyayinevi.com.tr\/index.php\/wp-json\/wp\/v2\/product_cat?post=691734"},{"taxonomy":"product_tag","embeddable":true,"href":"https:\/\/roveyayinevi.com.tr\/index.php\/wp-json\/wp\/v2\/product_tag?post=691734"}],"curies":[{"name":"wp","href":"https:\/\/api.w.org\/{rel}","templated":true}]}}