{"id":691732,"date":"2025-08-27T14:00:33","date_gmt":"2025-08-27T11:00:33","guid":{"rendered":"https:\/\/roveyayinevi.com.tr\/index.php\/urun\/ahlaki-degerlerin-soyagaci\/"},"modified":"2026-04-16T02:01:59","modified_gmt":"2026-04-15T23:01:59","slug":"ahlaki-degerlerin-soyagaci","status":"publish","type":"product","link":"https:\/\/roveyayinevi.com.tr\/index.php\/urun\/ahlaki-degerlerin-soyagaci\/","title":{"rendered":"Ahlaki De\u011ferlerin Soya\u011fac\u0131"},"content":{"rendered":"<p>Mant\u0131k, ciddiyet, duygular \u00fczerinde hakimiyet, d\u00fc\u015f\u00fcnce ad\u0131 alt\u0131nda olup biten b\u00fct\u00fcn bu karanl\u0131k ili\u015fkiler yuma\u011f\u0131, insanl\u0131\u011f\u0131n sahip oldu\u011fu her \u015feyin en parlak \u00f6rnekleri: Ama ne kadar da y\u00fcksek bir bedel \u00f6dendi onlar i\u00e7in! <\/p>\n","protected":false},"excerpt":{"rendered":"<p>Mant\u0131k, ciddiyet, duygular \u00fczerinde hakimiyet, d\u00fc\u015f\u00fcnce ad\u0131 alt\u0131nda olup biten b\u00fct\u00fcn bu karanl\u0131k ili\u015fkiler yuma\u011f\u0131, insanl\u0131\u011f\u0131n sahip oldu\u011fu her \u015feyin en parlak \u00f6rnekleri: Ama ne kadar<span class=\"excerpt-hellip\"> [\u2026]<\/span><\/p>\n","protected":false},"featured_media":0,"template":"","meta":{"_monsterinsights_skip_tracking":false,"_monsterinsights_sitenote_active":false,"_monsterinsights_sitenote_note":"","_monsterinsights_sitenote_category":0},"product_brand":[],"product_cat":[15319,12388],"product_tag":[],"class_list":{"0":"post-691732","1":"product","2":"type-product","3":"status-publish","5":"product_cat-etik","6":"product_cat-felsefe","7":"pa_tur-kitap","8":"pa_yayinevi-oda-yayinlari","9":"pa_yazar-friedrich-wilhelm-nietzsche","11":"first","12":"instock","13":"sale","14":"shipping-taxable","15":"purchasable","16":"product-type-simple"},"_links":{"self":[{"href":"https:\/\/roveyayinevi.com.tr\/index.php\/wp-json\/wp\/v2\/product\/691732","targetHints":{"allow":["GET"]}}],"collection":[{"href":"https:\/\/roveyayinevi.com.tr\/index.php\/wp-json\/wp\/v2\/product"}],"about":[{"href":"https:\/\/roveyayinevi.com.tr\/index.php\/wp-json\/wp\/v2\/types\/product"}],"wp:attachment":[{"href":"https:\/\/roveyayinevi.com.tr\/index.php\/wp-json\/wp\/v2\/media?parent=691732"}],"wp:term":[{"taxonomy":"product_brand","embeddable":true,"href":"https:\/\/roveyayinevi.com.tr\/index.php\/wp-json\/wp\/v2\/product_brand?post=691732"},{"taxonomy":"product_cat","embeddable":true,"href":"https:\/\/roveyayinevi.com.tr\/index.php\/wp-json\/wp\/v2\/product_cat?post=691732"},{"taxonomy":"product_tag","embeddable":true,"href":"https:\/\/roveyayinevi.com.tr\/index.php\/wp-json\/wp\/v2\/product_tag?post=691732"}],"curies":[{"name":"wp","href":"https:\/\/api.w.org\/{rel}","templated":true}]}}