{"id":691729,"date":"2025-08-27T14:00:32","date_gmt":"2025-08-27T11:00:32","guid":{"rendered":"https:\/\/roveyayinevi.com.tr\/index.php\/urun\/gorsel-dusunme\/"},"modified":"2026-04-16T02:01:59","modified_gmt":"2026-04-15T23:01:59","slug":"gorsel-dusunme","status":"publish","type":"product","link":"https:\/\/roveyayinevi.com.tr\/index.php\/urun\/gorsel-dusunme\/","title":{"rendered":"G\u00f6rsel D\u00fc\u015f\u00fcnme"},"content":{"rendered":"<p>Bir klasik olan bu eseri farkl\u0131 k\u0131lan, alg\u0131 psikolojisinin temel baz\u0131 bulgular\u0131n\u0131 da kullanarak yerle\u015fik bir dogmaya kar\u015f\u0131 \u00e7\u0131km\u0131\u015f olmas\u0131d\u0131r: Bu dogmaya g\u00f6re g\u00f6z\u00fcm\u00fcz sadece bir duyu organ\u0131d\u0131r ve g\u00f6rme duyumuz ile b\u00fct\u00fcn yapt\u0131\u011f\u0131m\u0131z, daha sonra bunlar\u0131 i\u015fleyecek, de\u011ferlendirecek, bunlar \u00fczerine d\u00fc\u015f\u00fcnecek olan beynimiz i\u00e7in g\u00f6r\u00fcnt\u00fc verileri toplamakt\u0131r. Hem g\u00fcndelik yakla\u015f\u0131mlar\u0131m\u0131za hem de b\u00fct\u00fcn bir bilim ve felsefe tarihine damgas\u0131n\u0131 vurmu\u015f olan bu mekanik modelde, duyularla d\u00fc\u015f\u00fcnce birbirinden ayr\u0131l\u0131r, hatta kar\u015f\u0131 kar\u015f\u0131ya getirilir: Ak\u0131l taraf\u0131ndan i\u015flenmedik\u00e7e duyular yan\u0131lt\u0131c\u0131d\u0131r, g\u00fcvenilmezdir. Arnheim\u2019\u0131n tezi bu modelin g\u00fcd\u00fckl\u00fc\u011f\u00fcn\u00fc sergiliyor; d\u00fc\u015f\u00fcnmenin daha ilk anda g\u00f6rme ile birlikte olu\u015ftu\u011funu, d\u00fc\u015f\u00fcnmenin yap\u0131sal olarak neredeyse resimsel diyebilece\u011fimiz \u00f6l\u00e7\u00fcde g\u00f6rme duyumuza ba\u011fl\u0131 oldu\u011funu, insan\u0131n b\u00fct\u00fcn sanatsal ve bilimsel faaliyetlerinde problem \u00e7\u00f6zme anlam\u0131ndaki ger\u00e7ek d\u00fc\u015f\u00fcnme\u2019nin her zaman uzam\u0131n g\u00f6rsel alg\u0131lan\u0131\u015f\u0131 \u00fczerinden y\u00fcr\u00fcd\u00fc\u011f\u00fcn\u00fc savunuyor. \u00c7ocuk resimlerinden bilim tarihindeki k\u00e2inat tasavvurlar\u0131na kadar uzanan farkl\u0131 faaliyet alanlar\u0131ndan ta\u015f\u0131d\u0131\u011f\u0131 \u00f6rneklerle, nas\u0131l alg\u0131lad\u0131\u011f\u0131m\u0131z\u0131, d\u00fc\u015f\u00fcncelerimizin duyu ve alg\u0131lar\u0131m\u0131za ba\u011fl\u0131 olarak nas\u0131l bi\u00e7imlendi\u011fini anlatan Arnheim, g\u00f6rme duyusu ile d\u00fc\u015f\u00fcnme aras\u0131nda kurulmu\u015f sahte ikilikten kurtulman\u0131n bilim ve sanatlarda verimli a\u00e7\u0131l\u0131mlar getirece\u011fine i\u015faret ediyor. E\u011fitimde g\u00f6rselli\u011fin \u00f6nemini anlamaktan hayli uzak g\u00f6r\u00fcnen bizimkisi gibi bir k\u00fclt\u00fcrde bu anlat\u0131lanlar\u0131n bir \u00f6nemi olabilir mi? Cevap, \u00f6n\u00fcm\u00fczde. Resim e\u011fitimini bir hobi kertesinde ele almaktan vazge\u00e7mek, g\u00f6rsel e\u011fitimin sadece resim sanat\u0131yla ilgili olmad\u0131\u011f\u0131n\u0131, g\u00f6z\u00fcn e\u011fitilmesinin d\u00fc\u015f\u00fcncenin yarat\u0131c\u0131l\u0131\u011f\u0131n\u0131n geli\u015ftirilmesi demek oldu\u011funu, g\u00f6rselli\u011fin yaln\u0131zca sanatlarla de\u011fil, en az onun kadar fizik ve matematik bilimlerle de ilgili oldu\u011funu kavramak. \ufffcTan\u0131t\u0131m Metni<\/p>\n","protected":false},"excerpt":{"rendered":"<p>Bir klasik olan bu eseri farkl\u0131 k\u0131lan, alg\u0131 psikolojisinin temel baz\u0131 bulgular\u0131n\u0131 da kullanarak yerle\u015fik bir dogmaya kar\u015f\u0131 \u00e7\u0131km\u0131\u015f olmas\u0131d\u0131r: Bu dogmaya g\u00f6re g\u00f6z\u00fcm\u00fcz sadece bir<span class=\"excerpt-hellip\"> [\u2026]<\/span><\/p>\n","protected":false},"featured_media":0,"template":"","meta":{"_monsterinsights_skip_tracking":false,"_monsterinsights_sitenote_active":false,"_monsterinsights_sitenote_note":"","_monsterinsights_sitenote_category":0},"product_brand":[],"product_cat":[15733,12408],"product_tag":[],"class_list":{"0":"post-691729","1":"product","2":"type-product","3":"status-publish","5":"product_cat-resim","6":"product_cat-sanat","7":"pa_cilt-ciltsiz","8":"pa_tur-kitap","9":"pa_yayinevi-metis-yayinlari","10":"pa_yazar-rudolf-arnheim","12":"first","13":"instock","14":"sale","15":"shipping-taxable","16":"purchasable","17":"product-type-simple"},"_links":{"self":[{"href":"https:\/\/roveyayinevi.com.tr\/index.php\/wp-json\/wp\/v2\/product\/691729","targetHints":{"allow":["GET"]}}],"collection":[{"href":"https:\/\/roveyayinevi.com.tr\/index.php\/wp-json\/wp\/v2\/product"}],"about":[{"href":"https:\/\/roveyayinevi.com.tr\/index.php\/wp-json\/wp\/v2\/types\/product"}],"wp:attachment":[{"href":"https:\/\/roveyayinevi.com.tr\/index.php\/wp-json\/wp\/v2\/media?parent=691729"}],"wp:term":[{"taxonomy":"product_brand","embeddable":true,"href":"https:\/\/roveyayinevi.com.tr\/index.php\/wp-json\/wp\/v2\/product_brand?post=691729"},{"taxonomy":"product_cat","embeddable":true,"href":"https:\/\/roveyayinevi.com.tr\/index.php\/wp-json\/wp\/v2\/product_cat?post=691729"},{"taxonomy":"product_tag","embeddable":true,"href":"https:\/\/roveyayinevi.com.tr\/index.php\/wp-json\/wp\/v2\/product_tag?post=691729"}],"curies":[{"name":"wp","href":"https:\/\/api.w.org\/{rel}","templated":true}]}}