{"id":691728,"date":"2025-08-27T14:00:32","date_gmt":"2025-08-27T11:00:32","guid":{"rendered":"https:\/\/roveyayinevi.com.tr\/index.php\/urun\/cocukluk-delikanlilik-genclik\/"},"modified":"2026-04-16T02:00:58","modified_gmt":"2026-04-15T23:00:58","slug":"cocukluk-delikanlilik-genclik","status":"publish","type":"product","link":"https:\/\/roveyayinevi.com.tr\/index.php\/urun\/cocukluk-delikanlilik-genclik\/","title":{"rendered":"\u00c7ocukluk Delikanl\u0131l\u0131k Gen\u00e7lik"},"content":{"rendered":"<p>\u00c7ocukluk, Delikanl\u0131l\u0131k, Gen\u00e7lik  , bir \u00f6zya\u015fam \u00f6yk\u00fcs\u00fc de\u011fil, bir romand\u0131r. Ama geni\u015f \u00f6l\u00e7\u00fcde ger\u00e7eklere dayanan bir roman&#8230; <\/p>\n","protected":false},"excerpt":{"rendered":"<p>\u00c7ocukluk, Delikanl\u0131l\u0131k, Gen\u00e7lik , bir \u00f6zya\u015fam \u00f6yk\u00fcs\u00fc de\u011fil, bir romand\u0131r. Ama geni\u015f \u00f6l\u00e7\u00fcde ger\u00e7eklere dayanan bir roman&#8230;<\/p>\n","protected":false},"featured_media":0,"template":"","meta":{"_monsterinsights_skip_tracking":false,"_monsterinsights_sitenote_active":false,"_monsterinsights_sitenote_note":"","_monsterinsights_sitenote_category":0},"product_brand":[],"product_cat":[12291,13570],"product_tag":[],"class_list":{"0":"post-691728","1":"product","2":"type-product","3":"status-publish","5":"product_cat-edebiyat","6":"product_cat-rus-edebiyati","7":"pa_tur-kitap","8":"pa_yayinevi-oda-yayinlari","9":"pa_yazar-lev-nikolayevic-tolstoy","11":"first","12":"instock","13":"sale","14":"shipping-taxable","15":"purchasable","16":"product-type-simple"},"_links":{"self":[{"href":"https:\/\/roveyayinevi.com.tr\/index.php\/wp-json\/wp\/v2\/product\/691728","targetHints":{"allow":["GET"]}}],"collection":[{"href":"https:\/\/roveyayinevi.com.tr\/index.php\/wp-json\/wp\/v2\/product"}],"about":[{"href":"https:\/\/roveyayinevi.com.tr\/index.php\/wp-json\/wp\/v2\/types\/product"}],"wp:attachment":[{"href":"https:\/\/roveyayinevi.com.tr\/index.php\/wp-json\/wp\/v2\/media?parent=691728"}],"wp:term":[{"taxonomy":"product_brand","embeddable":true,"href":"https:\/\/roveyayinevi.com.tr\/index.php\/wp-json\/wp\/v2\/product_brand?post=691728"},{"taxonomy":"product_cat","embeddable":true,"href":"https:\/\/roveyayinevi.com.tr\/index.php\/wp-json\/wp\/v2\/product_cat?post=691728"},{"taxonomy":"product_tag","embeddable":true,"href":"https:\/\/roveyayinevi.com.tr\/index.php\/wp-json\/wp\/v2\/product_tag?post=691728"}],"curies":[{"name":"wp","href":"https:\/\/api.w.org\/{rel}","templated":true}]}}