{"id":691725,"date":"2025-08-27T14:00:31","date_gmt":"2025-08-27T11:00:31","guid":{"rendered":"https:\/\/roveyayinevi.com.tr\/index.php\/urun\/arkadas\/"},"modified":"2026-04-16T02:00:58","modified_gmt":"2026-04-15T23:00:58","slug":"arkadas","status":"publish","type":"product","link":"https:\/\/roveyayinevi.com.tr\/index.php\/urun\/arkadas\/","title":{"rendered":"Arkada\u015f"},"content":{"rendered":"<p>Gorki, Arkada\u015f\u2019ta, 19. y\u00fczy\u0131l ger\u00e7ek\u00e7ili\u011finin en olumlu geleneklerini ilerici bir romantizmle birle\u015ftirerek toplumsal mekanizma taraf\u0131ndan d\u0131\u015flanm\u0131\u015f serserileri konu alm\u0131\u015f; ger\u00e7ek\u00e7ili\u011fi ve insans\u0131 bir s\u0131cakl\u0131\u011f\u0131 \u00e7arp\u0131c\u0131 bir bi\u00e7imde kayna\u015ft\u0131rarak d\u00fcnya edebiyat\u0131nda yepyeni bir \u00e7\u0131\u011f\u0131r\u0131n \u00f6nc\u00fcs\u00fc olmu\u015ftur. Gen\u00e7 Gorki\u2019nin bu ger\u00e7ek\u00e7ili\u011finde yeni bir toplumsal bilincin uyanmas\u0131 ve insanca bir d\u00fczene duyulan ate\u015fli tutku t\u00fcm \u00e7arp\u0131c\u0131l\u0131\u011f\u0131yla yans\u0131r. Arkada\u015f, Gorki\u2019yi anlamak i\u00e7in mutlaka okunmas\u0131 gereken bir kitap! Okuyun! \ufffcTan\u0131t\u0131m Metni<\/p>\n","protected":false},"excerpt":{"rendered":"<p>Gorki, Arkada\u015f\u2019ta, 19. y\u00fczy\u0131l ger\u00e7ek\u00e7ili\u011finin en olumlu geleneklerini ilerici bir romantizmle birle\u015ftirerek toplumsal mekanizma taraf\u0131ndan d\u0131\u015flanm\u0131\u015f serserileri konu alm\u0131\u015f; ger\u00e7ek\u00e7ili\u011fi ve insans\u0131 bir s\u0131cakl\u0131\u011f\u0131 \u00e7arp\u0131c\u0131 bir<span class=\"excerpt-hellip\"> [\u2026]<\/span><\/p>\n","protected":false},"featured_media":0,"template":"","meta":{"_monsterinsights_skip_tracking":false,"_monsterinsights_sitenote_active":false,"_monsterinsights_sitenote_note":"","_monsterinsights_sitenote_category":0},"product_brand":[],"product_cat":[12291,13570],"product_tag":[],"class_list":{"0":"post-691725","1":"product","2":"type-product","3":"status-publish","5":"product_cat-edebiyat","6":"product_cat-rus-edebiyati","7":"pa_tur-kitap","8":"pa_yayinevi-oda-yayinlari","9":"pa_yazar-maksim-gorki","11":"first","12":"instock","13":"sale","14":"shipping-taxable","15":"purchasable","16":"product-type-simple"},"_links":{"self":[{"href":"https:\/\/roveyayinevi.com.tr\/index.php\/wp-json\/wp\/v2\/product\/691725","targetHints":{"allow":["GET"]}}],"collection":[{"href":"https:\/\/roveyayinevi.com.tr\/index.php\/wp-json\/wp\/v2\/product"}],"about":[{"href":"https:\/\/roveyayinevi.com.tr\/index.php\/wp-json\/wp\/v2\/types\/product"}],"wp:attachment":[{"href":"https:\/\/roveyayinevi.com.tr\/index.php\/wp-json\/wp\/v2\/media?parent=691725"}],"wp:term":[{"taxonomy":"product_brand","embeddable":true,"href":"https:\/\/roveyayinevi.com.tr\/index.php\/wp-json\/wp\/v2\/product_brand?post=691725"},{"taxonomy":"product_cat","embeddable":true,"href":"https:\/\/roveyayinevi.com.tr\/index.php\/wp-json\/wp\/v2\/product_cat?post=691725"},{"taxonomy":"product_tag","embeddable":true,"href":"https:\/\/roveyayinevi.com.tr\/index.php\/wp-json\/wp\/v2\/product_tag?post=691725"}],"curies":[{"name":"wp","href":"https:\/\/api.w.org\/{rel}","templated":true}]}}